{"id":6630,"date":"2025-10-16T12:02:01","date_gmt":"2025-10-16T09:02:01","guid":{"rendered":"http:\/\/www.arkaraf.com\/kitap\/proje-bizim-isimiz-ismail-yavas"},"modified":"2025-10-16T12:02:03","modified_gmt":"2025-10-16T09:02:03","slug":"proje-bizim-isimiz-ismail-yavas","status":"publish","type":"product","link":"http:\/\/www.arkaraf.com\/en\/kitap\/proje-bizim-isimiz-ismail-yavas","title":{"rendered":"Proje Bizim \u0130\u015fimiz &#8211; \u0130smail Yava\u015f"},"content":{"rendered":"<p>\u0130nsanl\u0131\u011f\u0131n yarat\u0131l\u0131\u015f\u0131ndan beri s\u00fcrekli m\u00fccadele i\u00e7inde olan iki cephe: K\u0131zlar ve erkekler.<\/p>\n<p>Ve bu cephelerin aras\u0131nda s\u00fcregelen sava\u015f\u0131 sonland\u0131rabilecek bir umut: Birbirine s\u0131ms\u0131k\u0131 sar\u0131lm\u0131\u015f \u00dc\u00e7 K\u0131zkarde\u015f.<\/p>\n<p>Amans\u0131z bir sava\u015f nas\u0131l biter? Alelade bir toprak par\u00e7as\u0131 yemye\u015fil bir Bar\u0131\u015f Bah\u00e7esi\u2019ne nas\u0131l d\u00f6n\u00fc\u015f\u00fcr?<\/p>\n<p>Bunlar\u0131n cevab\u0131 ve daha fazlas\u0131 elinde tuttu\u011fun bu kitab\u0131n sayfalar\u0131 i\u00e7inde gizli. Oku ve sen de taraf\u0131n\u0131 se\u00e7: Cephelerin birinde sava\u015f\u0131 s\u00fcrd\u00fcren bir komutan m\u0131s\u0131n yoksa bar\u0131\u015f\u0131 getirecek bir zeytin dal\u0131n\u0131 uzatan m\u0131?<\/p>","protected":false},"excerpt":{"rendered":"<p>\u0130nsanl\u0131\u011f\u0131n yarat\u0131l\u0131\u015f\u0131ndan beri s\u00fcrekli m\u00fccadele i\u00e7inde olan iki cephe: K\u0131zlar ve erkekler. Ve bu cephelerin aras\u0131nda s\u00fcregelen sava\u015f\u0131 sonland\u0131rabilecek bir umut: Birbirine s\u0131ms\u0131k\u0131 sar\u0131lm\u0131\u015f \u00dc\u00e7 K\u0131zkarde\u015f. Amans\u0131z bir sava\u015f nas\u0131l biter? Alelade bir toprak par\u00e7as\u0131 yemye\u015fil bir Bar\u0131\u015f Bah\u00e7esi\u2019ne nas\u0131l d\u00f6n\u00fc\u015f\u00fcr? Bunlar\u0131n cevab\u0131 ve daha fazlas\u0131 elinde tuttu\u011fun bu kitab\u0131n sayfalar\u0131 i\u00e7inde gizli. Oku ve [&hellip;]<\/p>\n","protected":false},"featured_media":6631,"comment_status":"closed","ping_status":"open","template":"","meta":{"inline_featured_image":false},"product_cat":[1019,1033],"product_tag":[],"class_list":{"0":"post-6630","1":"product","2":"type-product","3":"status-publish","4":"has-post-thumbnail","6":"product_cat-edebiyat","7":"product_cat-roman","8":"pa_boyut-135-x-195-cm","9":"pa_dil-turkce","10":"pa_sayfa-sayisi-1184","11":"pa_yayin-tarihi-4-28-2022","12":"pa_yazar-ismail-yavas","14":"first","15":"instock","16":"sale","17":"purchasable","18":"product-type-simple"},"_links":{"self":[{"href":"http:\/\/www.arkaraf.com\/en\/wp-json\/wp\/v2\/product\/6630","targetHints":{"allow":["GET"]}}],"collection":[{"href":"http:\/\/www.arkaraf.com\/en\/wp-json\/wp\/v2\/product"}],"about":[{"href":"http:\/\/www.arkaraf.com\/en\/wp-json\/wp\/v2\/types\/product"}],"replies":[{"embeddable":true,"href":"http:\/\/www.arkaraf.com\/en\/wp-json\/wp\/v2\/comments?post=6630"}],"wp:featuredmedia":[{"embeddable":true,"href":"http:\/\/www.arkaraf.com\/en\/wp-json\/wp\/v2\/media\/6631"}],"wp:attachment":[{"href":"http:\/\/www.arkaraf.com\/en\/wp-json\/wp\/v2\/media?parent=6630"}],"wp:term":[{"taxonomy":"product_cat","embeddable":true,"href":"http:\/\/www.arkaraf.com\/en\/wp-json\/wp\/v2\/product_cat?post=6630"},{"taxonomy":"product_tag","embeddable":true,"href":"http:\/\/www.arkaraf.com\/en\/wp-json\/wp\/v2\/product_tag?post=6630"}],"curies":[{"name":"wp","href":"https:\/\/api.w.org\/{rel}","templated":true}]}}