{"id":6628,"date":"2025-10-16T12:02:01","date_gmt":"2025-10-16T09:02:01","guid":{"rendered":"http:\/\/www.arkaraf.com\/kitap\/pasa-ben-sahika-etemoglu"},"modified":"2025-10-16T12:02:01","modified_gmt":"2025-10-16T09:02:01","slug":"pasa-ben-sahika-etemoglu","status":"publish","type":"product","link":"http:\/\/www.arkaraf.com\/en\/kitap\/pasa-ben-sahika-etemoglu","title":{"rendered":"Pa\u015fa Ben! &#8211; \u015eahika Etemo\u011flu"},"content":{"rendered":"<p>\u201cUmut; hi\u00e7 bitmeyen bahar mevsimidir. \u0130\u00e7ine kar da ya\u011far, f\u0131rt\u0131na da kopar ama \u00e7i\u00e7ekler hep a\u00e7ar.\u201d<\/p>\n<p>-Mevlana<\/p>","protected":false},"excerpt":{"rendered":"<p>\u201cUmut; hi\u00e7 bitmeyen bahar mevsimidir. \u0130\u00e7ine kar da ya\u011far, f\u0131rt\u0131na da kopar ama \u00e7i\u00e7ekler hep a\u00e7ar.\u201d -Mevlana<\/p>","protected":false},"featured_media":6629,"comment_status":"closed","ping_status":"open","template":"","meta":{"inline_featured_image":false},"product_cat":[1083,1019],"product_tag":[],"class_list":{"0":"post-6628","1":"product","2":"type-product","3":"status-publish","4":"has-post-thumbnail","6":"product_cat-ani","7":"product_cat-edebiyat","8":"pa_boyut-135-x-195-cm","9":"pa_dil-turkce","10":"pa_sayfa-sayisi-454","11":"pa_yayin-tarihi-4-28-2022","12":"pa_yazar-sahika-etemoglu","14":"first","15":"instock","16":"sale","17":"purchasable","18":"product-type-simple"},"_links":{"self":[{"href":"http:\/\/www.arkaraf.com\/en\/wp-json\/wp\/v2\/product\/6628","targetHints":{"allow":["GET"]}}],"collection":[{"href":"http:\/\/www.arkaraf.com\/en\/wp-json\/wp\/v2\/product"}],"about":[{"href":"http:\/\/www.arkaraf.com\/en\/wp-json\/wp\/v2\/types\/product"}],"replies":[{"embeddable":true,"href":"http:\/\/www.arkaraf.com\/en\/wp-json\/wp\/v2\/comments?post=6628"}],"wp:featuredmedia":[{"embeddable":true,"href":"http:\/\/www.arkaraf.com\/en\/wp-json\/wp\/v2\/media\/6629"}],"wp:attachment":[{"href":"http:\/\/www.arkaraf.com\/en\/wp-json\/wp\/v2\/media?parent=6628"}],"wp:term":[{"taxonomy":"product_cat","embeddable":true,"href":"http:\/\/www.arkaraf.com\/en\/wp-json\/wp\/v2\/product_cat?post=6628"},{"taxonomy":"product_tag","embeddable":true,"href":"http:\/\/www.arkaraf.com\/en\/wp-json\/wp\/v2\/product_tag?post=6628"}],"curies":[{"name":"wp","href":"https:\/\/api.w.org\/{rel}","templated":true}]}}