{"id":6588,"date":"2025-10-16T12:01:08","date_gmt":"2025-10-16T09:01:08","guid":{"rendered":"http:\/\/www.arkaraf.com\/kitap\/olumlu-dusunceler-abdullah-bayer"},"modified":"2025-10-16T12:01:19","modified_gmt":"2025-10-16T09:01:19","slug":"olumlu-dusunceler-abdullah-bayer","status":"publish","type":"product","link":"http:\/\/www.arkaraf.com\/en\/kitap\/olumlu-dusunceler-abdullah-bayer","title":{"rendered":"\u00d6l\u00fcml\u00fc D\u00fc\u015f\u00fcnceler &#8211; Abdullah Bayer"},"content":{"rendered":"<p>Tozlu raflarda kalmas\u0131n\u0131 istedi insan \u00f6l\u00fcm\u00fcn. Kimi hastas\u0131n\u0131 uzakla\u015ft\u0131rd\u0131 evinden, kimi ya\u015fl\u0131s\u0131n\u0131 huzur evine g\u00f6nderdi \u00f6l\u00fcme uzak olmak i\u00e7in. Sonra kabirleri ta\u015f\u0131d\u0131 \u015fehirlerin d\u0131\u015f\u0131na.<\/p>\n<p>Yan\u0131 ba\u015f\u0131ndan uzak olunca \u00f6l\u00fcm\u00fc hat\u0131rlatan her \u015fey, \u00f6lmeyecek sand\u0131 insan oysa hep \u00f6l\u00fcmd\u00fc bizimle sabahlayan.<\/p>","protected":false},"excerpt":{"rendered":"<p>Tozlu raflarda kalmas\u0131n\u0131 istedi insan \u00f6l\u00fcm\u00fcn. Kimi hastas\u0131n\u0131 uzakla\u015ft\u0131rd\u0131 evinden, kimi ya\u015fl\u0131s\u0131n\u0131 huzur evine g\u00f6nderdi \u00f6l\u00fcme uzak olmak i\u00e7in. Sonra kabirleri ta\u015f\u0131d\u0131 \u015fehirlerin d\u0131\u015f\u0131na. Yan\u0131 ba\u015f\u0131ndan uzak olunca \u00f6l\u00fcm\u00fc hat\u0131rlatan her \u015fey, \u00f6lmeyecek sand\u0131 insan oysa hep \u00f6l\u00fcmd\u00fc bizimle sabahlayan.<\/p>","protected":false},"featured_media":6589,"comment_status":"closed","ping_status":"open","template":"","meta":{"inline_featured_image":false},"product_cat":[1024,1019],"product_tag":[],"class_list":{"0":"post-6588","1":"product","2":"type-product","3":"status-publish","4":"has-post-thumbnail","6":"product_cat-deneme","7":"product_cat-edebiyat","8":"pa_boyut-13-x-195-cm","9":"pa_dil-turkce","10":"pa_sayfa-sayisi-370","11":"pa_yayin-tarihi-3-18-2022","12":"pa_yazar-abdullah-bayer","14":"first","15":"instock","16":"sale","17":"purchasable","18":"product-type-simple"},"_links":{"self":[{"href":"http:\/\/www.arkaraf.com\/en\/wp-json\/wp\/v2\/product\/6588","targetHints":{"allow":["GET"]}}],"collection":[{"href":"http:\/\/www.arkaraf.com\/en\/wp-json\/wp\/v2\/product"}],"about":[{"href":"http:\/\/www.arkaraf.com\/en\/wp-json\/wp\/v2\/types\/product"}],"replies":[{"embeddable":true,"href":"http:\/\/www.arkaraf.com\/en\/wp-json\/wp\/v2\/comments?post=6588"}],"wp:featuredmedia":[{"embeddable":true,"href":"http:\/\/www.arkaraf.com\/en\/wp-json\/wp\/v2\/media\/6589"}],"wp:attachment":[{"href":"http:\/\/www.arkaraf.com\/en\/wp-json\/wp\/v2\/media?parent=6588"}],"wp:term":[{"taxonomy":"product_cat","embeddable":true,"href":"http:\/\/www.arkaraf.com\/en\/wp-json\/wp\/v2\/product_cat?post=6588"},{"taxonomy":"product_tag","embeddable":true,"href":"http:\/\/www.arkaraf.com\/en\/wp-json\/wp\/v2\/product_tag?post=6588"}],"curies":[{"name":"wp","href":"https:\/\/api.w.org\/{rel}","templated":true}]}}