{"id":6580,"date":"2025-10-16T12:01:08","date_gmt":"2025-10-16T09:01:08","guid":{"rendered":"http:\/\/www.arkaraf.com\/kitap\/erikanin-gulu-yagmur-can"},"modified":"2025-10-16T12:01:08","modified_gmt":"2025-10-16T09:01:08","slug":"erikanin-gulu-yagmur-can","status":"publish","type":"product","link":"http:\/\/www.arkaraf.com\/en\/kitap\/erikanin-gulu-yagmur-can","title":{"rendered":"Erika&#8217;n\u0131n G\u00fcl\u00fc &#8211; Ya\u011fmur Can"},"content":{"rendered":"<p>G\u00fcne\u015fle bulut,<br \/>\nT\u0131pk\u0131 senle ben gibi.<br \/>\n\u015eimdi K\u0131z Kulesi izler<br \/>\ndalgalar\u0131n sessizli\u011finde beni&#8230;<br \/>\nMart\u0131lar bekler,<br \/>\n\u00c7i\u00e7ek\u00e7iler bekler,<br \/>\nBen beklerim<br \/>\nseni&#8230;<\/p>\n<p>Erika&#8217;n\u0131n G\u00fcl\u00fc&#8217;n\u00fc okurken Sare ve Yunus&#8217;la tan\u0131\u015facaks\u0131n\u0131z. Bu zamanda, ilk bulu\u015fman\u0131n a\u015fk say\u0131ld\u0131\u011f\u0131 d\u00f6nemde a\u015fk\u0131n saf, temiz haline \u015fahit olacaks\u0131n\u0131z. Belki bu zamanda b\u00f6yle a\u015fk m\u0131 olur diyeceksiniz. Sare&#8217;nin emin ad\u0131mlarla imanla, inan\u00e7la varolu\u015funu, dikenli yollarda y\u00fcre\u011fi, avu\u00e7lar\u0131 kanasa da nas\u0131l sava\u015ft\u0131\u011f\u0131n\u0131, Erika\u2019n\u0131n G\u00fcl\u00fc misali y\u0131k\u0131lmadan iyi bir insan olma ve insanlara faydal\u0131 olma \u00e7abas\u0131n\u0131 okuyacaks\u0131n\u0131z.<\/p>\n<p>Erika&#8217;n\u0131n G\u00fcl\u00fc yeniden dirili\u015fin ad\u0131d\u0131r, yeni nesillere umut olma hik\u00e2yesidir&#8230;<br \/>\nAld\u0131\u011f\u0131n\u0131z her kitab\u0131n geliri ilim \u00f6\u011frencilerimize hediyemizdir.<br \/>\nSeveniniz \u00e7ok olsun ve y\u00fcrekten olsun.<\/p>","protected":false},"excerpt":{"rendered":"<p>G\u00fcne\u015fle bulut, T\u0131pk\u0131 senle ben gibi. \u015eimdi K\u0131z Kulesi izler dalgalar\u0131n sessizli\u011finde beni&#8230; Mart\u0131lar bekler, \u00c7i\u00e7ek\u00e7iler bekler, Ben beklerim seni&#8230; Erika&#8217;n\u0131n G\u00fcl\u00fc&#8217;n\u00fc okurken Sare ve Yunus&#8217;la tan\u0131\u015facaks\u0131n\u0131z. Bu zamanda, ilk bulu\u015fman\u0131n a\u015fk say\u0131ld\u0131\u011f\u0131 d\u00f6nemde a\u015fk\u0131n saf, temiz haline \u015fahit olacaks\u0131n\u0131z. Belki bu zamanda b\u00f6yle a\u015fk m\u0131 olur diyeceksiniz. Sare&#8217;nin emin ad\u0131mlarla imanla, inan\u00e7la varolu\u015funu, dikenli [&hellip;]<\/p>\n","protected":false},"featured_media":6581,"comment_status":"closed","ping_status":"open","template":"","meta":{"inline_featured_image":false},"product_cat":[1019,1033],"product_tag":[],"class_list":{"0":"post-6580","1":"product","2":"type-product","3":"status-publish","4":"has-post-thumbnail","6":"product_cat-edebiyat","7":"product_cat-roman","8":"pa_boyut-13-x-195-cm","9":"pa_dil-turkce","10":"pa_sayfa-sayisi-868","11":"pa_yayin-tarihi-4-8-2022","12":"pa_yazar-yagmur-can","14":"first","15":"instock","16":"sale","17":"purchasable","18":"product-type-simple"},"_links":{"self":[{"href":"http:\/\/www.arkaraf.com\/en\/wp-json\/wp\/v2\/product\/6580","targetHints":{"allow":["GET"]}}],"collection":[{"href":"http:\/\/www.arkaraf.com\/en\/wp-json\/wp\/v2\/product"}],"about":[{"href":"http:\/\/www.arkaraf.com\/en\/wp-json\/wp\/v2\/types\/product"}],"replies":[{"embeddable":true,"href":"http:\/\/www.arkaraf.com\/en\/wp-json\/wp\/v2\/comments?post=6580"}],"wp:featuredmedia":[{"embeddable":true,"href":"http:\/\/www.arkaraf.com\/en\/wp-json\/wp\/v2\/media\/6581"}],"wp:attachment":[{"href":"http:\/\/www.arkaraf.com\/en\/wp-json\/wp\/v2\/media?parent=6580"}],"wp:term":[{"taxonomy":"product_cat","embeddable":true,"href":"http:\/\/www.arkaraf.com\/en\/wp-json\/wp\/v2\/product_cat?post=6580"},{"taxonomy":"product_tag","embeddable":true,"href":"http:\/\/www.arkaraf.com\/en\/wp-json\/wp\/v2\/product_tag?post=6580"}],"curies":[{"name":"wp","href":"https:\/\/api.w.org\/{rel}","templated":true}]}}