{"id":6574,"date":"2025-10-16T12:00:18","date_gmt":"2025-10-16T09:00:18","guid":{"rendered":"http:\/\/www.arkaraf.com\/kitap\/dusperisan-sedat-demir"},"modified":"2025-10-16T12:01:00","modified_gmt":"2025-10-16T09:01:00","slug":"dusperisan-sedat-demir","status":"publish","type":"product","link":"http:\/\/www.arkaraf.com\/en\/kitap\/dusperisan-sedat-demir","title":{"rendered":"D\u00fc\u015fperi\u015fan &#8211; Sedat Demir"},"content":{"rendered":"","protected":false},"excerpt":{"rendered":"<p>\u2026 Anne bak<br \/>\n\u015eu u\u00e7an bir kelebek olmal\u0131<br \/>\n\u00d6mr\u00fc \u00f6mr\u00fcme e\u015fde\u011fer,<br \/>\nUzatsa \u015fimdi kanad\u0131n\u0131<br \/>\nKanad\u0131, kanad\u0131ma de\u011fer.<\/p>","protected":false},"featured_media":6575,"comment_status":"closed","ping_status":"open","template":"","meta":{"inline_featured_image":false},"product_cat":[1020,1019],"product_tag":[],"class_list":{"0":"post-6574","1":"product","2":"type-product","3":"status-publish","4":"has-post-thumbnail","6":"product_cat-siir","7":"product_cat-edebiyat","8":"pa_boyut-13-x-195-cm","9":"pa_dil-turkce","10":"pa_sayfa-sayisi-330","11":"pa_yayin-tarihi-10-24-2022","12":"pa_yazar-sedat-demir","14":"first","15":"instock","16":"sale","17":"purchasable","18":"product-type-simple"},"_links":{"self":[{"href":"http:\/\/www.arkaraf.com\/en\/wp-json\/wp\/v2\/product\/6574","targetHints":{"allow":["GET"]}}],"collection":[{"href":"http:\/\/www.arkaraf.com\/en\/wp-json\/wp\/v2\/product"}],"about":[{"href":"http:\/\/www.arkaraf.com\/en\/wp-json\/wp\/v2\/types\/product"}],"replies":[{"embeddable":true,"href":"http:\/\/www.arkaraf.com\/en\/wp-json\/wp\/v2\/comments?post=6574"}],"wp:featuredmedia":[{"embeddable":true,"href":"http:\/\/www.arkaraf.com\/en\/wp-json\/wp\/v2\/media\/6575"}],"wp:attachment":[{"href":"http:\/\/www.arkaraf.com\/en\/wp-json\/wp\/v2\/media?parent=6574"}],"wp:term":[{"taxonomy":"product_cat","embeddable":true,"href":"http:\/\/www.arkaraf.com\/en\/wp-json\/wp\/v2\/product_cat?post=6574"},{"taxonomy":"product_tag","embeddable":true,"href":"http:\/\/www.arkaraf.com\/en\/wp-json\/wp\/v2\/product_tag?post=6574"}],"curies":[{"name":"wp","href":"https:\/\/api.w.org\/{rel}","templated":true}]}}