{"id":6568,"date":"2025-10-16T12:00:18","date_gmt":"2025-10-16T09:00:18","guid":{"rendered":"http:\/\/www.arkaraf.com\/kitap\/darbenin-iki-yuzu-bulent-gul"},"modified":"2025-10-16T12:00:52","modified_gmt":"2025-10-16T09:00:52","slug":"darbenin-iki-yuzu-bulent-gul","status":"publish","type":"product","link":"http:\/\/www.arkaraf.com\/en\/kitap\/darbenin-iki-yuzu-bulent-gul","title":{"rendered":"Darbenin \u0130ki Y\u00fcz\u00fc &#8211; B\u00fclent G\u00fcl"},"content":{"rendered":"<div class=\"comment-container\">\n<div class=\"action-comment can-view-video markeddown js-comment\" dir=\"auto\">\n<div class=\"current-comment js-friendly-links js-open-card\">\n<p>Naziler&#8230;<\/p>\n<p>Sosyal demokratlar\u0131 almaya geldiklerinde sesimi \u00e7\u0131karmad\u0131m \u00e7\u00fcnk\u00fc ben sosyalist de\u011fildim.<br \/>\nSendikac\u0131lar\u0131 almaya geldiklerinde sesimi \u00e7\u0131karmad\u0131m \u00e7\u00fcnk\u00fc sendikac\u0131 da de\u011fildim.<br \/>\nYahudileri almaya geldiklerinde de sesimi \u00e7\u0131karmad\u0131m \u00e7\u00fcnk\u00fc ben Yahudi de de\u011fildim.<br \/>\nBeni almaya geldiklerinde sesimi duyuracak kimse kalmam\u0131\u015ft\u0131.<\/p>\n<p>&#8211; Martin Niem\u00f6ller<\/p>\n<\/div>\n<\/div>\n<\/div>","protected":false},"excerpt":{"rendered":"<p>Naziler&#8230; Sosyal demokratlar\u0131 almaya geldiklerinde sesimi \u00e7\u0131karmad\u0131m \u00e7\u00fcnk\u00fc ben sosyalist de\u011fildim. Sendikac\u0131lar\u0131 almaya geldiklerinde sesimi \u00e7\u0131karmad\u0131m \u00e7\u00fcnk\u00fc sendikac\u0131 da de\u011fildim. Yahudileri almaya geldiklerinde de sesimi \u00e7\u0131karmad\u0131m \u00e7\u00fcnk\u00fc ben Yahudi de de\u011fildim. Beni almaya geldiklerinde sesimi duyuracak kimse kalmam\u0131\u015ft\u0131. &#8211; Martin Niem\u00f6ller<\/p>","protected":false},"featured_media":6569,"comment_status":"closed","ping_status":"open","template":"","meta":{"inline_featured_image":false},"product_cat":[1024,1019],"product_tag":[],"class_list":{"0":"post-6568","1":"product","2":"type-product","3":"status-publish","4":"has-post-thumbnail","6":"product_cat-deneme","7":"product_cat-edebiyat","8":"pa_boyut-135-x-195-cm","9":"pa_dil-turkce","10":"pa_sayfa-sayisi-603","11":"pa_yayin-tarihi-1-10-2022","12":"pa_yazar-bulent-gul","14":"first","15":"instock","16":"sale","17":"purchasable","18":"product-type-simple"},"_links":{"self":[{"href":"http:\/\/www.arkaraf.com\/en\/wp-json\/wp\/v2\/product\/6568","targetHints":{"allow":["GET"]}}],"collection":[{"href":"http:\/\/www.arkaraf.com\/en\/wp-json\/wp\/v2\/product"}],"about":[{"href":"http:\/\/www.arkaraf.com\/en\/wp-json\/wp\/v2\/types\/product"}],"replies":[{"embeddable":true,"href":"http:\/\/www.arkaraf.com\/en\/wp-json\/wp\/v2\/comments?post=6568"}],"wp:featuredmedia":[{"embeddable":true,"href":"http:\/\/www.arkaraf.com\/en\/wp-json\/wp\/v2\/media\/6569"}],"wp:attachment":[{"href":"http:\/\/www.arkaraf.com\/en\/wp-json\/wp\/v2\/media?parent=6568"}],"wp:term":[{"taxonomy":"product_cat","embeddable":true,"href":"http:\/\/www.arkaraf.com\/en\/wp-json\/wp\/v2\/product_cat?post=6568"},{"taxonomy":"product_tag","embeddable":true,"href":"http:\/\/www.arkaraf.com\/en\/wp-json\/wp\/v2\/product_tag?post=6568"}],"curies":[{"name":"wp","href":"https:\/\/api.w.org\/{rel}","templated":true}]}}