{"id":6566,"date":"2025-10-16T12:00:18","date_gmt":"2025-10-16T09:00:18","guid":{"rendered":"http:\/\/www.arkaraf.com\/kitap\/sira-disi-bir-organ-nakli-seruveni-omrume-omur-kattin-cocuk-veysal-kaya"},"modified":"2025-10-16T12:00:50","modified_gmt":"2025-10-16T09:00:50","slug":"sira-disi-bir-organ-nakli-seruveni-omrume-omur-kattin-cocuk-veysal-kaya","status":"publish","type":"product","link":"http:\/\/www.arkaraf.com\/en\/kitap\/sira-disi-bir-organ-nakli-seruveni-omrume-omur-kattin-cocuk-veysal-kaya","title":{"rendered":"S\u0131ra D\u0131\u015f\u0131 Bir Organ Nakli Ser\u00fcveni &#8211; \u00d6mr\u00fcme \u00d6m\u00fcr Katt\u0131n \u00c7ocuk &#8211; Veysal Kaya"},"content":{"rendered":"<p>Tahlilleri eline alan doktor, ba\u015ftan sona dikkatlice inceledikten sonra tekrar g\u00f6zden ge\u00e7irdi. Bir anda kafay\u0131 kald\u0131rd\u0131. Hafif geriye yasland\u0131. G\u00f6zl\u00fc\u011f\u00fcn\u00fc eline al\u0131p g\u00f6zlerini g\u00f6zlerime dikti. Ben tam kar\u015f\u0131s\u0131nda ayakta sonucu \u00f6\u011frenip oradan da ka\u00e7acakm\u0131\u015f gibi haz\u0131r bir \u015fekilde bekliyorken, doktor hala bana bak\u0131yordu. Ben \u015fa\u015f\u0131rd\u0131m. Doktor bak\u0131yor, ben de ona bak\u0131yorum\u2026 Sonra g\u00f6zlerimi yere do\u011fru d\u00fc\u015f\u00fcrd\u00fcm. Bir anlam veremedi\u011fim bak\u0131\u015flard\u0131 bunlar ve ister istemez tedirgin oldum.<\/p>\n<p>Bu an\u0131lar\u0131m\u0131 yazmam\u0131n, en b\u00fcy\u00fck sebebi: Koca koca profes\u00f6rlerin, uzman doktorlar\u0131n bizi tedavi etmenin, bizim ya\u015fama tutunmam\u0131z i\u00e7in verdikleri onca emeklerini, \u00e7abalar\u0131n\u0131, bir umursamaz doktorun, dikkatsiz bir hasta bak\u0131c\u0131n\u0131n veya hem\u015firenin, verilen onca emekleri bo\u015fa \u00e7\u0131karmalar\u0131 veya bir hastay\u0131 \u00f6mr\u00fc boyunca sakat, yar\u0131m b\u0131rakmalar\u0131d\u0131r.<\/p>","protected":false},"excerpt":{"rendered":"<p>Tahlilleri eline alan doktor, ba\u015ftan sona dikkatlice inceledikten sonra tekrar g\u00f6zden ge\u00e7irdi. Bir anda kafay\u0131 kald\u0131rd\u0131. Hafif geriye yasland\u0131. G\u00f6zl\u00fc\u011f\u00fcn\u00fc eline al\u0131p g\u00f6zlerini g\u00f6zlerime dikti. Ben tam kar\u015f\u0131s\u0131nda ayakta sonucu \u00f6\u011frenip oradan da ka\u00e7acakm\u0131\u015f gibi haz\u0131r bir \u015fekilde bekliyorken, doktor hala bana bak\u0131yordu. Ben \u015fa\u015f\u0131rd\u0131m. Doktor bak\u0131yor, ben de ona bak\u0131yorum\u2026 Sonra g\u00f6zlerimi yere do\u011fru [&hellip;]<\/p>\n","protected":false},"featured_media":6567,"comment_status":"closed","ping_status":"open","template":"","meta":{"inline_featured_image":false},"product_cat":[1083,1019],"product_tag":[],"class_list":{"0":"post-6566","1":"product","2":"type-product","3":"status-publish","4":"has-post-thumbnail","6":"product_cat-ani","7":"product_cat-edebiyat","8":"pa_boyut-13-x-195-cm","9":"pa_dil-turkce","10":"pa_sayfa-sayisi-1334","11":"pa_yayin-tarihi-1-6-2022","12":"pa_yazar-veysal-kaya","14":"first","15":"instock","16":"sale","17":"purchasable","18":"product-type-simple"},"_links":{"self":[{"href":"http:\/\/www.arkaraf.com\/en\/wp-json\/wp\/v2\/product\/6566","targetHints":{"allow":["GET"]}}],"collection":[{"href":"http:\/\/www.arkaraf.com\/en\/wp-json\/wp\/v2\/product"}],"about":[{"href":"http:\/\/www.arkaraf.com\/en\/wp-json\/wp\/v2\/types\/product"}],"replies":[{"embeddable":true,"href":"http:\/\/www.arkaraf.com\/en\/wp-json\/wp\/v2\/comments?post=6566"}],"wp:featuredmedia":[{"embeddable":true,"href":"http:\/\/www.arkaraf.com\/en\/wp-json\/wp\/v2\/media\/6567"}],"wp:attachment":[{"href":"http:\/\/www.arkaraf.com\/en\/wp-json\/wp\/v2\/media?parent=6566"}],"wp:term":[{"taxonomy":"product_cat","embeddable":true,"href":"http:\/\/www.arkaraf.com\/en\/wp-json\/wp\/v2\/product_cat?post=6566"},{"taxonomy":"product_tag","embeddable":true,"href":"http:\/\/www.arkaraf.com\/en\/wp-json\/wp\/v2\/product_tag?post=6566"}],"curies":[{"name":"wp","href":"https:\/\/api.w.org\/{rel}","templated":true}]}}