{"id":6564,"date":"2025-10-16T12:00:18","date_gmt":"2025-10-16T09:00:18","guid":{"rendered":"http:\/\/www.arkaraf.com\/kitap\/melce-bir-adamin-altmis-dakikasi-ismail-cakmak"},"modified":"2025-10-16T12:00:47","modified_gmt":"2025-10-16T09:00:47","slug":"melce-bir-adamin-altmis-dakikasi-ismail-cakmak","status":"publish","type":"product","link":"http:\/\/www.arkaraf.com\/en\/kitap\/melce-bir-adamin-altmis-dakikasi-ismail-cakmak","title":{"rendered":"Melce &#8211; Bir Adam\u0131n Altm\u0131\u015f Dakikas\u0131 &#8211; \u0130smail \u00c7akmak"},"content":{"rendered":"<p>Ya\u015f otuz be\u015f, Dante gibi ortas\u0131nda de\u011filim \u00f6mr\u00fcn. A\u015fk da kader co\u011frafya gibi. Kutsal metinlerin \u00f6l\u00fcm naralar\u0131 alt\u0131nda sana s\u0131\u011f\u0131nd\u0131m var olmak i\u00e7in. Bilemedim ki varl\u0131k koca bir yoklu\u011fa hasretmi\u015f. Bir kitaba gizledim resmini, sensizli\u011fin kemendini dolad\u0131m boynuma. Yan\u0131na uzand\u0131m, konu\u015ftu\u011fun her kelime akl\u0131mda, an\u0131lar\u0131n hat\u0131r\u0131na.<\/p>\n<p>G\u00f6zlen galebe \u00e7al\u0131yordu g\u00fcne\u015fe.<\/p>","protected":false},"excerpt":{"rendered":"<p>Ya\u015f otuz be\u015f, Dante gibi ortas\u0131nda de\u011filim \u00f6mr\u00fcn. A\u015fk da kader co\u011frafya gibi. Kutsal metinlerin \u00f6l\u00fcm naralar\u0131 alt\u0131nda sana s\u0131\u011f\u0131nd\u0131m var olmak i\u00e7in. Bilemedim ki varl\u0131k koca bir yoklu\u011fa hasretmi\u015f. Bir kitaba gizledim resmini, sensizli\u011fin kemendini dolad\u0131m boynuma. Yan\u0131na uzand\u0131m, konu\u015ftu\u011fun her kelime akl\u0131mda, an\u0131lar\u0131n hat\u0131r\u0131na. G\u00f6zlen galebe \u00e7al\u0131yordu g\u00fcne\u015fe.<\/p>","protected":false},"featured_media":6565,"comment_status":"closed","ping_status":"open","template":"","meta":{"inline_featured_image":false},"product_cat":[1024,1019],"product_tag":[],"class_list":{"0":"post-6564","1":"product","2":"type-product","3":"status-publish","4":"has-post-thumbnail","6":"product_cat-deneme","7":"product_cat-edebiyat","8":"pa_boyut-13-x-195-cm","9":"pa_dil-turkce","10":"pa_sayfa-sayisi-1332","11":"pa_yayin-tarihi-1-6-2022","12":"pa_yazar-ismail-cakmak","14":"first","15":"instock","16":"sale","17":"purchasable","18":"product-type-simple"},"_links":{"self":[{"href":"http:\/\/www.arkaraf.com\/en\/wp-json\/wp\/v2\/product\/6564","targetHints":{"allow":["GET"]}}],"collection":[{"href":"http:\/\/www.arkaraf.com\/en\/wp-json\/wp\/v2\/product"}],"about":[{"href":"http:\/\/www.arkaraf.com\/en\/wp-json\/wp\/v2\/types\/product"}],"replies":[{"embeddable":true,"href":"http:\/\/www.arkaraf.com\/en\/wp-json\/wp\/v2\/comments?post=6564"}],"wp:featuredmedia":[{"embeddable":true,"href":"http:\/\/www.arkaraf.com\/en\/wp-json\/wp\/v2\/media\/6565"}],"wp:attachment":[{"href":"http:\/\/www.arkaraf.com\/en\/wp-json\/wp\/v2\/media?parent=6564"}],"wp:term":[{"taxonomy":"product_cat","embeddable":true,"href":"http:\/\/www.arkaraf.com\/en\/wp-json\/wp\/v2\/product_cat?post=6564"},{"taxonomy":"product_tag","embeddable":true,"href":"http:\/\/www.arkaraf.com\/en\/wp-json\/wp\/v2\/product_tag?post=6564"}],"curies":[{"name":"wp","href":"https:\/\/api.w.org\/{rel}","templated":true}]}}