{"id":6548,"date":"2025-10-16T12:00:18","date_gmt":"2025-10-16T09:00:18","guid":{"rendered":"http:\/\/www.arkaraf.com\/kitap\/yudum-mevlut-salap"},"modified":"2025-10-16T12:00:28","modified_gmt":"2025-10-16T09:00:28","slug":"yudum-mevlut-salap","status":"publish","type":"product","link":"http:\/\/www.arkaraf.com\/en\/kitap\/yudum-mevlut-salap","title":{"rendered":"Yudum &#8211; Mevl\u00fct \u015ealap"},"content":{"rendered":"<p>Yery\u00fcz\u00fcndeki en k\u00fc\u00e7\u00fck \u015feylerde<br \/>\nKocaman sevdim seni<br \/>\nMesela<br \/>\nBir kar par\u00e7as\u0131nda<br \/>\nYa\u011fmur damlas\u0131nda<br \/>\nMinik bir esintide<br \/>\nKum tanesinde<br \/>\nSer\u00e7enin m\u0131r\u0131ldan\u0131\u015f\u0131nda<br \/>\nKar\u0131ncan\u0131n y\u00fcr\u00fcy\u00fc\u015f\u00fcnde<br \/>\nG\u00fcne\u015fin \u0131\u015f\u0131lt\u0131s\u0131nda<br \/>\nSevdim seni\u2026<\/p>","protected":false},"excerpt":{"rendered":"<p>Yery\u00fcz\u00fcndeki en k\u00fc\u00e7\u00fck \u015feylerde Kocaman sevdim seni Mesela Bir kar par\u00e7as\u0131nda Ya\u011fmur damlas\u0131nda Minik bir esintide Kum tanesinde Ser\u00e7enin m\u0131r\u0131ldan\u0131\u015f\u0131nda Kar\u0131ncan\u0131n y\u00fcr\u00fcy\u00fc\u015f\u00fcnde G\u00fcne\u015fin \u0131\u015f\u0131lt\u0131s\u0131nda Sevdim seni\u2026<\/p>","protected":false},"featured_media":6549,"comment_status":"closed","ping_status":"open","template":"","meta":{"inline_featured_image":false},"product_cat":[1020,1019],"product_tag":[],"class_list":{"0":"post-6548","1":"product","2":"type-product","3":"status-publish","4":"has-post-thumbnail","6":"product_cat-siir","7":"product_cat-edebiyat","8":"pa_boyut-13-x-195-cm","9":"pa_dil-turkce","10":"pa_sayfa-sayisi-1319","11":"pa_yayin-tarihi-11-15-2021","12":"pa_yazar-mevlut-salap","14":"first","15":"instock","16":"sale","17":"purchasable","18":"product-type-simple"},"_links":{"self":[{"href":"http:\/\/www.arkaraf.com\/en\/wp-json\/wp\/v2\/product\/6548","targetHints":{"allow":["GET"]}}],"collection":[{"href":"http:\/\/www.arkaraf.com\/en\/wp-json\/wp\/v2\/product"}],"about":[{"href":"http:\/\/www.arkaraf.com\/en\/wp-json\/wp\/v2\/types\/product"}],"replies":[{"embeddable":true,"href":"http:\/\/www.arkaraf.com\/en\/wp-json\/wp\/v2\/comments?post=6548"}],"wp:featuredmedia":[{"embeddable":true,"href":"http:\/\/www.arkaraf.com\/en\/wp-json\/wp\/v2\/media\/6549"}],"wp:attachment":[{"href":"http:\/\/www.arkaraf.com\/en\/wp-json\/wp\/v2\/media?parent=6548"}],"wp:term":[{"taxonomy":"product_cat","embeddable":true,"href":"http:\/\/www.arkaraf.com\/en\/wp-json\/wp\/v2\/product_cat?post=6548"},{"taxonomy":"product_tag","embeddable":true,"href":"http:\/\/www.arkaraf.com\/en\/wp-json\/wp\/v2\/product_tag?post=6548"}],"curies":[{"name":"wp","href":"https:\/\/api.w.org\/{rel}","templated":true}]}}