{"id":6546,"date":"2025-10-16T12:00:18","date_gmt":"2025-10-16T09:00:18","guid":{"rendered":"http:\/\/www.arkaraf.com\/kitap\/ayna-gokhan-payir"},"modified":"2025-10-16T12:00:26","modified_gmt":"2025-10-16T09:00:26","slug":"ayna-gokhan-payir","status":"publish","type":"product","link":"http:\/\/www.arkaraf.com\/en\/kitap\/ayna-gokhan-payir","title":{"rendered":"Ayna &#8211; G\u00f6khan Pay\u0131r"},"content":{"rendered":"<p>Ya\u015fam\u0131 biz se\u00e7medik, ona maruz kald\u0131k, fakat onu kendimiz se\u00e7mi\u015fiz gibi ya\u015f\u0131yoruz. \u00d6l\u00fcm\u00fc de biz se\u00e7meyece\u011fiz. Bizim i\u00e7in ya\u015fam ile \u00f6l\u00fcm aras\u0131ndaki en b\u00fcy\u00fck fark, ya\u015famdan \u00f6nce var olmak \u00fczerine d\u00fc\u015f\u00fcnemezken, ya\u015famdayken yok olmak \u00fczerine derin sanc\u0131lar ya\u015f\u0131yoruz. En az\u0131ndan bir k\u0131sm\u0131m\u0131z.<\/p>","protected":false},"excerpt":{"rendered":"<p>Ya\u015fam\u0131 biz se\u00e7medik, ona maruz kald\u0131k, fakat onu kendimiz se\u00e7mi\u015fiz gibi ya\u015f\u0131yoruz. \u00d6l\u00fcm\u00fc de biz se\u00e7meyece\u011fiz. Bizim i\u00e7in ya\u015fam ile \u00f6l\u00fcm aras\u0131ndaki en b\u00fcy\u00fck fark, ya\u015famdan \u00f6nce var olmak \u00fczerine d\u00fc\u015f\u00fcnemezken, ya\u015famdayken yok olmak \u00fczerine derin sanc\u0131lar ya\u015f\u0131yoruz. En az\u0131ndan bir k\u0131sm\u0131m\u0131z.<\/p>","protected":false},"featured_media":6547,"comment_status":"closed","ping_status":"open","template":"","meta":{"inline_featured_image":false},"product_cat":[1019,1033],"product_tag":[],"class_list":{"0":"post-6546","1":"product","2":"type-product","3":"status-publish","4":"has-post-thumbnail","6":"product_cat-edebiyat","7":"product_cat-roman","8":"pa_boyut-135-x-195-cm","9":"pa_dil-turkce","10":"pa_sayfa-sayisi-669","11":"pa_yayin-tarihi-8-9-2024","12":"pa_yazar-gokhan-payir","14":"first","15":"instock","16":"sale","17":"purchasable","18":"product-type-simple"},"_links":{"self":[{"href":"http:\/\/www.arkaraf.com\/en\/wp-json\/wp\/v2\/product\/6546","targetHints":{"allow":["GET"]}}],"collection":[{"href":"http:\/\/www.arkaraf.com\/en\/wp-json\/wp\/v2\/product"}],"about":[{"href":"http:\/\/www.arkaraf.com\/en\/wp-json\/wp\/v2\/types\/product"}],"replies":[{"embeddable":true,"href":"http:\/\/www.arkaraf.com\/en\/wp-json\/wp\/v2\/comments?post=6546"}],"wp:featuredmedia":[{"embeddable":true,"href":"http:\/\/www.arkaraf.com\/en\/wp-json\/wp\/v2\/media\/6547"}],"wp:attachment":[{"href":"http:\/\/www.arkaraf.com\/en\/wp-json\/wp\/v2\/media?parent=6546"}],"wp:term":[{"taxonomy":"product_cat","embeddable":true,"href":"http:\/\/www.arkaraf.com\/en\/wp-json\/wp\/v2\/product_cat?post=6546"},{"taxonomy":"product_tag","embeddable":true,"href":"http:\/\/www.arkaraf.com\/en\/wp-json\/wp\/v2\/product_tag?post=6546"}],"curies":[{"name":"wp","href":"https:\/\/api.w.org\/{rel}","templated":true}]}}