{"id":6544,"date":"2025-10-16T12:00:18","date_gmt":"2025-10-16T09:00:18","guid":{"rendered":"http:\/\/www.arkaraf.com\/kitap\/dipsiz-kuyu-dila-yildirim"},"modified":"2025-10-16T12:00:23","modified_gmt":"2025-10-16T09:00:23","slug":"dipsiz-kuyu-dila-yildirim","status":"publish","type":"product","link":"http:\/\/www.arkaraf.com\/en\/kitap\/dipsiz-kuyu-dila-yildirim","title":{"rendered":"Dipsiz Kuyu &#8211; Dila Y\u0131ld\u0131r\u0131m"},"content":{"rendered":"","protected":false},"excerpt":{"rendered":"<p>Bir a\u011fac\u0131n dallar\u0131 gibiydi hayat.<br \/>\nBen hangi yolu se\u00e7sem ba\u015fka ba\u015fka \u015feyler \u00e7\u0131kacakt\u0131.<br \/>\nHer zaman\u0131 geri sar\u0131p d\u00fczeltmeye \u00e7al\u0131\u015ft\u0131\u011f\u0131mda yeni yeni benler yaratacak ve hi\u00e7 birinden memnun olmayacakt\u0131m.<br \/>\nSe\u00e7ilmesi gereken en iyi yol se\u00e7ildi.<br \/>\nYa\u015fanmas\u0131 gereken en iyi ihtimal ya\u015fand\u0131.<br \/>\nBen bu olacakt\u0131m.<br \/>\nVe bir g\u00fcn yok olacakt\u0131 liman\u0131m&#8230;<\/p>","protected":false},"featured_media":6545,"comment_status":"closed","ping_status":"open","template":"","meta":{"inline_featured_image":false},"product_cat":[1019,1033],"product_tag":[],"class_list":{"0":"post-6544","1":"product","2":"type-product","3":"status-publish","4":"has-post-thumbnail","6":"product_cat-edebiyat","7":"product_cat-roman","8":"pa_boyut-135-x-195-cm","9":"pa_dil-turkce","10":"pa_sayfa-sayisi-1302","11":"pa_yayin-tarihi-11-1-2021","12":"pa_yazar-dila-yildirim","14":"first","15":"instock","16":"sale","17":"purchasable","18":"product-type-simple"},"_links":{"self":[{"href":"http:\/\/www.arkaraf.com\/en\/wp-json\/wp\/v2\/product\/6544","targetHints":{"allow":["GET"]}}],"collection":[{"href":"http:\/\/www.arkaraf.com\/en\/wp-json\/wp\/v2\/product"}],"about":[{"href":"http:\/\/www.arkaraf.com\/en\/wp-json\/wp\/v2\/types\/product"}],"replies":[{"embeddable":true,"href":"http:\/\/www.arkaraf.com\/en\/wp-json\/wp\/v2\/comments?post=6544"}],"wp:featuredmedia":[{"embeddable":true,"href":"http:\/\/www.arkaraf.com\/en\/wp-json\/wp\/v2\/media\/6545"}],"wp:attachment":[{"href":"http:\/\/www.arkaraf.com\/en\/wp-json\/wp\/v2\/media?parent=6544"}],"wp:term":[{"taxonomy":"product_cat","embeddable":true,"href":"http:\/\/www.arkaraf.com\/en\/wp-json\/wp\/v2\/product_cat?post=6544"},{"taxonomy":"product_tag","embeddable":true,"href":"http:\/\/www.arkaraf.com\/en\/wp-json\/wp\/v2\/product_tag?post=6544"}],"curies":[{"name":"wp","href":"https:\/\/api.w.org\/{rel}","templated":true}]}}