{"id":6532,"date":"2025-10-16T11:59:25","date_gmt":"2025-10-16T08:59:25","guid":{"rendered":"http:\/\/www.arkaraf.com\/kitap\/unuttugum-yerde-fisilda-tugra-cakin"},"modified":"2025-10-16T12:00:06","modified_gmt":"2025-10-16T09:00:06","slug":"unuttugum-yerde-fisilda-tugra-cakin","status":"publish","type":"product","link":"http:\/\/www.arkaraf.com\/en\/kitap\/unuttugum-yerde-fisilda-tugra-cakin","title":{"rendered":"Unuttu\u011fum Yerde F\u0131s\u0131lda &#8211; Tu\u011fra \u00c7ak\u0131n"},"content":{"rendered":"","protected":false},"excerpt":{"rendered":"<p>Merhaba, ben Tu\u011fra \u00c7AKIN. 21 ya\u015f\u0131nday\u0131m. Deneme t\u00fcr\u00fcnde \u201cAlt\u0131n Kalem\u201d \u00f6d\u00fcl\u00fcm var. Bu ise be\u015finci kitab\u0131m. Seni anlayan birinin olmamas\u0131ndan yak\u0131n\u0131yorsan e\u011fer ben senin i\u00e7in var\u0131m. \u00d6n yarg\u0131lar\u0131m\u0131zdan soyunup biraz sohbet edelim mi?<\/p>\n<p>\u201cYer yer unutkanl\u0131k bizim i\u00e7in esast\u0131r.<br \/>\nUnuturuz do\u011fal olarak. Ya\u015f ilerledik\u00e7e ak\u0131lda kal\u0131c\u0131 olan \u015feylerin s\u00fcresi de k\u0131sal\u0131r. Ger\u00e7ek hakikate yakla\u015ft\u0131k\u00e7a t\u00fcm yalan olanlardan uzakla\u015f\u0131rs\u0131n\u0131z. Bu kurtulu\u015ftur siz unutmak dersiniz. Nas\u0131l bakarsan\u0131z onu g\u00f6r\u00fcr, nas\u0131l g\u00f6r\u00fcrseniz onu ya\u015fars\u0131n\u0131z. Asl\u0131nda hayat t\u00fcm her \u015feyi insana teslim eder ve k\u00f6\u015fesine \u00e7ekilir\u2026 \u0130nsan\u0131n k\u00f6t\u00fc sonlar i\u00e7in k\u00f6t\u00fc bir kadere ihtiyac\u0131 yoktur. Birka\u00e7 ikilem tek ba\u015f\u0131na yeterli olacakt\u0131r\u2026 \u201c<\/p>\n<p>Keyifli mi okursunuz bilemem ama<br \/>\nmuhakkak okuman\u0131z dile\u011fiyle\u2026<\/p>","protected":false},"featured_media":6533,"comment_status":"closed","ping_status":"open","template":"","meta":{"inline_featured_image":false},"product_cat":[1024,1019],"product_tag":[],"class_list":{"0":"post-6532","1":"product","2":"type-product","3":"status-publish","4":"has-post-thumbnail","6":"product_cat-deneme","7":"product_cat-edebiyat","8":"pa_boyut-135-x-195-cm","9":"pa_dil-turkce","10":"pa_sayfa-sayisi-971","11":"pa_yayin-tarihi-9-28-2021","12":"pa_yazar-tugra-cakin","14":"first","15":"instock","16":"sale","17":"purchasable","18":"product-type-simple"},"_links":{"self":[{"href":"http:\/\/www.arkaraf.com\/en\/wp-json\/wp\/v2\/product\/6532","targetHints":{"allow":["GET"]}}],"collection":[{"href":"http:\/\/www.arkaraf.com\/en\/wp-json\/wp\/v2\/product"}],"about":[{"href":"http:\/\/www.arkaraf.com\/en\/wp-json\/wp\/v2\/types\/product"}],"replies":[{"embeddable":true,"href":"http:\/\/www.arkaraf.com\/en\/wp-json\/wp\/v2\/comments?post=6532"}],"wp:featuredmedia":[{"embeddable":true,"href":"http:\/\/www.arkaraf.com\/en\/wp-json\/wp\/v2\/media\/6533"}],"wp:attachment":[{"href":"http:\/\/www.arkaraf.com\/en\/wp-json\/wp\/v2\/media?parent=6532"}],"wp:term":[{"taxonomy":"product_cat","embeddable":true,"href":"http:\/\/www.arkaraf.com\/en\/wp-json\/wp\/v2\/product_cat?post=6532"},{"taxonomy":"product_tag","embeddable":true,"href":"http:\/\/www.arkaraf.com\/en\/wp-json\/wp\/v2\/product_tag?post=6532"}],"curies":[{"name":"wp","href":"https:\/\/api.w.org\/{rel}","templated":true}]}}