{"id":6516,"date":"2025-10-16T11:59:25","date_gmt":"2025-10-16T08:59:25","guid":{"rendered":"http:\/\/www.arkaraf.com\/kitap\/daglarin-ardi-hep-karanlik-midir-selda-ileri"},"modified":"2025-10-16T11:59:45","modified_gmt":"2025-10-16T08:59:45","slug":"daglarin-ardi-hep-karanlik-midir-selda-ileri","status":"publish","type":"product","link":"http:\/\/www.arkaraf.com\/en\/kitap\/daglarin-ardi-hep-karanlik-midir-selda-ileri","title":{"rendered":"Da\u011flar\u0131n Ard\u0131 Hep Karanl\u0131k m\u0131d\u0131r? &#8211; Selda \u0130leri"},"content":{"rendered":"","protected":false},"excerpt":{"rendered":"<p>Aya\u011f\u0131n\u0131n ucu ile vura vura s\u00fcr\u00fckl\u00fcyordu ta\u015f\u0131 delikanl\u0131. Ak\u015fam\u0131n \u00e7\u00f6kmeye ba\u015flad\u0131\u011f\u0131, r\u00fczg\u00e2r\u0131n dindi\u011fi, k\u00f6y\u00fcn sessizli\u011fe g\u00f6m\u00fcld\u00fc\u011f\u00fc bu saatler b\u0131y\u0131klar\u0131 hen\u00fcz terlemeye ba\u015flayan bu delikanl\u0131n\u0131n en sevdi\u011fi saatlerdi. El ayak \u00e7ekilir, evli evine k\u00f6yl\u00fc k\u00f6y\u00fcne hesab\u0131 tarlalardan, k\u00f6y\u00fcn tozlu yollar\u0131ndan insanlar evlerine yorgun d\u00f6nerdi. K\u0131zlar gelinler \u00e7e\u015fmelerden \u00e7ekilir, ortal\u0131k hayal kurmaya, uzaklara dalmaya, g\u00f6\u00e7 eden ku\u015flar\u0131n arkas\u0131ndan bakmaya uygun hale gelirdi.<\/p>","protected":false},"featured_media":6517,"comment_status":"closed","ping_status":"open","template":"","meta":{"inline_featured_image":false},"product_cat":[1019,1033],"product_tag":[],"class_list":{"0":"post-6516","1":"product","2":"type-product","3":"status-publish","4":"has-post-thumbnail","6":"product_cat-edebiyat","7":"product_cat-roman","8":"pa_boyut-135-x-195-cm","9":"pa_dil-turkce","10":"pa_sayfa-sayisi-1194","11":"pa_yayin-tarihi-8-12-2021","12":"pa_yazar-selda-ileri","14":"first","15":"instock","16":"sale","17":"purchasable","18":"product-type-simple"},"_links":{"self":[{"href":"http:\/\/www.arkaraf.com\/en\/wp-json\/wp\/v2\/product\/6516","targetHints":{"allow":["GET"]}}],"collection":[{"href":"http:\/\/www.arkaraf.com\/en\/wp-json\/wp\/v2\/product"}],"about":[{"href":"http:\/\/www.arkaraf.com\/en\/wp-json\/wp\/v2\/types\/product"}],"replies":[{"embeddable":true,"href":"http:\/\/www.arkaraf.com\/en\/wp-json\/wp\/v2\/comments?post=6516"}],"wp:featuredmedia":[{"embeddable":true,"href":"http:\/\/www.arkaraf.com\/en\/wp-json\/wp\/v2\/media\/6517"}],"wp:attachment":[{"href":"http:\/\/www.arkaraf.com\/en\/wp-json\/wp\/v2\/media?parent=6516"}],"wp:term":[{"taxonomy":"product_cat","embeddable":true,"href":"http:\/\/www.arkaraf.com\/en\/wp-json\/wp\/v2\/product_cat?post=6516"},{"taxonomy":"product_tag","embeddable":true,"href":"http:\/\/www.arkaraf.com\/en\/wp-json\/wp\/v2\/product_tag?post=6516"}],"curies":[{"name":"wp","href":"https:\/\/api.w.org\/{rel}","templated":true}]}}