{"id":6512,"date":"2025-10-16T11:59:25","date_gmt":"2025-10-16T08:59:25","guid":{"rendered":"http:\/\/www.arkaraf.com\/kitap\/rambutan-ensar-kucukaltan"},"modified":"2025-10-16T11:59:40","modified_gmt":"2025-10-16T08:59:40","slug":"rambutan-ensar-kucukaltan","status":"publish","type":"product","link":"http:\/\/www.arkaraf.com\/en\/kitap\/rambutan-ensar-kucukaltan","title":{"rendered":"Rambutan &#8211; Ensar K\u00fc\u00e7\u00fckaltan"},"content":{"rendered":"","protected":false},"excerpt":{"rendered":"<p>Rambutan<\/p>\n<p>\u0130stanbul&#8217;da bir ak\u015fam\u00fcst\u00fc t\u00fcm duygular\u0131 bir arada\u00a0 ya\u015fatmaz m\u0131 insana?<\/p>\n<p>Ba\u015frol\u00fcnde olmad\u0131\u011f\u0131m\u0131z hik\u00e2yelerimizi g\u00f6md\u00fck bu \u015fehre. G\u00f6md\u00fc\u011f\u00fcm\u00fcz her hik\u00e2ye ki hayat denilen\u00a0 s\u00fcreli \u00e7izelgenin bir b\u00f6l\u00fcm\u00fcnde bize d\u00e2hil olur.<\/p>\n<p>G\u00f6mecek hik\u00e2ye kalmamas\u0131ndan korkuyorum.<\/p>\n<p>\u00c7\u00fcnk\u00fc o zaman perde kapan\u0131r.<\/p>","protected":false},"featured_media":6513,"comment_status":"closed","ping_status":"open","template":"","meta":{"inline_featured_image":false},"product_cat":[1024,1019],"product_tag":[],"class_list":{"0":"post-6512","1":"product","2":"type-product","3":"status-publish","4":"has-post-thumbnail","6":"product_cat-deneme","7":"product_cat-edebiyat","8":"pa_boyut-135-x-195-cm","9":"pa_dil-turkce","10":"pa_sayfa-sayisi-628","11":"pa_yayin-tarihi-4-10-2023","12":"pa_yazar-ensar-kucukaltan","14":"first","15":"instock","16":"sale","17":"purchasable","18":"product-type-simple"},"_links":{"self":[{"href":"http:\/\/www.arkaraf.com\/en\/wp-json\/wp\/v2\/product\/6512","targetHints":{"allow":["GET"]}}],"collection":[{"href":"http:\/\/www.arkaraf.com\/en\/wp-json\/wp\/v2\/product"}],"about":[{"href":"http:\/\/www.arkaraf.com\/en\/wp-json\/wp\/v2\/types\/product"}],"replies":[{"embeddable":true,"href":"http:\/\/www.arkaraf.com\/en\/wp-json\/wp\/v2\/comments?post=6512"}],"wp:featuredmedia":[{"embeddable":true,"href":"http:\/\/www.arkaraf.com\/en\/wp-json\/wp\/v2\/media\/6513"}],"wp:attachment":[{"href":"http:\/\/www.arkaraf.com\/en\/wp-json\/wp\/v2\/media?parent=6512"}],"wp:term":[{"taxonomy":"product_cat","embeddable":true,"href":"http:\/\/www.arkaraf.com\/en\/wp-json\/wp\/v2\/product_cat?post=6512"},{"taxonomy":"product_tag","embeddable":true,"href":"http:\/\/www.arkaraf.com\/en\/wp-json\/wp\/v2\/product_tag?post=6512"}],"curies":[{"name":"wp","href":"https:\/\/api.w.org\/{rel}","templated":true}]}}