{"id":6496,"date":"2025-10-16T11:58:36","date_gmt":"2025-10-16T08:58:36","guid":{"rendered":"http:\/\/www.arkaraf.com\/kitap\/olu-adam-yeniden-ismail-h-tak"},"modified":"2025-10-16T11:59:17","modified_gmt":"2025-10-16T08:59:17","slug":"olu-adam-yeniden-ismail-h-tak","status":"publish","type":"product","link":"http:\/\/www.arkaraf.com\/en\/kitap\/olu-adam-yeniden-ismail-h-tak","title":{"rendered":"\u00d6l\u00fc Adam &#8211; Yeniden \u0130smail H. Tak"},"content":{"rendered":"","protected":false},"excerpt":{"rendered":"<p>AYI POSTUNDAK\u0130:<br \/>\nZaman ge\u00e7iyor, g\u00fcn bat\u0131ya d\u00f6nmede<br \/>\n\u00c7ekildi kar\u0131ncas\u0131, ku\u015flar\u0131, b\u00f6ce\u011fi<br \/>\nDar ge\u00e7itlerde sert buzlar erimede<br \/>\nMasumlar\u0131n \u0131slak \u00e7imenlerdir d\u00f6\u015fe\u011fi<\/p>\n<p>Kalk, son bir gayret, ate\u015f s\u00f6nmede<br \/>\nB\u00fcy\u00fcc\u00fc t\u00fcts\u00fclerle donatm\u0131\u015ft\u0131r ota\u011f\u0131<br \/>\nEtrafta \u0131\u015f\u0131lt\u0131l\u0131 g\u00f6zler par\u0131ldamada<br \/>\nBuralar vah\u015fi hayvanlar\u0131n yata\u011f\u0131<\/p>","protected":false},"featured_media":6497,"comment_status":"closed","ping_status":"open","template":"","meta":{"inline_featured_image":false},"product_cat":[1019,1285],"product_tag":[],"class_list":{"0":"post-6496","1":"product","2":"type-product","3":"status-publish","4":"has-post-thumbnail","6":"product_cat-edebiyat","7":"product_cat-tiyatro","8":"pa_boyut-135-x-195-cm","9":"pa_dil-turkce","10":"pa_sayfa-sayisi-556","11":"pa_yayin-tarihi-4-4-2024","12":"pa_yazar-yeniden-ismail-h-tak","14":"first","15":"instock","16":"sale","17":"purchasable","18":"product-type-simple"},"_links":{"self":[{"href":"http:\/\/www.arkaraf.com\/en\/wp-json\/wp\/v2\/product\/6496","targetHints":{"allow":["GET"]}}],"collection":[{"href":"http:\/\/www.arkaraf.com\/en\/wp-json\/wp\/v2\/product"}],"about":[{"href":"http:\/\/www.arkaraf.com\/en\/wp-json\/wp\/v2\/types\/product"}],"replies":[{"embeddable":true,"href":"http:\/\/www.arkaraf.com\/en\/wp-json\/wp\/v2\/comments?post=6496"}],"wp:featuredmedia":[{"embeddable":true,"href":"http:\/\/www.arkaraf.com\/en\/wp-json\/wp\/v2\/media\/6497"}],"wp:attachment":[{"href":"http:\/\/www.arkaraf.com\/en\/wp-json\/wp\/v2\/media?parent=6496"}],"wp:term":[{"taxonomy":"product_cat","embeddable":true,"href":"http:\/\/www.arkaraf.com\/en\/wp-json\/wp\/v2\/product_cat?post=6496"},{"taxonomy":"product_tag","embeddable":true,"href":"http:\/\/www.arkaraf.com\/en\/wp-json\/wp\/v2\/product_tag?post=6496"}],"curies":[{"name":"wp","href":"https:\/\/api.w.org\/{rel}","templated":true}]}}