{"id":6494,"date":"2025-10-16T11:58:36","date_gmt":"2025-10-16T08:58:36","guid":{"rendered":"http:\/\/www.arkaraf.com\/kitap\/cins-i-latif-naciye-tekerek"},"modified":"2025-10-16T11:59:15","modified_gmt":"2025-10-16T08:59:15","slug":"cins-i-latif-naciye-tekerek","status":"publish","type":"product","link":"http:\/\/www.arkaraf.com\/en\/kitap\/cins-i-latif-naciye-tekerek","title":{"rendered":"Cins-i Latif &#8211; Naciye Tekerek"},"content":{"rendered":"","protected":false},"excerpt":{"rendered":"<p>Ah!<br \/>\nBiz kad\u0131nlar&#8230;<br \/>\nAk\u0131ll\u0131, ruhu dingin, t\u00fcm g\u00fczelliklere, zarafetlere ilham veren varl\u0131k.<br \/>\nKendin ol!<br \/>\nKendi g\u00fcc\u00fcn\u00fcn fark\u0131na var. T\u00fcm kainat\u0131n \u00f6n\u00fcnde diz \u00e7\u00f6k\u00fc\u015f\u00fcne izin ver ki ihti\u015fam\u0131n d\u00fcnyaya \u0131\u015f\u0131k sa\u00e7s\u0131n.<br \/>\nSizlere sesleniyorum.<br \/>\nSesime kulak verin!<br \/>\nKad\u0131nlar&#8230;<br \/>\nEvet evet! Kad\u0131nlar&#8230;<br \/>\nRuhun ve zekan\u0131n birbiriyle kayna\u015ft\u0131\u011f\u0131 bir kar tanesi gibi bembeyaz ve tertemiz ba\u015ftan aya\u011f\u0131 g\u00fczelli\u011fi i\u00e7inde bar\u0131nd\u0131ran o muhte\u015fem insan.<br \/>\nCennet bile aya\u011f\u0131n\u0131n alt\u0131na serilmi\u015f var olu\u015fu kusursuz mabet.<br \/>\nSevgin, a\u015f\u0131klara mazhar olmu\u015f, \u015fiirlere destan olmu\u015f, hikayelere roman olmu\u015f&#8230;<br \/>\nAhhh!<br \/>\nBiz kad\u0131nlar, tabi tabi! Biz kad\u0131nlar&#8230;<br \/>\nFevkalade Cins-i Latifler&#8230;.<\/p>","protected":false},"featured_media":6495,"comment_status":"closed","ping_status":"open","template":"","meta":{"inline_featured_image":false},"product_cat":[1024,1019],"product_tag":[],"class_list":{"0":"post-6494","1":"product","2":"type-product","3":"status-publish","4":"has-post-thumbnail","6":"product_cat-deneme","7":"product_cat-edebiyat","8":"pa_boyut-135-x-195-cm","9":"pa_dil-turkce","10":"pa_sayfa-sayisi-1282","11":"pa_yayin-tarihi-4-10-2023","12":"pa_yazar-naciye-tekerek","14":"first","15":"instock","16":"sale","17":"purchasable","18":"product-type-simple"},"_links":{"self":[{"href":"http:\/\/www.arkaraf.com\/en\/wp-json\/wp\/v2\/product\/6494","targetHints":{"allow":["GET"]}}],"collection":[{"href":"http:\/\/www.arkaraf.com\/en\/wp-json\/wp\/v2\/product"}],"about":[{"href":"http:\/\/www.arkaraf.com\/en\/wp-json\/wp\/v2\/types\/product"}],"replies":[{"embeddable":true,"href":"http:\/\/www.arkaraf.com\/en\/wp-json\/wp\/v2\/comments?post=6494"}],"wp:featuredmedia":[{"embeddable":true,"href":"http:\/\/www.arkaraf.com\/en\/wp-json\/wp\/v2\/media\/6495"}],"wp:attachment":[{"href":"http:\/\/www.arkaraf.com\/en\/wp-json\/wp\/v2\/media?parent=6494"}],"wp:term":[{"taxonomy":"product_cat","embeddable":true,"href":"http:\/\/www.arkaraf.com\/en\/wp-json\/wp\/v2\/product_cat?post=6494"},{"taxonomy":"product_tag","embeddable":true,"href":"http:\/\/www.arkaraf.com\/en\/wp-json\/wp\/v2\/product_tag?post=6494"}],"curies":[{"name":"wp","href":"https:\/\/api.w.org\/{rel}","templated":true}]}}