{"id":6480,"date":"2025-10-16T11:58:36","date_gmt":"2025-10-16T08:58:36","guid":{"rendered":"http:\/\/www.arkaraf.com\/kitap\/sehr-i-ask-bursa-mustafa-emir-eldemir"},"modified":"2025-10-16T11:58:59","modified_gmt":"2025-10-16T08:58:59","slug":"sehr-i-ask-bursa-mustafa-emir-eldemir","status":"publish","type":"product","link":"http:\/\/www.arkaraf.com\/en\/kitap\/sehr-i-ask-bursa-mustafa-emir-eldemir","title":{"rendered":"\u015eehr-i A\u015fk &#8220;Bursa&#8221; &#8211; Mustafa Emir Eldemir"},"content":{"rendered":"","protected":false},"excerpt":{"rendered":"<p>S\u0131yr\u0131ld\u0131k her bir kederin aras\u0131ndan<br \/>\nBizleri yeti\u015ftiren \u015fehre adad\u0131k hayallerimizi<br \/>\nSevinci de h\u00fczn\u00fc de bir bir aralad\u0131k<br \/>\nBu \u015fehirde \u00e7ocuklu\u011fumuzun \u00e7\u0131rp\u0131nan mutlulu\u011funu<br \/>\nBu \u015fehre hasret ya\u015fayan gen\u00e7li\u011fimize b\u0131rakt\u0131k<\/p>","protected":false},"featured_media":6481,"comment_status":"closed","ping_status":"open","template":"","meta":{"inline_featured_image":false},"product_cat":[1020,1019],"product_tag":[],"class_list":{"0":"post-6480","1":"product","2":"type-product","3":"status-publish","4":"has-post-thumbnail","6":"product_cat-siir","7":"product_cat-edebiyat","8":"pa_boyut-135-x-195-cm","9":"pa_dil-turkce","10":"pa_sayfa-sayisi-1273","11":"pa_yayin-tarihi-4-10-2023","12":"pa_yazar-mustafa-emir-eldemir","14":"first","15":"instock","16":"sale","17":"purchasable","18":"product-type-simple"},"_links":{"self":[{"href":"http:\/\/www.arkaraf.com\/en\/wp-json\/wp\/v2\/product\/6480","targetHints":{"allow":["GET"]}}],"collection":[{"href":"http:\/\/www.arkaraf.com\/en\/wp-json\/wp\/v2\/product"}],"about":[{"href":"http:\/\/www.arkaraf.com\/en\/wp-json\/wp\/v2\/types\/product"}],"replies":[{"embeddable":true,"href":"http:\/\/www.arkaraf.com\/en\/wp-json\/wp\/v2\/comments?post=6480"}],"wp:featuredmedia":[{"embeddable":true,"href":"http:\/\/www.arkaraf.com\/en\/wp-json\/wp\/v2\/media\/6481"}],"wp:attachment":[{"href":"http:\/\/www.arkaraf.com\/en\/wp-json\/wp\/v2\/media?parent=6480"}],"wp:term":[{"taxonomy":"product_cat","embeddable":true,"href":"http:\/\/www.arkaraf.com\/en\/wp-json\/wp\/v2\/product_cat?post=6480"},{"taxonomy":"product_tag","embeddable":true,"href":"http:\/\/www.arkaraf.com\/en\/wp-json\/wp\/v2\/product_tag?post=6480"}],"curies":[{"name":"wp","href":"https:\/\/api.w.org\/{rel}","templated":true}]}}