{"id":6478,"date":"2025-10-16T11:58:36","date_gmt":"2025-10-16T08:58:36","guid":{"rendered":"http:\/\/www.arkaraf.com\/kitap\/keloglan-ve-sigircik-kuslari-tahsin-melan"},"modified":"2025-10-16T11:58:56","modified_gmt":"2025-10-16T08:58:56","slug":"keloglan-ve-sigircik-kuslari-tahsin-melan","status":"publish","type":"product","link":"http:\/\/www.arkaraf.com\/en\/kitap\/keloglan-ve-sigircik-kuslari-tahsin-melan","title":{"rendered":"Kelo\u011flan ve S\u0131\u011f\u0131rc\u0131k Ku\u015flar\u0131 &#8211; Tahsin Melan"},"content":{"rendered":"","protected":false},"excerpt":{"rendered":"<p>Genellikle masal deyince her nedense devler, cinler, periler akla gelir. Oysa ger\u00e7eklerin yans\u0131t\u0131lmas\u0131yla da masallar yaz\u0131labilir.<\/p>\n<p>\u0130\u015fte elinizdeki bu masal kitab\u0131nda do\u011fa kanunlar\u0131n\u0131 yans\u0131tan ilgin\u00e7 olaylar\u0131n nas\u0131l kurgulan\u0131p masals\u0131 \u00f6gelere d\u00f6n\u00fc\u015ft\u00fc\u011f\u00fcn\u00fc g\u00f6receksiniz.<\/p>\n<p>Masal tad\u0131ndaki bu kurgu i\u00e7inde \u00e7ocuklar i\u00e7in \u201csevgi\u201d kavram\u0131 \u00e7er\u00e7evesinde pek \u00e7ok \u00f6\u011fretinin de bar\u0131nd\u0131\u011f\u0131na \u015fahit olacaks\u0131n\u0131z.<\/p>","protected":false},"featured_media":6479,"comment_status":"closed","ping_status":"open","template":"","meta":{"inline_featured_image":false},"product_cat":[1019,1138],"product_tag":[],"class_list":{"0":"post-6478","1":"product","2":"type-product","3":"status-publish","4":"has-post-thumbnail","6":"product_cat-edebiyat","7":"product_cat-masal","8":"pa_boyut-135-x-195-cm","9":"pa_dil-turkce","10":"pa_sayfa-sayisi-631","11":"pa_yayin-tarihi-4-10-2023","12":"pa_yazar-tahsin-melan","14":"first","15":"instock","16":"sale","17":"purchasable","18":"product-type-simple"},"_links":{"self":[{"href":"http:\/\/www.arkaraf.com\/en\/wp-json\/wp\/v2\/product\/6478","targetHints":{"allow":["GET"]}}],"collection":[{"href":"http:\/\/www.arkaraf.com\/en\/wp-json\/wp\/v2\/product"}],"about":[{"href":"http:\/\/www.arkaraf.com\/en\/wp-json\/wp\/v2\/types\/product"}],"replies":[{"embeddable":true,"href":"http:\/\/www.arkaraf.com\/en\/wp-json\/wp\/v2\/comments?post=6478"}],"wp:featuredmedia":[{"embeddable":true,"href":"http:\/\/www.arkaraf.com\/en\/wp-json\/wp\/v2\/media\/6479"}],"wp:attachment":[{"href":"http:\/\/www.arkaraf.com\/en\/wp-json\/wp\/v2\/media?parent=6478"}],"wp:term":[{"taxonomy":"product_cat","embeddable":true,"href":"http:\/\/www.arkaraf.com\/en\/wp-json\/wp\/v2\/product_cat?post=6478"},{"taxonomy":"product_tag","embeddable":true,"href":"http:\/\/www.arkaraf.com\/en\/wp-json\/wp\/v2\/product_tag?post=6478"}],"curies":[{"name":"wp","href":"https:\/\/api.w.org\/{rel}","templated":true}]}}