{"id":6464,"date":"2025-10-16T11:58:36","date_gmt":"2025-10-16T08:58:36","guid":{"rendered":"http:\/\/www.arkaraf.com\/kitap\/vedia-pelin-cakar-can"},"modified":"2025-10-16T11:58:41","modified_gmt":"2025-10-16T08:58:41","slug":"vedia-pelin-cakar-can","status":"publish","type":"product","link":"http:\/\/www.arkaraf.com\/en\/kitap\/vedia-pelin-cakar-can","title":{"rendered":"Vedia &#8211; Pelin \u00c7akar Can"},"content":{"rendered":"","protected":false},"excerpt":{"rendered":"<div class=\"wysiwyg prd_description\">\n<p>E\u015fiklerden ge\u00e7iyorum, say\u0131s\u0131z e\u015fikten. Kap\u0131lar \u00e7al\u0131yorum, \u00f6mr\u00fcm boyunca, a\u00e7\u0131lmayan o kap\u0131lar\u0131n duraklar\u0131nda kayboluyorum. Vard\u0131\u011f\u0131m yanl\u0131\u015f duraklardan \u00f6\u011frendiklerimi biriktiriyorum. Ba\u015fkala\u015f\u0131yorum, kendimi ar\u0131yorum, buldum san\u0131yorum sonra. Hangi renk, hangi dokuydu o \u00e7ald\u0131\u011f\u0131m kap\u0131? Hat\u0131rlamaya \u00e7al\u0131\u015f\u0131yorum. Herkese ait ayr\u0131 bir kap\u0131, a\u00e7\u0131ld\u0131\u011f\u0131 yer oysa hep ayn\u0131. Kap\u0131da f\u0131s\u0131ld\u0131yorum, uyand\u0131m, geldim, a\u00e7.<\/p>\n<p>\u00c7ok kez \u00e7ald\u0131m o kap\u0131y\u0131, kap\u0131lar yollara evrildi. Ben yeni yollar pe\u015finde bir sonraki dura\u011fa y\u00fcr\u00fcd\u00fcm. Vard\u0131\u011f\u0131m, d\u00f6nd\u00fc\u011f\u00fcm, \u00e7ald\u0131\u011f\u0131m hep ayn\u0131 kap\u0131. Hadi a\u00e7\u2026<\/p>\n<p>O yollar\u0131n birinde uyand\u0131m. Size de bu hik\u00e2ye ile onu anlatt\u0131m. Ya\u015famam i\u00e7in bir \u015fans daha verilmi\u015fti o gece. Do\u011fdu\u011fum g\u00fcn\u00fcn hatr\u0131 olsa gerek, on alt\u0131nc\u0131 y\u0131l\u0131n\u0131n gecesiydi.<\/p>\n<p>\u015eimdi kap\u0131da siz.<br \/>\nBuyur ediyorum, kap\u0131y\u0131 a\u00e7an i\u00e7ini d\u00f6ken ben.<br \/>\nBu hik\u00e2ye, \u00e7ocuklu\u011fumu b\u0131rakt\u0131\u011f\u0131m o gecenin hik\u00e2yesi.<br \/>\nBinlerce \u00f6l\u00fcm ard\u0131nda kalanlar\u0131n hik\u00e2yesi.<br \/>\nBir daha hi\u00e7 karanl\u0131kta uyuyamad\u0131m.<br \/>\n\u0130\u00e7imden ta\u015fanlar\u0131 sard\u0131m, saklad\u0131m.<br \/>\nVe her biri sessiz bir \u00e7\u0131\u011fl\u0131k att\u0131lar i\u00e7imdeki kuyuya.<br \/>\nSesimi duyan var m\u0131?<br \/>\nBu hik\u00e2ye on alt\u0131 ya\u015f\u0131ndaki k\u00fc\u00e7\u00fck k\u0131z \u00e7ocu\u011funa.<br \/>\nBu hik\u00e2ye yeni bir ya\u015f daha alamayanlara,<\/p>\n<p>Sayg\u0131yla\u2026<\/p>\n<\/div>","protected":false},"featured_media":6465,"comment_status":"closed","ping_status":"open","template":"","meta":{"inline_featured_image":false},"product_cat":[1019,1033],"product_tag":[],"class_list":{"0":"post-6464","1":"product","2":"type-product","3":"status-publish","4":"has-post-thumbnail","6":"product_cat-edebiyat","7":"product_cat-roman","8":"pa_boyut-135-x-195-cm","9":"pa_dil-turkce","10":"pa_sayfa-sayisi-485","11":"pa_yayin-tarihi-3-4-2021","12":"pa_yazar-pelin-cakar-can","14":"first","15":"instock","16":"sale","17":"purchasable","18":"product-type-simple"},"_links":{"self":[{"href":"http:\/\/www.arkaraf.com\/en\/wp-json\/wp\/v2\/product\/6464","targetHints":{"allow":["GET"]}}],"collection":[{"href":"http:\/\/www.arkaraf.com\/en\/wp-json\/wp\/v2\/product"}],"about":[{"href":"http:\/\/www.arkaraf.com\/en\/wp-json\/wp\/v2\/types\/product"}],"replies":[{"embeddable":true,"href":"http:\/\/www.arkaraf.com\/en\/wp-json\/wp\/v2\/comments?post=6464"}],"wp:featuredmedia":[{"embeddable":true,"href":"http:\/\/www.arkaraf.com\/en\/wp-json\/wp\/v2\/media\/6465"}],"wp:attachment":[{"href":"http:\/\/www.arkaraf.com\/en\/wp-json\/wp\/v2\/media?parent=6464"}],"wp:term":[{"taxonomy":"product_cat","embeddable":true,"href":"http:\/\/www.arkaraf.com\/en\/wp-json\/wp\/v2\/product_cat?post=6464"},{"taxonomy":"product_tag","embeddable":true,"href":"http:\/\/www.arkaraf.com\/en\/wp-json\/wp\/v2\/product_tag?post=6464"}],"curies":[{"name":"wp","href":"https:\/\/api.w.org\/{rel}","templated":true}]}}