{"id":6454,"date":"2025-10-16T11:57:44","date_gmt":"2025-10-16T08:57:44","guid":{"rendered":"http:\/\/www.arkaraf.com\/kitap\/1918-gulfidan-sevinc-meydan-dede"},"modified":"2025-10-16T11:58:27","modified_gmt":"2025-10-16T08:58:27","slug":"1918-gulfidan-sevinc-meydan-dede","status":"publish","type":"product","link":"http:\/\/www.arkaraf.com\/en\/kitap\/1918-gulfidan-sevinc-meydan-dede","title":{"rendered":"1918 G\u00fclfidan Sevin\u00e7 Meydan Dede"},"content":{"rendered":"","protected":false},"excerpt":{"rendered":"<p>Bu kitapta 1918 y\u0131l\u0131nda Erzurum\u2019un \u0130spir il\u00e7esinde Ermeni \u00e7etelerinin zulm\u00fcnden ka\u00e7an ve do\u011fdu\u011fu topraklardan \u00e7ok uzaklarda, \u015eav\u015fat&#8217;ta hayata g\u00f6zlerini yuman G\u00fclfidan&#8217;\u0131n i\u00e7ler ac\u0131s\u0131, ibretlik hik\u00e2yesidir anlat\u0131lanlar.<\/p>\n<p>\u00c7elik bir iradeyle m\u00fckemmel bir akl\u0131n birle\u015fimi olan G\u00fclfidan&#8217;\u0131n ola\u011fan\u00fcst\u00fc azmidir her sat\u0131rda sergilenen&#8230;<\/p>\n<p>\u00d6l\u00fcm ensesindeydi, \u00f6l\u00fcm\u00fcn yan\u0131 ba\u015f\u0131nda a\u00e7an, solmayan bir \u00e7i\u00e7ekti o. Zalimlere ve zulme meydan okuyan ulu bir \u00e7\u0131nard\u0131&#8230;<\/p>\n<p>Ya\u015fad\u0131klar\u0131 unutulmas\u0131n diye anlatt\u0131, \u00f6l\u00fcmle yar\u0131\u015fan hik\u00e2yesini: \u201cGer\u00e7e\u011fi arayanlara&#8230;\u201d<\/p>","protected":false},"featured_media":6455,"comment_status":"closed","ping_status":"open","template":"","meta":{"inline_featured_image":false},"product_cat":[1019,1033],"product_tag":[],"class_list":{"0":"post-6454","1":"product","2":"type-product","3":"status-publish","4":"has-post-thumbnail","6":"product_cat-edebiyat","7":"product_cat-roman","8":"pa_boyut-135-x-195-cm","9":"pa_dil-turkce","10":"pa_sayfa-sayisi-1256","11":"pa_yayin-tarihi-2-12-2021","12":"pa_yazar-sevinc-meydan-dede","14":"first","15":"instock","16":"sale","17":"purchasable","18":"product-type-simple"},"_links":{"self":[{"href":"http:\/\/www.arkaraf.com\/en\/wp-json\/wp\/v2\/product\/6454","targetHints":{"allow":["GET"]}}],"collection":[{"href":"http:\/\/www.arkaraf.com\/en\/wp-json\/wp\/v2\/product"}],"about":[{"href":"http:\/\/www.arkaraf.com\/en\/wp-json\/wp\/v2\/types\/product"}],"replies":[{"embeddable":true,"href":"http:\/\/www.arkaraf.com\/en\/wp-json\/wp\/v2\/comments?post=6454"}],"wp:featuredmedia":[{"embeddable":true,"href":"http:\/\/www.arkaraf.com\/en\/wp-json\/wp\/v2\/media\/6455"}],"wp:attachment":[{"href":"http:\/\/www.arkaraf.com\/en\/wp-json\/wp\/v2\/media?parent=6454"}],"wp:term":[{"taxonomy":"product_cat","embeddable":true,"href":"http:\/\/www.arkaraf.com\/en\/wp-json\/wp\/v2\/product_cat?post=6454"},{"taxonomy":"product_tag","embeddable":true,"href":"http:\/\/www.arkaraf.com\/en\/wp-json\/wp\/v2\/product_tag?post=6454"}],"curies":[{"name":"wp","href":"https:\/\/api.w.org\/{rel}","templated":true}]}}