{"id":6422,"date":"2025-10-16T11:57:44","date_gmt":"2025-10-16T08:57:44","guid":{"rendered":"http:\/\/www.arkaraf.com\/kitap\/kumsalin-annesi-ferhat-sacu"},"modified":"2025-10-16T11:57:46","modified_gmt":"2025-10-16T08:57:46","slug":"kumsalin-annesi-ferhat-sacu","status":"publish","type":"product","link":"http:\/\/www.arkaraf.com\/en\/kitap\/kumsalin-annesi-ferhat-sacu","title":{"rendered":"Kumsal&#8217;\u0131n Annesi &#8211; Ferhat Sa\u00e7u"},"content":{"rendered":"","protected":false},"excerpt":{"rendered":"<div class=\"phenom-desc\">\n<div class=\"comment-container\">\n<div class=\"action-comment markeddown js-comment\" dir=\"auto\">\n<div class=\"current-comment js-friendly-links js-open-card\">\n<p>Seni Ay\u015fe&#8230;<\/p>\n<p>Her gece d\u00fc\u015flerimde g\u00f6r\u00fcyorum seni; sonraki g\u00fcn o d\u00fc\u015fleri an\u0131ms\u0131yorum; gece tekrar uyudu\u011fumda yeniden d\u00fc\u015flerimde g\u00f6r\u00fcyorum; sonraki g\u00fcn yine o d\u00fc\u015fleri an\u0131ms\u0131yorum&#8230;<\/p>\n<p>Ya\u015fam\u0131\u015f oldu\u011fum bu tahayy\u00fcl d\u00f6ng\u00fcs\u00fc her g\u00fcn artarak devam ediyor.. B\u00f6ylesine seviyorum seni!<\/p>\n<p>Yazar\u0131n ger\u00e7ek hayat\u0131n\u0131 anlatt\u0131\u011f\u0131 bu kitapta:<br \/>\n\u00dczerinizde i\u011fne ucu kadar gurur b\u0131rakmaman\u0131z gerekti\u011fi; b\u00fcy\u00fck ad\u0131m atmaktan korkmaman\u0131z gerekti\u011fi; bilhassa a\u015f\u0131k oldu\u011funuz kad\u0131n\u0131n, korkular\u0131n\u0131zdan daha ehemmiyetli oldu\u011fu ve kalbinize do\u011fmas\u0131n\u0131 istedi\u011finiz g\u00fcne\u015f i\u00e7in t\u00fcm c\u00fcretinizle hayat\u0131n \u00fcst\u00fcne gitmek zaruriyetinde oldu\u011funuz anlat\u0131lmaktad\u0131r!<\/p>\n<p>Unutmay\u0131n: Sevmek i\u00e7in cesaret, kavu\u015fmak i\u00e7in u\u011fra\u015f gerek&#8230;<\/p>\n<\/div>\n<\/div>\n<\/div>\n<\/div>","protected":false},"featured_media":6423,"comment_status":"closed","ping_status":"open","template":"","meta":{"inline_featured_image":false},"product_cat":[1019,1033],"product_tag":[],"class_list":{"0":"post-6422","1":"product","2":"type-product","3":"status-publish","4":"has-post-thumbnail","6":"product_cat-edebiyat","7":"product_cat-roman","8":"pa_boyut-135-x-195-cm","9":"pa_dil-turkce","10":"pa_sayfa-sayisi-1236","11":"pa_yayin-tarihi-10-16-2020","12":"pa_yazar-ferhat-sacu","14":"first","15":"instock","16":"sale","17":"purchasable","18":"product-type-simple"},"_links":{"self":[{"href":"http:\/\/www.arkaraf.com\/en\/wp-json\/wp\/v2\/product\/6422","targetHints":{"allow":["GET"]}}],"collection":[{"href":"http:\/\/www.arkaraf.com\/en\/wp-json\/wp\/v2\/product"}],"about":[{"href":"http:\/\/www.arkaraf.com\/en\/wp-json\/wp\/v2\/types\/product"}],"replies":[{"embeddable":true,"href":"http:\/\/www.arkaraf.com\/en\/wp-json\/wp\/v2\/comments?post=6422"}],"wp:featuredmedia":[{"embeddable":true,"href":"http:\/\/www.arkaraf.com\/en\/wp-json\/wp\/v2\/media\/6423"}],"wp:attachment":[{"href":"http:\/\/www.arkaraf.com\/en\/wp-json\/wp\/v2\/media?parent=6422"}],"wp:term":[{"taxonomy":"product_cat","embeddable":true,"href":"http:\/\/www.arkaraf.com\/en\/wp-json\/wp\/v2\/product_cat?post=6422"},{"taxonomy":"product_tag","embeddable":true,"href":"http:\/\/www.arkaraf.com\/en\/wp-json\/wp\/v2\/product_tag?post=6422"}],"curies":[{"name":"wp","href":"https:\/\/api.w.org\/{rel}","templated":true}]}}