{"id":6420,"date":"2025-10-16T11:57:44","date_gmt":"2025-10-16T08:57:44","guid":{"rendered":"http:\/\/www.arkaraf.com\/kitap\/savant-burhan-isik"},"modified":"2025-10-16T11:57:44","modified_gmt":"2025-10-16T08:57:44","slug":"savant-burhan-isik","status":"publish","type":"product","link":"http:\/\/www.arkaraf.com\/en\/kitap\/savant-burhan-isik","title":{"rendered":"Savant &#8211; Burhan I\u015f\u0131k"},"content":{"rendered":"","protected":false},"excerpt":{"rendered":"<p>S\u0131radan hayatlar ya\u015far\u0131z, bunlar\u0131n s\u0131radanl\u0131\u011f\u0131n\u0131 kader olarak adland\u0131r\u0131r\u0131z. Ama baz\u0131lar\u0131m\u0131z\u0131n hayat\u0131 san\u0131lan s\u0131radanl\u0131ktan s\u0131yr\u0131l\u0131r. Hayata herkes gibi bakamaz art\u0131k bu ki\u015filer. Ka\u00e7\u0131\u015f\u0131 olmad\u0131\u011f\u0131 gibi, geri d\u00f6n\u00fc\u015f\u00fc de yoktur, onlar\u0131n hayatlar\u0131n\u0131n. O kader ya\u015fanacakt\u0131r.<\/p>","protected":false},"featured_media":6421,"comment_status":"closed","ping_status":"open","template":"","meta":{"inline_featured_image":false},"product_cat":[1019,1097],"product_tag":[],"class_list":{"0":"post-6420","1":"product","2":"type-product","3":"status-publish","4":"has-post-thumbnail","6":"product_cat-edebiyat","7":"product_cat-hikaye","8":"pa_boyut-135-x-195-cm","9":"pa_dil-turkce","10":"pa_sayfa-sayisi-424","11":"pa_yayin-tarihi-10-16-2020","12":"pa_yazar-burhan-isik","14":"first","15":"instock","16":"sale","17":"purchasable","18":"product-type-simple"},"_links":{"self":[{"href":"http:\/\/www.arkaraf.com\/en\/wp-json\/wp\/v2\/product\/6420","targetHints":{"allow":["GET"]}}],"collection":[{"href":"http:\/\/www.arkaraf.com\/en\/wp-json\/wp\/v2\/product"}],"about":[{"href":"http:\/\/www.arkaraf.com\/en\/wp-json\/wp\/v2\/types\/product"}],"replies":[{"embeddable":true,"href":"http:\/\/www.arkaraf.com\/en\/wp-json\/wp\/v2\/comments?post=6420"}],"wp:featuredmedia":[{"embeddable":true,"href":"http:\/\/www.arkaraf.com\/en\/wp-json\/wp\/v2\/media\/6421"}],"wp:attachment":[{"href":"http:\/\/www.arkaraf.com\/en\/wp-json\/wp\/v2\/media?parent=6420"}],"wp:term":[{"taxonomy":"product_cat","embeddable":true,"href":"http:\/\/www.arkaraf.com\/en\/wp-json\/wp\/v2\/product_cat?post=6420"},{"taxonomy":"product_tag","embeddable":true,"href":"http:\/\/www.arkaraf.com\/en\/wp-json\/wp\/v2\/product_tag?post=6420"}],"curies":[{"name":"wp","href":"https:\/\/api.w.org\/{rel}","templated":true}]}}