{"id":6418,"date":"2025-10-16T11:56:54","date_gmt":"2025-10-16T08:56:54","guid":{"rendered":"http:\/\/www.arkaraf.com\/kitap\/ki-cengiz-sagban"},"modified":"2025-10-16T11:57:39","modified_gmt":"2025-10-16T08:57:39","slug":"ki-cengiz-sagban","status":"publish","type":"product","link":"http:\/\/www.arkaraf.com\/en\/kitap\/ki-cengiz-sagban","title":{"rendered":"Ki &#8211; Cengiz \u015ea\u011fban"},"content":{"rendered":"","protected":false},"excerpt":{"rendered":"<div class=\"wysiwyg prd_description\">\n<p>madem devletlerin duygular\u0131 yok<br \/>\nbiz de duygular\u0131m\u0131z\u0131n devletini kural\u0131m sevgilim<br \/>\nkurbana saklanan ko\u00e7 ba\u015fkentimiz<br \/>\ncaminin avlusuna b\u0131rak\u0131lm\u0131\u015f bebek dinimiz olsun<\/p>\n<p>***<\/p>\n<p>sol sayfaya beni, sa\u011f sayfaya da seni yazd\u0131<br \/>\nm\u00fcrekkebin kurumas\u0131n\u0131 beklemeden<br \/>\nkapatt\u0131 defteri tanr\u0131<br \/>\nde\u011fdik ve da\u011f\u0131ld\u0131k birbirimize<br \/>\nbiz sehven yaz\u0131lan de\u011fil<br \/>\nsehven kapat\u0131lan bir kaderiz<\/p>\n<p>***<\/p>\n<p>tekini kaybetmi\u015f bir \u00e7orab\u0131n heyecan\u0131 var sende<br \/>\nbirbirimizi buldu\u011fumuz g\u00fcn<br \/>\nyaln\u0131zl\u0131\u011f\u0131m\u0131z\u0131 kirletelim \u00f6nce<\/p>\n<\/div>","protected":false},"featured_media":6419,"comment_status":"closed","ping_status":"open","template":"","meta":{"inline_featured_image":false},"product_cat":[1020,1019],"product_tag":[],"class_list":{"0":"post-6418","1":"product","2":"type-product","3":"status-publish","4":"has-post-thumbnail","6":"product_cat-siir","7":"product_cat-edebiyat","8":"pa_boyut-135-x-195-cm","9":"pa_dil-turkce","10":"pa_sayfa-sayisi-1233","11":"pa_yayin-tarihi-10-16-2020","12":"pa_yazar-cengiz-sagban","14":"first","15":"instock","16":"sale","17":"purchasable","18":"product-type-simple"},"_links":{"self":[{"href":"http:\/\/www.arkaraf.com\/en\/wp-json\/wp\/v2\/product\/6418","targetHints":{"allow":["GET"]}}],"collection":[{"href":"http:\/\/www.arkaraf.com\/en\/wp-json\/wp\/v2\/product"}],"about":[{"href":"http:\/\/www.arkaraf.com\/en\/wp-json\/wp\/v2\/types\/product"}],"replies":[{"embeddable":true,"href":"http:\/\/www.arkaraf.com\/en\/wp-json\/wp\/v2\/comments?post=6418"}],"wp:featuredmedia":[{"embeddable":true,"href":"http:\/\/www.arkaraf.com\/en\/wp-json\/wp\/v2\/media\/6419"}],"wp:attachment":[{"href":"http:\/\/www.arkaraf.com\/en\/wp-json\/wp\/v2\/media?parent=6418"}],"wp:term":[{"taxonomy":"product_cat","embeddable":true,"href":"http:\/\/www.arkaraf.com\/en\/wp-json\/wp\/v2\/product_cat?post=6418"},{"taxonomy":"product_tag","embeddable":true,"href":"http:\/\/www.arkaraf.com\/en\/wp-json\/wp\/v2\/product_tag?post=6418"}],"curies":[{"name":"wp","href":"https:\/\/api.w.org\/{rel}","templated":true}]}}