{"id":6412,"date":"2025-10-16T11:56:54","date_gmt":"2025-10-16T08:56:54","guid":{"rendered":"http:\/\/www.arkaraf.com\/kitap\/insan-ve-insana-dair-abdullah-bayer"},"modified":"2025-10-16T11:57:31","modified_gmt":"2025-10-16T08:57:31","slug":"insan-ve-insana-dair-abdullah-bayer","status":"publish","type":"product","link":"http:\/\/www.arkaraf.com\/en\/kitap\/insan-ve-insana-dair-abdullah-bayer","title":{"rendered":"\u0130nsan ve \u0130nsana Dair &#8211; Abdullah Bayer"},"content":{"rendered":"","protected":false},"excerpt":{"rendered":"<div class=\"wysiwyg prd_description\">\n<p>\u201c\u0130nsan Ne ile Ya\u015far?\u201dda insan\u0131n bitip t\u00fckenmek bilmeyen h\u0131rs\u0131ndan bahseder Tolstoy. Bu h\u0131rslar\u0131n insan\u0131 ad\u0131m ad\u0131m yok olu\u015fa s\u00fcr\u00fckledi\u011fini anlat\u0131r. \u201cS\u00fcr\u00fcklemek\u201d yerine \u201chaz\u0131rlamak\u201d fiilini kullanacakt\u0131m ancak haz\u0131rlanmak tedbir gerektirdi\u011fi i\u00e7in ani yakalan\u0131\u015flar\u0131 bar\u0131nd\u0131rmaz i\u00e7inde \u00e7o\u011fu zaman. Tedbir mant\u0131kla yan yana y\u00fcr\u00fcy\u00fcnce, yakalan\u0131\u015flar m\u00fcmk\u00fcn oldu\u011funca uzak durur insandan.<\/p>\n<p>\u0130nsan\u0131n tabiat\u0131nda vard\u0131r acelecilik. \u00c7ok arzulad\u0131\u011f\u0131 bir \u015feyin hemen olmas\u0131n\u0131 istemek insana has bir duygu olmal\u0131. \u201cHemen in sab\u0131rs\u0131zl\u0131\u011f\u0131 \u201czaman\u201dda tomurcuklanmaya b\u0131rak\u0131l\u0131r adeta. Zaman olgunla\u015ft\u0131r\u0131r olgular\u0131 ya da olgular zamanla olgunla\u015f\u0131r. Zaman\u0131 gelmeden \u00e7i\u00e7ekler a\u00e7maz bilinir. Zaman\u0131 gelmeden meyveler olgunla\u015fmaz, g\u00fcn ayd\u0131nlanmaz. Zaman\u0131 gelmeden t\u0131rt\u0131l kelebe\u011fe d\u00f6n\u00fc\u015fmez, sular y\u00fckselmez. Bunun i\u00e7in olsa gerek her \u015fey zamana b\u0131rak\u0131l\u0131r en hay\u0131rl\u0131s\u0131n\u0131 beklemek i\u00e7in.<\/p>\n<p>Zaman, zaman\u0131 da i\u00e7inde saklar bilen bilir. \u0130lk \u201cOl!\u201dda b\u00fct\u00fcn zamanlar \u201cilk zaman\u201d\u0131n nefesine gizlendi belki. Evren zaman\u0131n akci\u011feri\u2026 Nefes ald\u0131\u011f\u0131nda zaman, evren \u015fi\u015fer, geni\u015fler. Nefes veri\u015fi de sakl\u0131 zamanlar\u0131 do\u011furuyor sanki. Zaman olgunla\u015ft\u0131r\u0131yor ve sonra da y\u0131prat\u0131yor b\u00fct\u00fcn olu\u015flar\u0131. Zamanda, zamanla v\u00fccuda gelen b\u00fct\u00fcn olu\u015flar zamanla sona yakalan\u0131r. \u201cEn son\u201dda zaman\u0131n sonu olmal\u0131. \u201cSon zaman\u201d nereye ne zamana denk gelir bilinmez. Zaman\u0131n \u00f6l\u00fcm\u00fc de \u00f6l\u00fcm\u00fcn \u00f6l\u00fcm\u00fc gibi sonsuzlu\u011fu getiriyor olmal\u0131. Zaman, zamanla m\u0131 anla\u015f\u0131l\u0131r, zamans\u0131zl\u0131kla m\u0131? Anla\u015f\u0131lmayan da mutlaka anla\u015f\u0131lacak biliyorum. Onun da zaman\u0131 olmal\u0131.<\/p>\n<\/div>","protected":false},"featured_media":6413,"comment_status":"closed","ping_status":"open","template":"","meta":{"inline_featured_image":false},"product_cat":[1024,1019],"product_tag":[],"class_list":{"0":"post-6412","1":"product","2":"type-product","3":"status-publish","4":"has-post-thumbnail","6":"product_cat-deneme","7":"product_cat-edebiyat","8":"pa_boyut-135-x-195-cm","9":"pa_dil-turkce","10":"pa_sayfa-sayisi-334","11":"pa_yayin-tarihi-9-30-2020","12":"pa_yazar-abdullah-bayer","14":"first","15":"instock","16":"sale","17":"purchasable","18":"product-type-simple"},"_links":{"self":[{"href":"http:\/\/www.arkaraf.com\/en\/wp-json\/wp\/v2\/product\/6412","targetHints":{"allow":["GET"]}}],"collection":[{"href":"http:\/\/www.arkaraf.com\/en\/wp-json\/wp\/v2\/product"}],"about":[{"href":"http:\/\/www.arkaraf.com\/en\/wp-json\/wp\/v2\/types\/product"}],"replies":[{"embeddable":true,"href":"http:\/\/www.arkaraf.com\/en\/wp-json\/wp\/v2\/comments?post=6412"}],"wp:featuredmedia":[{"embeddable":true,"href":"http:\/\/www.arkaraf.com\/en\/wp-json\/wp\/v2\/media\/6413"}],"wp:attachment":[{"href":"http:\/\/www.arkaraf.com\/en\/wp-json\/wp\/v2\/media?parent=6412"}],"wp:term":[{"taxonomy":"product_cat","embeddable":true,"href":"http:\/\/www.arkaraf.com\/en\/wp-json\/wp\/v2\/product_cat?post=6412"},{"taxonomy":"product_tag","embeddable":true,"href":"http:\/\/www.arkaraf.com\/en\/wp-json\/wp\/v2\/product_tag?post=6412"}],"curies":[{"name":"wp","href":"https:\/\/api.w.org\/{rel}","templated":true}]}}