{"id":6402,"date":"2025-10-16T11:56:54","date_gmt":"2025-10-16T08:56:54","guid":{"rendered":"http:\/\/www.arkaraf.com\/kitap\/ilk-yurek-adil-guzelsoy"},"modified":"2025-10-16T11:57:20","modified_gmt":"2025-10-16T08:57:20","slug":"ilk-yurek-adil-guzelsoy","status":"publish","type":"product","link":"http:\/\/www.arkaraf.com\/en\/kitap\/ilk-yurek-adil-guzelsoy","title":{"rendered":"\u0130lk Y\u00fcrek &#8211; Adil G\u00fczelsoy"},"content":{"rendered":"","protected":false},"excerpt":{"rendered":"<div class=\"wysiwyg prd_description\">\n<p>Bilinmelidir ki defterlere, kitaplara yaz\u0131lan \u00e7izilen t\u00fcm bilgiler, \u00f6nceleri bir ak\u0131l olu\u015fturur, sonra beyinde dola\u015f\u0131r, zararl\u0131 pasakl\u0131 d\u00fc\u015f\u00fcncelerinden ar\u0131nd\u0131rarak temiz ve sahi d\u00fc\u015f\u00fcncelerle y\u00fcreklere u\u011frar.<\/p>\n<p>Orada en faydal\u0131 olabilecek bir kapasite yaratarak y\u00fcrek bo\u015flu\u011fundaki bah\u00e7elerindeki tarlalarda ekilir ve sonra ne meyveler verir! Sonra birer \u00e7ekirdek ve tohum olarak bir ikram sunarak kitap sat\u0131rlar\u0131na ekilir.<\/p>\n<p>Bu mahsuldan manev\u00ee ge\u00e7imini sa\u011flamak isteyen \u00e7ekirde\u011finden, tohumundan al\u0131r tane tane, kara toprak suretinde olan y\u00fcre\u011fin i\u00e7indeki karanl\u0131k \u015fehir kuru topraklar\u0131na eker bostan\u0131n\u0131. Ye\u015fillendirir, meyvelendirir ve y\u00fcrek \u015fehrini \u0131\u015f\u0131kland\u0131r\u0131r.<\/p>\n<p>\u0130nsaniyet zeminle\u015ftirildikten sonra \u00f6nce y\u00fcreklere kuruldu sonra ruh ve bir g\u00f6vdeyle bir k\u0131vam sa\u011flad\u0131. Sonra yay\u0131ld\u0131 t\u00fcm h\u00fccrelere, kenetlendi ve \u00e7o\u011falmaya ba\u015flad\u0131. \u00dcretildi ve \u00fcretti. T\u00fcm insaniyete d\u00fc\u015f\u00fcnebilece\u011fi kadar ak\u0131l, t\u00fcm hayata yetecek kadar adalet, t\u00fcm k\u00f6rlere g\u00f6rebilecekleri kadar g\u00f6z, t\u00fcm aksakl\u0131klara tutabilecekleri el, y\u00fcr\u00fcyebilecekleri kadar ayak oldu. E\u015fit oldu t\u00fcm sermayelere, \u00fcz\u00fcnt\u00fclere kar\u015f\u0131l\u0131k tebess\u00fcm l\u00fctfetti. Sonra ya\u015fant\u0131n\u0131n t\u00fcm umurunda olan do\u011fru isabetlerle haz\u0131rlanan projelerle tek bir isim alt\u0131nda kocaman bir y\u00fcrek olu\u015ftu.<\/p>\n<\/div>","protected":false},"featured_media":6403,"comment_status":"closed","ping_status":"open","template":"","meta":{"inline_featured_image":false},"product_cat":[1020,1019],"product_tag":[],"class_list":{"0":"post-6402","1":"product","2":"type-product","3":"status-publish","4":"has-post-thumbnail","6":"product_cat-siir","7":"product_cat-edebiyat","8":"pa_boyut-135-x-195-cm","9":"pa_dil-turkce","10":"pa_sayfa-sayisi-948","11":"pa_yayin-tarihi-8-14-2020","12":"pa_yazar-adil-guzelsoy","14":"first","15":"instock","16":"sale","17":"purchasable","18":"product-type-simple"},"_links":{"self":[{"href":"http:\/\/www.arkaraf.com\/en\/wp-json\/wp\/v2\/product\/6402","targetHints":{"allow":["GET"]}}],"collection":[{"href":"http:\/\/www.arkaraf.com\/en\/wp-json\/wp\/v2\/product"}],"about":[{"href":"http:\/\/www.arkaraf.com\/en\/wp-json\/wp\/v2\/types\/product"}],"replies":[{"embeddable":true,"href":"http:\/\/www.arkaraf.com\/en\/wp-json\/wp\/v2\/comments?post=6402"}],"wp:featuredmedia":[{"embeddable":true,"href":"http:\/\/www.arkaraf.com\/en\/wp-json\/wp\/v2\/media\/6403"}],"wp:attachment":[{"href":"http:\/\/www.arkaraf.com\/en\/wp-json\/wp\/v2\/media?parent=6402"}],"wp:term":[{"taxonomy":"product_cat","embeddable":true,"href":"http:\/\/www.arkaraf.com\/en\/wp-json\/wp\/v2\/product_cat?post=6402"},{"taxonomy":"product_tag","embeddable":true,"href":"http:\/\/www.arkaraf.com\/en\/wp-json\/wp\/v2\/product_tag?post=6402"}],"curies":[{"name":"wp","href":"https:\/\/api.w.org\/{rel}","templated":true}]}}