{"id":6394,"date":"2025-10-16T11:56:54","date_gmt":"2025-10-16T08:56:54","guid":{"rendered":"http:\/\/www.arkaraf.com\/kitap\/sira-disi-vakalar-temel-kilincli"},"modified":"2025-10-16T11:57:11","modified_gmt":"2025-10-16T08:57:11","slug":"sira-disi-vakalar-temel-kilincli","status":"publish","type":"product","link":"http:\/\/www.arkaraf.com\/en\/kitap\/sira-disi-vakalar-temel-kilincli","title":{"rendered":"S\u0131ra D\u0131\u015f\u0131 Vakalar &#8211; Temel K\u0131l\u0131n\u00e7l\u0131"},"content":{"rendered":"","protected":false},"excerpt":{"rendered":"<p>Ya\u015fl\u0131 kad\u0131n\u0131n cesedini kim ve neden derin dondurucuya koydu?<br \/>\nK\u00f6pe\u011fi ile ili\u015fkisi oldu\u011funu utana s\u0131k\u0131la anlatan gen\u00e7 k\u0131z neleri itiraf etti?<br \/>\nKocas\u0131n\u0131 b\u0131\u00e7aklayan kad\u0131n\u0131n kan donduran ifadeleri do\u011fru mu?<br \/>\nEvlatlar\u0131 taraf\u0131ndan terk edilen ya\u015fl\u0131 adam\u0131n kurtlanm\u0131\u015f cesedine nas\u0131l ula\u015f\u0131ld\u0131?<br \/>\nKocas\u0131n\u0131 aldatan kad\u0131n\u0131n yata\u011f\u0131nda \u00f6len adam kim?<br \/>\nGen\u00e7 adam\u0131 cinsel organ\u0131n\u0131 kaybetme a\u015famas\u0131na getiren ne?<br \/>\n&#8220;\u00d6l\u00fcm\u00fcm\u00fcn tek sorumlusu vard\u0131r.&#8221; diye not yazd\u0131ktan sonra kendini asan adam\u0131n vakas\u0131 bir intihar s\u00fcs\u00fc olabilir mi?<br \/>\nKocas\u0131n\u0131n kafas\u0131na vazo ile vuran kad\u0131n kendini nas\u0131l ele verdi?<br \/>\nTekstil at\u00f6lyesindeki ye\u015fil montlu adam nereye bak\u0131yordu?<br \/>\nBir deri bir kemik kalm\u0131\u015f kad\u0131n\u0131 bu hale sokan ne?<\/p>","protected":false},"featured_media":6395,"comment_status":"closed","ping_status":"open","template":"","meta":{"inline_featured_image":false},"product_cat":[1083,1019],"product_tag":[],"class_list":{"0":"post-6394","1":"product","2":"type-product","3":"status-publish","4":"has-post-thumbnail","6":"product_cat-ani","7":"product_cat-edebiyat","8":"pa_boyut-10x-14cm","9":"pa_dil-turkce","10":"pa_sayfa-sayisi-959","11":"pa_yayin-tarihi-8-10-2020","12":"pa_yazar-temel-kilincli","14":"first","15":"instock","16":"sale","17":"purchasable","18":"product-type-simple"},"_links":{"self":[{"href":"http:\/\/www.arkaraf.com\/en\/wp-json\/wp\/v2\/product\/6394","targetHints":{"allow":["GET"]}}],"collection":[{"href":"http:\/\/www.arkaraf.com\/en\/wp-json\/wp\/v2\/product"}],"about":[{"href":"http:\/\/www.arkaraf.com\/en\/wp-json\/wp\/v2\/types\/product"}],"replies":[{"embeddable":true,"href":"http:\/\/www.arkaraf.com\/en\/wp-json\/wp\/v2\/comments?post=6394"}],"wp:featuredmedia":[{"embeddable":true,"href":"http:\/\/www.arkaraf.com\/en\/wp-json\/wp\/v2\/media\/6395"}],"wp:attachment":[{"href":"http:\/\/www.arkaraf.com\/en\/wp-json\/wp\/v2\/media?parent=6394"}],"wp:term":[{"taxonomy":"product_cat","embeddable":true,"href":"http:\/\/www.arkaraf.com\/en\/wp-json\/wp\/v2\/product_cat?post=6394"},{"taxonomy":"product_tag","embeddable":true,"href":"http:\/\/www.arkaraf.com\/en\/wp-json\/wp\/v2\/product_tag?post=6394"}],"curies":[{"name":"wp","href":"https:\/\/api.w.org\/{rel}","templated":true}]}}