{"id":6358,"date":"2025-10-16T11:56:00","date_gmt":"2025-10-16T08:56:00","guid":{"rendered":"http:\/\/www.arkaraf.com\/kitap\/yasanmis-ask-siirleri-metin-ergun"},"modified":"2025-10-16T11:56:22","modified_gmt":"2025-10-16T08:56:22","slug":"yasanmis-ask-siirleri-metin-ergun","status":"publish","type":"product","link":"http:\/\/www.arkaraf.com\/en\/kitap\/yasanmis-ask-siirleri-metin-ergun","title":{"rendered":"Ya\u015fanm\u0131\u015f A\u015fk \u015eiirleri &#8211; Metin Erg\u00fcn"},"content":{"rendered":"","protected":false},"excerpt":{"rendered":"<p>A\u015fk\u0131m\u0131, duygular\u0131m\u0131, d\u00fc\u015f\u00fcncelerimi<br \/>\nBir \u015fiirle anlatmaya karar verdim<br \/>\n\u00c7\u00fcnk\u00fc bu benim en b\u00fcy\u00fck hayallerimden biriydi<br \/>\nVe bu hayallerimi ger\u00e7ekle\u015ftirmeye karar verdim<br \/>\nVeee bundan eminim&#8217;ki benim gibi ya\u015fayanlar vard\u0131r<br \/>\nBel&#8217;ki her hangi bir kitaba derdini d\u00f6kmek isteyenlerde vard\u0131r<br \/>\nBende b\u00f6yle d\u00fc\u015f\u00fcnerekten yola girdim<br \/>\nKimsenin anlatamad\u0131\u011f\u0131 derdi anlatmaya karar verdim<br \/>\nOkurlar\u0131m\u0131za sevgilerimle ve sayg\u0131lar\u0131mla sunar\u0131m&#8230;<\/p>","protected":false},"featured_media":6359,"comment_status":"closed","ping_status":"open","template":"","meta":{"inline_featured_image":false},"product_cat":[1020,1019],"product_tag":[],"class_list":{"0":"post-6358","1":"product","2":"type-product","3":"status-publish","4":"has-post-thumbnail","6":"product_cat-siir","7":"product_cat-edebiyat","8":"pa_boyut-135-x-195-cm","9":"pa_dil-turkce","10":"pa_sayfa-sayisi-1194","11":"pa_yayin-tarihi-2-27-2020","12":"pa_yazar-metin-ergun","14":"first","15":"instock","16":"sale","17":"purchasable","18":"product-type-simple"},"_links":{"self":[{"href":"http:\/\/www.arkaraf.com\/en\/wp-json\/wp\/v2\/product\/6358","targetHints":{"allow":["GET"]}}],"collection":[{"href":"http:\/\/www.arkaraf.com\/en\/wp-json\/wp\/v2\/product"}],"about":[{"href":"http:\/\/www.arkaraf.com\/en\/wp-json\/wp\/v2\/types\/product"}],"replies":[{"embeddable":true,"href":"http:\/\/www.arkaraf.com\/en\/wp-json\/wp\/v2\/comments?post=6358"}],"wp:featuredmedia":[{"embeddable":true,"href":"http:\/\/www.arkaraf.com\/en\/wp-json\/wp\/v2\/media\/6359"}],"wp:attachment":[{"href":"http:\/\/www.arkaraf.com\/en\/wp-json\/wp\/v2\/media?parent=6358"}],"wp:term":[{"taxonomy":"product_cat","embeddable":true,"href":"http:\/\/www.arkaraf.com\/en\/wp-json\/wp\/v2\/product_cat?post=6358"},{"taxonomy":"product_tag","embeddable":true,"href":"http:\/\/www.arkaraf.com\/en\/wp-json\/wp\/v2\/product_tag?post=6358"}],"curies":[{"name":"wp","href":"https:\/\/api.w.org\/{rel}","templated":true}]}}