{"id":6129,"date":"2025-10-16T11:45:57","date_gmt":"2025-10-16T08:45:57","guid":{"rendered":"http:\/\/www.arkaraf.com\/kitap\/orman-kampinda-kayip-harita-mehmetali-eyidogan"},"modified":"2025-10-16T11:45:58","modified_gmt":"2025-10-16T08:45:58","slug":"orman-kampinda-kayip-harita-mehmetali-eyidogan","status":"publish","type":"product","link":"http:\/\/www.arkaraf.com\/en\/kitap\/orman-kampinda-kayip-harita-mehmetali-eyidogan","title":{"rendered":"Orman Kamp\u0131nda Kay\u0131p Harita &#8211; Mehmetali Eyido\u011fan"},"content":{"rendered":"<p>Bu kitap, do\u011fay\u0131 koruman\u0131n, birlikte hareket etmenin ve karde\u015fli\u011fin ne kadar de\u011ferli oldu\u011funu anlatan, umut dolu d\u00f6rt masal sunuyor.<\/p>","protected":false},"excerpt":{"rendered":"<p>Bu kitap, do\u011fay\u0131 koruman\u0131n, birlikte hareket etmenin ve karde\u015fli\u011fin ne kadar de\u011ferli oldu\u011funu anlatan, umut dolu d\u00f6rt masal sunuyor.<\/p>","protected":false},"featured_media":4683,"comment_status":"closed","ping_status":"open","template":"","meta":{"inline_featured_image":false},"product_cat":[386],"product_tag":[],"class_list":{"0":"post-6129","1":"product","2":"type-product","3":"status-publish","4":"has-post-thumbnail","6":"product_cat-cocuk-kitaplari","7":"pa_boyut-135-x-195-cm","8":"pa_dil-turkce","9":"pa_sayfa-sayisi-640","10":"pa_yayin-tarihi-8-13-2025","11":"pa_yazar-mehmetali-eyidogan","13":"first","14":"instock","15":"sale","16":"purchasable","17":"product-type-simple"},"_links":{"self":[{"href":"http:\/\/www.arkaraf.com\/en\/wp-json\/wp\/v2\/product\/6129","targetHints":{"allow":["GET"]}}],"collection":[{"href":"http:\/\/www.arkaraf.com\/en\/wp-json\/wp\/v2\/product"}],"about":[{"href":"http:\/\/www.arkaraf.com\/en\/wp-json\/wp\/v2\/types\/product"}],"replies":[{"embeddable":true,"href":"http:\/\/www.arkaraf.com\/en\/wp-json\/wp\/v2\/comments?post=6129"}],"wp:featuredmedia":[{"embeddable":true,"href":"http:\/\/www.arkaraf.com\/en\/wp-json\/wp\/v2\/media\/4683"}],"wp:attachment":[{"href":"http:\/\/www.arkaraf.com\/en\/wp-json\/wp\/v2\/media?parent=6129"}],"wp:term":[{"taxonomy":"product_cat","embeddable":true,"href":"http:\/\/www.arkaraf.com\/en\/wp-json\/wp\/v2\/product_cat?post=6129"},{"taxonomy":"product_tag","embeddable":true,"href":"http:\/\/www.arkaraf.com\/en\/wp-json\/wp\/v2\/product_tag?post=6129"}],"curies":[{"name":"wp","href":"https:\/\/api.w.org\/{rel}","templated":true}]}}