{"id":6123,"date":"2025-10-16T11:45:55","date_gmt":"2025-10-16T08:45:55","guid":{"rendered":"http:\/\/www.arkaraf.com\/kitap\/12-eylul-sag-siyaset-ve-din-metin-sevil"},"modified":"2025-10-16T11:45:56","modified_gmt":"2025-10-16T08:45:56","slug":"12-eylul-sag-siyaset-ve-din-metin-sevil","status":"publish","type":"product","link":"http:\/\/www.arkaraf.com\/en\/kitap\/12-eylul-sag-siyaset-ve-din-metin-sevil","title":{"rendered":"12 Eyl\u00fcl, Sa\u011f Siyaset ve Din &#8211; Metin Sevil"},"content":{"rendered":"<p>12 Eyl\u00fcl 2023 g\u00fcn\u00fc, &#8220;12 Eyl\u00fcl M\u00fcdahalesi Ezberler Ve Ger\u00e7ekler &#8211; 12 Eyl\u00fcl Ve Kenan EVREN&#8217;e Y\u00f6nelik Ele\u015ftirel S\u00f6ylemlerin Tahlili&#8221; isimli bir kitab\u0131m yay\u0131mlanm\u0131\u015ft\u0131.  Kitab\u0131mda, 12 Eyl\u00fcl Askeri M\u00fcdahalesi ve bu m\u00fcdahalenin lideri Kenan EVREN hakk\u0131nda y\u0131llar i\u00e7inde ortaya \u00e7\u0131kan, yerle\u015fen ve epeyce de taraftar bulan on farkl\u0131 ele\u015ftirel s\u00f6ylemi masaya yat\u0131rm\u0131\u015f ve tek tek irdelemi\u015ftim.  Kitab\u0131m yay\u0131mland\u0131ktan k\u0131sa s\u00fcre sonra, oraya ald\u0131\u011f\u0131m on madde d\u0131\u015f\u0131nda \u00e7ok \u00f6nemli bir s\u00f6ylemin\/iddian\u0131n da \u00e7ok kararl\u0131 bir \u015fekilde ve y\u00fcksek perdeden dillendirildi\u011fine \u015fahit olmaya ba\u015flad\u0131m. Bu s\u00f6yleme yaz\u0131l\u0131 g\u00f6rsel medyada \u00e7ok\u00e7a rastlad\u0131\u011f\u0131m gibi, kitap hakk\u0131nda tart\u0131\u015fmaya girdi\u011fim pek \u00e7ok ki\u015fiden de birbirine \u00e7ok yak\u0131n g\u00f6r\u00fc\u015f ve iddialar\u0131 duymaya ba\u015flad\u0131m.  \u00d6nemli bir eksiklik olarak, irdelemek \u00fczere kitaba almad\u0131\u011f\u0131m bu  iddialar \u00f6zetle \u015f\u00f6yle idi;  * Siyasal \u0130slam 12 Eyl\u00fcl&#8217;\u00fcn \u00fcr\u00fcn\u00fcd\u00fcr,  * Turgut \u00d6ZALI 12 Eyl\u00fcl y\u00f6netimi ba\u015f\u0131m\u0131za getirmi\u015ftir, 12 Eyl\u00fcl y\u00f6netimi sa\u011f\u0131 kollam\u0131\u015f, solu ezmi\u015ftir,  * Tarikat ve cemaatler geli\u015fecek ortam bulmu\u015f ve bug\u00fcnk\u00fc tablo  olu\u015fmu\u015ftur.  * Atat\u00fcrk\u00e7\u00fcl\u00fck ve Laiklik yara alm\u0131\u015ft\u0131r,  *23 Y\u0131ll\u0131k Ak Parti y\u00f6netimi ve dolay\u0131s\u0131yla i\u00e7inde bulundu\u011fumuz t\u00fcm  s\u0131k\u0131nt\u0131lar 12 Eyl\u00fcl&#8217;\u00fcn \u00fcr\u00fcn\u00fcd\u00fcr,  *12 Eyl\u00fcl M\u00fcdahalesi, y\u00fckselen solun \u00f6n\u00fcne set \u00e7ekip sa\u011fa alan a\u00e7mak maksad\u0131 ile yap\u0131lm\u0131\u015ft\u0131r. Amerika&#8217;n\u0131n &#8220;ye\u015fil ku\u015fak&#8221; projesinin hayata ge\u00e7irilmesi yolunda, kom\u00fcnizm tehlikesine dikkat \u00e7ekip, \u0130slamc\u0131 sos ile Amerikanc\u0131 bir zihin yap\u0131s\u0131n\u0131n hakim olmas\u0131 ama\u00e7lanm\u0131\u015ft\u0131r.  Konunun \u00f6nemi ve iddialar\u0131n alt ba\u015fl\u0131lar\u0131n\u0131n \u00e7ok olu\u015fu beni bu konuda m\u00fcstakil bir kitap yazmaya y\u00f6neltti ve elinizdeki bu kitap ortaya \u00e7\u0131kt\u0131.<\/p>","protected":false},"excerpt":{"rendered":"<p>12 Eyl\u00fcl 2023 g\u00fcn\u00fc, &#8220;12 Eyl\u00fcl M\u00fcdahalesi Ezberler Ve Ger\u00e7ekler &#8211; 12 Eyl\u00fcl Ve Kenan EVREN&#8217;e Y\u00f6nelik Ele\u015ftirel S\u00f6ylemlerin Tahlili&#8221; isimli bir kitab\u0131m yay\u0131mlanm\u0131\u015ft\u0131. Kitab\u0131mda, 12 Eyl\u00fcl Askeri M\u00fcdahalesi ve bu m\u00fcdahalenin lideri Kenan EVREN hakk\u0131nda y\u0131llar i\u00e7inde ortaya \u00e7\u0131kan, yerle\u015fen ve epeyce de taraftar bulan on farkl\u0131 ele\u015ftirel s\u00f6ylemi masaya yat\u0131rm\u0131\u015f ve tek tek [&hellip;]<\/p>\n","protected":false},"featured_media":4671,"comment_status":"closed","ping_status":"open","template":"","meta":{"inline_featured_image":false},"product_cat":[810],"product_tag":[],"class_list":{"0":"post-6123","1":"product","2":"type-product","3":"status-publish","4":"has-post-thumbnail","6":"product_cat-siyaset","7":"pa_boyut-135-x-195-cm","8":"pa_dil-turkce","9":"pa_sayfa-sayisi-957","10":"pa_yayin-tarihi-5-2-2025","11":"pa_yazar-metin-sevil","13":"first","14":"instock","15":"sale","16":"purchasable","17":"product-type-simple"},"_links":{"self":[{"href":"http:\/\/www.arkaraf.com\/en\/wp-json\/wp\/v2\/product\/6123","targetHints":{"allow":["GET"]}}],"collection":[{"href":"http:\/\/www.arkaraf.com\/en\/wp-json\/wp\/v2\/product"}],"about":[{"href":"http:\/\/www.arkaraf.com\/en\/wp-json\/wp\/v2\/types\/product"}],"replies":[{"embeddable":true,"href":"http:\/\/www.arkaraf.com\/en\/wp-json\/wp\/v2\/comments?post=6123"}],"wp:featuredmedia":[{"embeddable":true,"href":"http:\/\/www.arkaraf.com\/en\/wp-json\/wp\/v2\/media\/4671"}],"wp:attachment":[{"href":"http:\/\/www.arkaraf.com\/en\/wp-json\/wp\/v2\/media?parent=6123"}],"wp:term":[{"taxonomy":"product_cat","embeddable":true,"href":"http:\/\/www.arkaraf.com\/en\/wp-json\/wp\/v2\/product_cat?post=6123"},{"taxonomy":"product_tag","embeddable":true,"href":"http:\/\/www.arkaraf.com\/en\/wp-json\/wp\/v2\/product_tag?post=6123"}],"curies":[{"name":"wp","href":"https:\/\/api.w.org\/{rel}","templated":true}]}}