{"id":6110,"date":"2025-10-16T11:45:53","date_gmt":"2025-10-16T08:45:53","guid":{"rendered":"http:\/\/www.arkaraf.com\/kitap\/bardaktaki-susler-hoca-x"},"modified":"2025-10-16T11:45:54","modified_gmt":"2025-10-16T08:45:54","slug":"bardaktaki-susler-hoca-x","status":"publish","type":"product","link":"http:\/\/www.arkaraf.com\/en\/kitap\/bardaktaki-susler-hoca-x","title":{"rendered":"Bardaktaki S\u00fcsler &#8211; Hoca X"},"content":{"rendered":"<p>Bir bardak su\u2026 \u0130\u00e7inde hayat\u0131n \u00f6z\u00fc, berrak ve sade.<br \/>\nEtraf\u0131nda susuzluk \u00e7eken kalabal\u0131klar, g\u00f6zleri umutla dolu.<br \/>\nBu su, ruhlara ferahl\u0131k, dertlere deva olacak.<br \/>\nFakat baz\u0131 karanl\u0131k niyetli eller, o \u00f6z\u00fcn fark edilmesini istemezler.<br \/>\nBarda\u011f\u0131n i\u00e7indekine dokunamazlar, ama d\u0131\u015f\u0131n\u0131 \u00e7irkin boyalarla karalarlar.<br \/>\nYetmez, barda\u011f\u0131 sevdi\u011fini s\u00f6yleyen veya dengesiz seven baz\u0131 eller,<br \/>\nKendi s\u00fcslerini, etiketlerini eklerler barda\u011f\u0131n d\u0131\u015f y\u00fczeyine.<br \/>\nB\u00f6ylece suyun \u00f6z\u00fc neredeyse g\u00f6r\u00fcnmez hale gelir.<br \/>\nBir siluet, bir i\u015faret\u2026 Ama sadece bu kadar.<br \/>\nBakanlar, \u00f6z\u00fcne ula\u015famaman\u0131n belirsizli\u011fiyle barda\u011f\u0131 terk ederler..<br \/>\n\u00c7\u00fcnk\u00fc art\u0131k neye uzand\u0131klar\u0131n\u0131 bilemezler.<br \/>\nVe siz\u2026<br \/>\nBir an durun ve d\u00fc\u015f\u00fcn\u00fcn.<br \/>\nBu barda\u011f\u0131n i\u00e7indekine dair belirsizlikte,<br \/>\nO sudan bir yudum almak ister miydiniz?<\/p>","protected":false},"excerpt":{"rendered":"<p>Bir bardak su\u2026 \u0130\u00e7inde hayat\u0131n \u00f6z\u00fc, berrak ve sade. Etraf\u0131nda susuzluk \u00e7eken kalabal\u0131klar, g\u00f6zleri umutla dolu. Bu su, ruhlara ferahl\u0131k, dertlere deva olacak. Fakat baz\u0131 karanl\u0131k niyetli eller, o \u00f6z\u00fcn fark edilmesini istemezler. Barda\u011f\u0131n i\u00e7indekine dokunamazlar, ama d\u0131\u015f\u0131n\u0131 \u00e7irkin boyalarla karalarlar. Yetmez, barda\u011f\u0131 sevdi\u011fini s\u00f6yleyen veya dengesiz seven baz\u0131 eller, Kendi s\u00fcslerini, etiketlerini eklerler barda\u011f\u0131n [&hellip;]<\/p>\n","protected":false},"featured_media":4646,"comment_status":"closed","ping_status":"open","template":"","meta":{"inline_featured_image":false},"product_cat":[667],"product_tag":[],"class_list":{"0":"post-6110","1":"product","2":"type-product","3":"status-publish","4":"has-post-thumbnail","6":"product_cat-tasavvuf","7":"pa_boyut-135-x-195-cm","8":"pa_dil-turkce","9":"pa_sayfa-sayisi-778","10":"pa_yayin-tarihi-1-10-2025","11":"pa_yazar-hoca-x","13":"first","14":"instock","15":"sale","16":"purchasable","17":"product-type-simple"},"_links":{"self":[{"href":"http:\/\/www.arkaraf.com\/en\/wp-json\/wp\/v2\/product\/6110","targetHints":{"allow":["GET"]}}],"collection":[{"href":"http:\/\/www.arkaraf.com\/en\/wp-json\/wp\/v2\/product"}],"about":[{"href":"http:\/\/www.arkaraf.com\/en\/wp-json\/wp\/v2\/types\/product"}],"replies":[{"embeddable":true,"href":"http:\/\/www.arkaraf.com\/en\/wp-json\/wp\/v2\/comments?post=6110"}],"wp:featuredmedia":[{"embeddable":true,"href":"http:\/\/www.arkaraf.com\/en\/wp-json\/wp\/v2\/media\/4646"}],"wp:attachment":[{"href":"http:\/\/www.arkaraf.com\/en\/wp-json\/wp\/v2\/media?parent=6110"}],"wp:term":[{"taxonomy":"product_cat","embeddable":true,"href":"http:\/\/www.arkaraf.com\/en\/wp-json\/wp\/v2\/product_cat?post=6110"},{"taxonomy":"product_tag","embeddable":true,"href":"http:\/\/www.arkaraf.com\/en\/wp-json\/wp\/v2\/product_tag?post=6110"}],"curies":[{"name":"wp","href":"https:\/\/api.w.org\/{rel}","templated":true}]}}