{"id":6107,"date":"2025-10-16T11:45:53","date_gmt":"2025-10-16T08:45:53","guid":{"rendered":"http:\/\/www.arkaraf.com\/kitap\/istihbarat-analizleri-onur-dikmeci"},"modified":"2025-10-16T11:45:54","modified_gmt":"2025-10-16T08:45:54","slug":"istihbarat-analizleri-onur-dikmeci","status":"publish","type":"product","link":"http:\/\/www.arkaraf.com\/en\/kitap\/istihbarat-analizleri-onur-dikmeci","title":{"rendered":"\u0130stihbarat Analizleri &#8211; Onur Dikmeci"},"content":{"rendered":"<p>\u0130stihbarat kavram\u0131n\u0131n akademik ve bilimsel yakla\u015f\u0131mla g\u00fc\u00e7lenmesi ve teknolojiden, d\u0131\u015f politika hamlelerine eski ve yeni disiplinlerle i\u00e7 i\u00e7e ge\u00e7erek zenginle\u015fmesi, bu kavram\u0131n analiziyle ilgili yakla\u015f\u0131mlar\u0131n \u00f6nemini art\u0131rm\u0131\u015ft\u0131r. Bu \u00f6nemden referans al\u0131narak yaz\u0131lan \u2018\u0130stihbarat Analizleri\u2019 istihbarat \u00e7al\u0131\u015fmalar\u0131nda farkl\u0131 ve yeni bir yakla\u015f\u0131m\u0131 sunmaktad\u0131r. \u0130stihbarat Analizleri kapsam\u0131nda; diplomatik istihbarat matrislerinin olu\u015fturulmas\u0131ndan, Akademik \u0130stihbarat ve Teknolojik \u0130stihbarat yakla\u015f\u0131mlar\u0131na kadar birbirlerinden hem farkl\u0131 hem de ilgili analizler olu\u015fturulmu\u015ftur. Ayr\u0131ca T\u00fcrk \u0130stihbarat Te\u015fkilat\u0131 ve T\u00fcrk D\u00fcnyas\u0131\u2019n\u0131n \u0130stihbarat konsepti de analiz edilmi\u015f, okuyuculara analiz becerileri konusunda katk\u0131da bulunulmu\u015ftur. Alt\u0131 b\u00f6l\u00fcm halinde olu\u015fturulan \u0130stihbarat Analizleri, zamana yay\u0131larak okunup detayl\u0131 incelendi\u011finde, bu \u00e7al\u0131\u015fman\u0131n; ulusal g\u00fcvenlik, uluslararas\u0131 ili\u015fkiler, teknoloji-g\u00fcvenlik ili\u015fkisi gibi konular\u0131n daha ak\u0131lc\u0131 ve ele\u015ftirel yorumlanmas\u0131na, sava\u015f ve bar\u0131\u015f sahalar\u0131yla ilgili senaryo ve rapor \u00e7al\u0131\u015fmalar\u0131n\u0131n \u00fcretilmelerine destek olaca\u011f\u0131 d\u00fc\u015f\u00fcn\u00fclmektedir.<\/p>","protected":false},"excerpt":{"rendered":"<p>\u0130stihbarat kavram\u0131n\u0131n akademik ve bilimsel yakla\u015f\u0131mla g\u00fc\u00e7lenmesi ve teknolojiden, d\u0131\u015f politika hamlelerine eski ve yeni disiplinlerle i\u00e7 i\u00e7e ge\u00e7erek zenginle\u015fmesi, bu kavram\u0131n analiziyle ilgili yakla\u015f\u0131mlar\u0131n \u00f6nemini art\u0131rm\u0131\u015ft\u0131r. Bu \u00f6nemden referans al\u0131narak yaz\u0131lan \u2018\u0130stihbarat Analizleri\u2019 istihbarat \u00e7al\u0131\u015fmalar\u0131nda farkl\u0131 ve yeni bir yakla\u015f\u0131m\u0131 sunmaktad\u0131r. \u0130stihbarat Analizleri kapsam\u0131nda; diplomatik istihbarat matrislerinin olu\u015fturulmas\u0131ndan, Akademik \u0130stihbarat ve Teknolojik \u0130stihbarat yakla\u015f\u0131mlar\u0131na [&hellip;]<\/p>\n","protected":false},"featured_media":4640,"comment_status":"closed","ping_status":"open","template":"","meta":{"inline_featured_image":false},"product_cat":[810],"product_tag":[],"class_list":{"0":"post-6107","1":"product","2":"type-product","3":"status-publish","4":"has-post-thumbnail","6":"product_cat-siyaset","7":"pa_boyut-135-x-195-cm","8":"pa_dil-turkce","9":"pa_sayfa-sayisi-818","10":"pa_yayin-tarihi-1-10-2025","11":"pa_yazar-onur-dikmeci","13":"first","14":"instock","15":"sale","16":"purchasable","17":"product-type-simple"},"_links":{"self":[{"href":"http:\/\/www.arkaraf.com\/en\/wp-json\/wp\/v2\/product\/6107","targetHints":{"allow":["GET"]}}],"collection":[{"href":"http:\/\/www.arkaraf.com\/en\/wp-json\/wp\/v2\/product"}],"about":[{"href":"http:\/\/www.arkaraf.com\/en\/wp-json\/wp\/v2\/types\/product"}],"replies":[{"embeddable":true,"href":"http:\/\/www.arkaraf.com\/en\/wp-json\/wp\/v2\/comments?post=6107"}],"wp:featuredmedia":[{"embeddable":true,"href":"http:\/\/www.arkaraf.com\/en\/wp-json\/wp\/v2\/media\/4640"}],"wp:attachment":[{"href":"http:\/\/www.arkaraf.com\/en\/wp-json\/wp\/v2\/media?parent=6107"}],"wp:term":[{"taxonomy":"product_cat","embeddable":true,"href":"http:\/\/www.arkaraf.com\/en\/wp-json\/wp\/v2\/product_cat?post=6107"},{"taxonomy":"product_tag","embeddable":true,"href":"http:\/\/www.arkaraf.com\/en\/wp-json\/wp\/v2\/product_tag?post=6107"}],"curies":[{"name":"wp","href":"https:\/\/api.w.org\/{rel}","templated":true}]}}