{"id":6103,"date":"2025-10-16T11:45:52","date_gmt":"2025-10-16T08:45:52","guid":{"rendered":"http:\/\/www.arkaraf.com\/kitap\/ilk-mesajlar-bulent-unlu"},"modified":"2025-10-16T11:45:52","modified_gmt":"2025-10-16T08:45:52","slug":"ilk-mesajlar-bulent-unlu","status":"publish","type":"product","link":"http:\/\/www.arkaraf.com\/en\/kitap\/ilk-mesajlar-bulent-unlu","title":{"rendered":"\u0130lk Mesajlar &#8211; B\u00fclent \u00dcnl\u00fc"},"content":{"rendered":"<p>\u0130nsan, ger\u00e7ekten do\u011fruluk ve d\u00fcr\u00fcstl\u00fck yolunda y\u00fcr\u00fcmek istiyorsa, \u201cvicdan\u0131n\u0131n sesini\u201d dinlemeli, ilahi mesajdan \u00f6\u011f\u00fct almal\u0131 ve o s\u00f6ze tabi olmal\u0131d\u0131r.<\/p>\n<p>Allah, hi\u00e7 kimseyi kendi kural ve ilkelerine uymas\u0131 i\u00e7in zorlamaz. O, insan\u0131n kendi iradesi ile o\u2019na teslim olmas\u0131n\u0131 istemektedir.<\/p>\n<p>O\u2019nun e\u015fsiz yarat\u0131l\u0131\u015f s\u00fcrecinde, hi\u00e7bir \u015fey rastlant\u0131sal olmay\u0131p, yarat\u0131lan her \u015fey bir yasaya tabiidir.<\/p>\n<p>\u0130nsan, i\u00e7indeki k\u00f6t\u00fcl\u00fck d\u00fcrt\u00fclerinin y\u0131k\u0131c\u0131 etkilerinden kurtulmas\u0131 i\u00e7in, Tanr\u0131 ile beraber y\u00fcr\u00fcmelidir.<\/p>\n<p>Tanr\u0131 ile y\u00fcr\u00fcyen insan, b\u00fct\u00fcn de\u011ferlendirme ve analizlerini, \u201cger\u00e7ek iyilik kayna\u011f\u0131n\u0131n\u201d bak\u0131\u015f a\u00e7\u0131s\u0131na g\u00f6re yapmal\u0131d\u0131r.<\/p>\n<p>Ger\u00e7ek kimli\u011fi ile toplumun kar\u015f\u0131s\u0131na \u00e7\u0131kmal\u0131 ve b\u00fct\u00fcn k\u00f6t\u00fcl\u00fck ve su\u00e7 odaklar\u0131ndan uzak oldu\u011funu ilan etmelidir. \u0130htiyac\u0131 olmad\u0131\u011f\u0131 halde, daha fazla servet ve para isteyerek, yoksulun ve yetimin hakk\u0131n\u0131 vermeyenlere, sahip olduklar\u0131 mal ve m\u00fclklerin fayda vermeyece\u011fini ifade etmelidir.<\/p>","protected":false},"excerpt":{"rendered":"<p>\u0130nsan, ger\u00e7ekten do\u011fruluk ve d\u00fcr\u00fcstl\u00fck yolunda y\u00fcr\u00fcmek istiyorsa, \u201cvicdan\u0131n\u0131n sesini\u201d dinlemeli, ilahi mesajdan \u00f6\u011f\u00fct almal\u0131 ve o s\u00f6ze tabi olmal\u0131d\u0131r. Allah, hi\u00e7 kimseyi kendi kural ve ilkelerine uymas\u0131 i\u00e7in zorlamaz. O, insan\u0131n kendi iradesi ile o\u2019na teslim olmas\u0131n\u0131 istemektedir. O\u2019nun e\u015fsiz yarat\u0131l\u0131\u015f s\u00fcrecinde, hi\u00e7bir \u015fey rastlant\u0131sal olmay\u0131p, yarat\u0131lan her \u015fey bir yasaya tabiidir. \u0130nsan, i\u00e7indeki [&hellip;]<\/p>\n","protected":false},"featured_media":4632,"comment_status":"closed","ping_status":"open","template":"","meta":{"inline_featured_image":false},"product_cat":[371],"product_tag":[],"class_list":{"0":"post-6103","1":"product","2":"type-product","3":"status-publish","4":"has-post-thumbnail","6":"product_cat-din-tasavvuf-kitaplari","7":"pa_boyut-135-x-195-cm","8":"pa_dil-turkce","9":"pa_sayfa-sayisi-868","10":"pa_yayin-tarihi-12-20-2024","11":"pa_yazar-bulent-unlu","13":"first","14":"instock","15":"sale","16":"purchasable","17":"product-type-simple"},"_links":{"self":[{"href":"http:\/\/www.arkaraf.com\/en\/wp-json\/wp\/v2\/product\/6103","targetHints":{"allow":["GET"]}}],"collection":[{"href":"http:\/\/www.arkaraf.com\/en\/wp-json\/wp\/v2\/product"}],"about":[{"href":"http:\/\/www.arkaraf.com\/en\/wp-json\/wp\/v2\/types\/product"}],"replies":[{"embeddable":true,"href":"http:\/\/www.arkaraf.com\/en\/wp-json\/wp\/v2\/comments?post=6103"}],"wp:featuredmedia":[{"embeddable":true,"href":"http:\/\/www.arkaraf.com\/en\/wp-json\/wp\/v2\/media\/4632"}],"wp:attachment":[{"href":"http:\/\/www.arkaraf.com\/en\/wp-json\/wp\/v2\/media?parent=6103"}],"wp:term":[{"taxonomy":"product_cat","embeddable":true,"href":"http:\/\/www.arkaraf.com\/en\/wp-json\/wp\/v2\/product_cat?post=6103"},{"taxonomy":"product_tag","embeddable":true,"href":"http:\/\/www.arkaraf.com\/en\/wp-json\/wp\/v2\/product_tag?post=6103"}],"curies":[{"name":"wp","href":"https:\/\/api.w.org\/{rel}","templated":true}]}}