{"id":6102,"date":"2025-10-16T11:45:52","date_gmt":"2025-10-16T08:45:52","guid":{"rendered":"http:\/\/www.arkaraf.com\/kitap\/genel-ruhsal-bilgiler-efe-aktan"},"modified":"2025-10-16T11:45:52","modified_gmt":"2025-10-16T08:45:52","slug":"genel-ruhsal-bilgiler-efe-aktan","status":"publish","type":"product","link":"http:\/\/www.arkaraf.com\/en\/kitap\/genel-ruhsal-bilgiler-efe-aktan","title":{"rendered":"Genel Ruhsal Bilgiler &#8211; Efe Aktan"},"content":{"rendered":"<p>\u00dc\u00e7 kitapl\u0131k serinin son kitab\u0131 olan bu kitap, insan\u0131n ruhsal sisteminin temel dinamiklerini ke\u015ffetmek isteyenler i\u00e7in bir yolculu\u011fa davettir. Ruh, Ara Alem, Tekam\u00fcl, \u00c7akralar, Y\u00fcksek Benlik ve Hasat gibi derin kavramlarla dolu bu rehber, okuyucuyu manevi yolda ad\u0131m ad\u0131m ilerletecek, her b\u00f6l\u00fcmde i\u00e7sel anlay\u0131\u015f\u0131n\u0131z\u0131 derinle\u015ftirecek bilgilerle donat\u0131lm\u0131\u015ft\u0131r. Evrensel hakikatler \u0131\u015f\u0131\u011f\u0131nda ilerleyen bu eser, ruhsal sistemin gizemli katmanlar\u0131n\u0131 anlamaya y\u00f6nelik bir kap\u0131 aral\u0131yor.<\/p>\n<p>Amac\u0131m\u0131z, sadece bilgi vermek de\u011fil, ayn\u0131 zamanda okuyucunun kendi i\u00e7sel rehberli\u011fini bulmas\u0131na vesile olmakt\u0131r. Bu kitap, her bireyin kendi ger\u00e7ekli\u011fini ke\u015ffetme yolculu\u011funda destek olacak \u015fekilde tasarland\u0131. Kendi i\u00e7sel do\u011frulu\u011funuza y\u00f6nelirken, ruhunuzun derinliklerindeki yan\u0131tlar\u0131 bulman\u0131z i\u00e7in yol g\u00f6sterecek pratik bilgiler ve manevi rehberlikle dolu bir kaynak sunuyoruz.<\/p>\n<p>Ruhsal ayd\u0131nlanmaya giden bu yolda, her ad\u0131mda daha derin bir i\u00e7sel huzura ve fark\u0131ndal\u0131\u011fa ula\u015fabilirsiniz. Hasat zaman\u0131na do\u011fru ilerlerken, ruhunuzun en saf haliyle tan\u0131\u015facak, i\u00e7sel rehberli\u011finizin izinde kendi manevi yolculu\u011funuzda yeni ad\u0131mlar atacaks\u0131n\u0131z. Bu kitap, size i\u00e7sel \u0131\u015f\u0131\u011f\u0131n\u0131z\u0131 bulman\u0131z i\u00e7in bir davet ve rehber olmaya haz\u0131r.<\/p>","protected":false},"excerpt":{"rendered":"<p>\u00dc\u00e7 kitapl\u0131k serinin son kitab\u0131 olan bu kitap, insan\u0131n ruhsal sisteminin temel dinamiklerini ke\u015ffetmek isteyenler i\u00e7in bir yolculu\u011fa davettir. Ruh, Ara Alem, Tekam\u00fcl, \u00c7akralar, Y\u00fcksek Benlik ve Hasat gibi derin kavramlarla dolu bu rehber, okuyucuyu manevi yolda ad\u0131m ad\u0131m ilerletecek, her b\u00f6l\u00fcmde i\u00e7sel anlay\u0131\u015f\u0131n\u0131z\u0131 derinle\u015ftirecek bilgilerle donat\u0131lm\u0131\u015ft\u0131r. Evrensel hakikatler \u0131\u015f\u0131\u011f\u0131nda ilerleyen bu eser, ruhsal sistemin [&hellip;]<\/p>\n","protected":false},"featured_media":4630,"comment_status":"closed","ping_status":"open","template":"","meta":{"inline_featured_image":false},"product_cat":[326],"product_tag":[],"class_list":{"0":"post-6102","1":"product","2":"type-product","3":"status-publish","4":"has-post-thumbnail","6":"product_cat-arastirma-inceleme","7":"pa_boyut-135-x-195-cm","8":"pa_dil-turkce","9":"pa_sayfa-sayisi-370","10":"pa_yayin-tarihi-12-20-2024","11":"pa_yazar-efe-aktan","13":"first","14":"instock","15":"sale","16":"purchasable","17":"product-type-simple"},"_links":{"self":[{"href":"http:\/\/www.arkaraf.com\/en\/wp-json\/wp\/v2\/product\/6102","targetHints":{"allow":["GET"]}}],"collection":[{"href":"http:\/\/www.arkaraf.com\/en\/wp-json\/wp\/v2\/product"}],"about":[{"href":"http:\/\/www.arkaraf.com\/en\/wp-json\/wp\/v2\/types\/product"}],"replies":[{"embeddable":true,"href":"http:\/\/www.arkaraf.com\/en\/wp-json\/wp\/v2\/comments?post=6102"}],"wp:featuredmedia":[{"embeddable":true,"href":"http:\/\/www.arkaraf.com\/en\/wp-json\/wp\/v2\/media\/4630"}],"wp:attachment":[{"href":"http:\/\/www.arkaraf.com\/en\/wp-json\/wp\/v2\/media?parent=6102"}],"wp:term":[{"taxonomy":"product_cat","embeddable":true,"href":"http:\/\/www.arkaraf.com\/en\/wp-json\/wp\/v2\/product_cat?post=6102"},{"taxonomy":"product_tag","embeddable":true,"href":"http:\/\/www.arkaraf.com\/en\/wp-json\/wp\/v2\/product_tag?post=6102"}],"curies":[{"name":"wp","href":"https:\/\/api.w.org\/{rel}","templated":true}]}}