{"id":6100,"date":"2025-10-16T11:45:52","date_gmt":"2025-10-16T08:45:52","guid":{"rendered":"http:\/\/www.arkaraf.com\/kitap\/mektubunuz-var-busra-civi-celen"},"modified":"2025-10-16T11:45:52","modified_gmt":"2025-10-16T08:45:52","slug":"mektubunuz-var-busra-civi-celen","status":"publish","type":"product","link":"http:\/\/www.arkaraf.com\/en\/kitap\/mektubunuz-var-busra-civi-celen","title":{"rendered":"Mektubunuz Var &#8211; B\u00fc\u015fra \u00c7ivi \u00c7elen"},"content":{"rendered":"<p>Mektup&#8230;<\/p>\n<p>D\u00f6rt bir yan\u0131m\u0131z\u0131 ku\u015fatan teknoloji kar\u015f\u0131s\u0131nda daha fazla direnemeyip \u00e7oktan belleklerin tozlu raflar\u0131 aras\u0131na kald\u0131r\u0131lan o k\u0131ymetli nesne&#8230;<\/p>\n<p>Sizce de art\u0131k y\u00fcreklerde ve belleklerde hi\u00e7bir iz b\u0131rakmayan o so\u011fuk dijital sat\u0131rlardan biraz olsun uzakla\u015farak \u015f\u00f6yle s\u0131cac\u0131k, insan\u0131n i\u00e7ini \u0131s\u0131tan, duygu y\u00fckl\u00fc mektuplar okuman\u0131n zaman\u0131 gelmedi mi?<\/p>\n<p>Cevab\u0131n\u0131z evet ise sizi sat\u0131r aralar\u0131nda kendinize rastlayaca\u011f\u0131n\u0131z mektuplarla ba\u015f ba\u015fa b\u0131rak\u0131yorum.<\/p>\n<p>Bereketli okumalar&#8230;<\/p>","protected":false},"excerpt":{"rendered":"<p>Mektup&#8230; D\u00f6rt bir yan\u0131m\u0131z\u0131 ku\u015fatan teknoloji kar\u015f\u0131s\u0131nda daha fazla direnemeyip \u00e7oktan belleklerin tozlu raflar\u0131 aras\u0131na kald\u0131r\u0131lan o k\u0131ymetli nesne&#8230; Sizce de art\u0131k y\u00fcreklerde ve belleklerde hi\u00e7bir iz b\u0131rakmayan o so\u011fuk dijital sat\u0131rlardan biraz olsun uzakla\u015farak \u015f\u00f6yle s\u0131cac\u0131k, insan\u0131n i\u00e7ini \u0131s\u0131tan, duygu y\u00fckl\u00fc mektuplar okuman\u0131n zaman\u0131 gelmedi mi? Cevab\u0131n\u0131z evet ise sizi sat\u0131r aralar\u0131nda kendinize rastlayaca\u011f\u0131n\u0131z [&hellip;]<\/p>\n","protected":false},"featured_media":4626,"comment_status":"closed","ping_status":"open","template":"","meta":{"inline_featured_image":false},"product_cat":[657],"product_tag":[],"class_list":{"0":"post-6100","1":"product","2":"type-product","3":"status-publish","4":"has-post-thumbnail","6":"product_cat-oyku","7":"pa_boyut-135-x-195-cm","8":"pa_dil-turkce","9":"pa_sayfa-sayisi-971","10":"pa_yayin-tarihi-12-11-2024","11":"pa_yazar-busra-civi-celen","13":"first","14":"instock","15":"sale","16":"purchasable","17":"product-type-simple"},"_links":{"self":[{"href":"http:\/\/www.arkaraf.com\/en\/wp-json\/wp\/v2\/product\/6100","targetHints":{"allow":["GET"]}}],"collection":[{"href":"http:\/\/www.arkaraf.com\/en\/wp-json\/wp\/v2\/product"}],"about":[{"href":"http:\/\/www.arkaraf.com\/en\/wp-json\/wp\/v2\/types\/product"}],"replies":[{"embeddable":true,"href":"http:\/\/www.arkaraf.com\/en\/wp-json\/wp\/v2\/comments?post=6100"}],"wp:featuredmedia":[{"embeddable":true,"href":"http:\/\/www.arkaraf.com\/en\/wp-json\/wp\/v2\/media\/4626"}],"wp:attachment":[{"href":"http:\/\/www.arkaraf.com\/en\/wp-json\/wp\/v2\/media?parent=6100"}],"wp:term":[{"taxonomy":"product_cat","embeddable":true,"href":"http:\/\/www.arkaraf.com\/en\/wp-json\/wp\/v2\/product_cat?post=6100"},{"taxonomy":"product_tag","embeddable":true,"href":"http:\/\/www.arkaraf.com\/en\/wp-json\/wp\/v2\/product_tag?post=6100"}],"curies":[{"name":"wp","href":"https:\/\/api.w.org\/{rel}","templated":true}]}}