{"id":6093,"date":"2025-10-16T11:45:50","date_gmt":"2025-10-16T08:45:50","guid":{"rendered":"http:\/\/www.arkaraf.com\/kitap\/tosya-agzi-soz-hazinesi-munir-ergi"},"modified":"2025-10-16T11:45:50","modified_gmt":"2025-10-16T08:45:50","slug":"tosya-agzi-soz-hazinesi-munir-ergi","status":"publish","type":"product","link":"http:\/\/www.arkaraf.com\/en\/kitap\/tosya-agzi-soz-hazinesi-munir-ergi","title":{"rendered":"Tosya A\u011fz\u0131 S\u00f6z Hazinesi &#8211; M\u00fcnir Ergi"},"content":{"rendered":"<p>Tosya a\u011fz\u0131nda Anadolu\u2019daki di\u011fer y\u00f6re a\u011f\u0131zlar\u0131nda da oldu\u011fu gibi k\u00f6kenindeki K\u00f6kt\u00fcrk\u00e7e ve O\u011fuz T\u00fcrk\u00e7esinde bulunan mahre\u00e7 \u00f6zellikleri ve seslerden dolay\u0131 g\u00fcncel alfabemizle kar\u015f\u0131lanamayan sesler vard\u0131r. Bu seslerin en yayg\u0131n\u0131, eski alfabemizdeki kar\u015f\u0131l\u0131klar\u0131yla \u201ch\u0131 (\u062e)\u201d, \u201ckaf (\u0642)\u201d ve \u201csa\u011f\u0131r kef (nazal n) (\u06af) (\u06ad)\u201d sesleridir. Bu sesler, T\u00fcrk\u00e7enin y\u00f6resel a\u011f\u0131zlar\u0131nda olduk\u00e7a yayg\u0131n olarak kullan\u0131lan \u201cT\u00fcrk\u00e7e\u201d sesler oldu\u011fundan, s\u00f6z varl\u0131\u011f\u0131ndaki tesirlerinden ve kullan\u0131m oranlar\u0131ndan dolay\u0131, ink\u00e2r edilmeleri m\u00fcmk\u00fcn de\u011fildir.<\/p>","protected":false},"excerpt":{"rendered":"<p>Tosya a\u011fz\u0131nda Anadolu\u2019daki di\u011fer y\u00f6re a\u011f\u0131zlar\u0131nda da oldu\u011fu gibi k\u00f6kenindeki K\u00f6kt\u00fcrk\u00e7e ve O\u011fuz T\u00fcrk\u00e7esinde bulunan mahre\u00e7 \u00f6zellikleri ve seslerden dolay\u0131 g\u00fcncel alfabemizle kar\u015f\u0131lanamayan sesler vard\u0131r. Bu seslerin en yayg\u0131n\u0131, eski alfabemizdeki kar\u015f\u0131l\u0131klar\u0131yla \u201ch\u0131 (\u062e)\u201d, \u201ckaf (\u0642)\u201d ve \u201csa\u011f\u0131r kef (nazal n) (\u06af) (\u06ad)\u201d sesleridir. Bu sesler, T\u00fcrk\u00e7enin y\u00f6resel a\u011f\u0131zlar\u0131nda olduk\u00e7a yayg\u0131n olarak kullan\u0131lan \u201cT\u00fcrk\u00e7e\u201d sesler [&hellip;]<\/p>\n","protected":false},"featured_media":4612,"comment_status":"closed","ping_status":"open","template":"","meta":{"inline_featured_image":false},"product_cat":[327],"product_tag":[],"class_list":{"0":"post-6093","1":"product","2":"type-product","3":"status-publish","4":"has-post-thumbnail","6":"product_cat-dilbilim-kitaplari","7":"pa_boyut-135-x-195-cm","8":"pa_dil-turkce","9":"pa_sayfa-sayisi-454","10":"pa_yayin-tarihi-10-31-2024","11":"pa_yazar-munir-ergi","13":"first","14":"instock","15":"sale","16":"purchasable","17":"product-type-simple"},"_links":{"self":[{"href":"http:\/\/www.arkaraf.com\/en\/wp-json\/wp\/v2\/product\/6093","targetHints":{"allow":["GET"]}}],"collection":[{"href":"http:\/\/www.arkaraf.com\/en\/wp-json\/wp\/v2\/product"}],"about":[{"href":"http:\/\/www.arkaraf.com\/en\/wp-json\/wp\/v2\/types\/product"}],"replies":[{"embeddable":true,"href":"http:\/\/www.arkaraf.com\/en\/wp-json\/wp\/v2\/comments?post=6093"}],"wp:featuredmedia":[{"embeddable":true,"href":"http:\/\/www.arkaraf.com\/en\/wp-json\/wp\/v2\/media\/4612"}],"wp:attachment":[{"href":"http:\/\/www.arkaraf.com\/en\/wp-json\/wp\/v2\/media?parent=6093"}],"wp:term":[{"taxonomy":"product_cat","embeddable":true,"href":"http:\/\/www.arkaraf.com\/en\/wp-json\/wp\/v2\/product_cat?post=6093"},{"taxonomy":"product_tag","embeddable":true,"href":"http:\/\/www.arkaraf.com\/en\/wp-json\/wp\/v2\/product_tag?post=6093"}],"curies":[{"name":"wp","href":"https:\/\/api.w.org\/{rel}","templated":true}]}}