{"id":6091,"date":"2025-10-16T11:45:50","date_gmt":"2025-10-16T08:45:50","guid":{"rendered":"http:\/\/www.arkaraf.com\/kitap\/ittihat-terakkinin-anadolu-politikalari-fatih-bozlak"},"modified":"2025-10-16T11:45:50","modified_gmt":"2025-10-16T08:45:50","slug":"ittihat-terakkinin-anadolu-politikalari-fatih-bozlak","status":"publish","type":"product","link":"http:\/\/www.arkaraf.com\/en\/kitap\/ittihat-terakkinin-anadolu-politikalari-fatih-bozlak","title":{"rendered":"\u0130ttihat Terakkinin Anadolu Politikalar\u0131 &#8211; Fatih Bozlak"},"content":{"rendered":"<p>\u0130ttihat ve Terakki, T\u00fcrk siyasi hayat\u0131nda bask\u0131n, kendisinden sonraki siyasi partilere \u00f6rnek olan ve \u00f6nc\u00fcl\u00fck yapan bir \u00f6rg\u00fctt\u00fcr. \u0130ttihat ve Terakki \u00fcyeleri daha partiye d\u00f6n\u00fc\u015fmeden Paris sokaklar\u0131nda anayasa, parlamento ve devrim kavramlar\u0131n\u0131 tart\u0131\u015fmaya ba\u015flam\u0131\u015flard\u0131r. Nitekim ba\u015flang\u0131\u00e7ta ne kadar Osmanl\u0131c\u0131l\u0131ktan bahsedilse de parti liderli\u011fin \u201cMilliyet\u00e7ilik\u201d ak\u0131m\u0131ndan beslenmeye ba\u015fland\u0131\u011f\u0131 s\u00f6ylenebilir. \u0130ttihat ve Terakki&#8217;nin arka plan\u0131nda Anadolu&#8217;dan Avrupa&#8217;ya giderek ayd\u0131nlanma fikirleriyle temasa ge\u00e7en bir Osmanl\u0131 tebaas\u0131 g\u00f6r\u00fclmektedir. III. Selim&#8217;den itibaren modernle\u015fmeden maddi olarak pay alan Osmanl\u0131 ordusu yeni yap\u0131lanmas\u0131 bu yap\u0131y\u0131 kullanan asker ve komutanlar\u0131n birbirlerinden uzakla\u015fmas\u0131na neden olmu\u015ftur. Daha sonralar\u0131 da bu yap\u0131n\u0131n men\u015fei olan Avrupa&#8217;ya duyulan hayranl\u0131k bu uzakla\u015fmay\u0131 beslemi\u015ftir. Sonu\u00e7 olarak J\u00f6n T\u00fcrklerin ba\u015flatt\u0131\u011f\u0131 fikir aktar\u0131mlar\u0131 imparatorluk elitlerinin yar\u0131 ayd\u0131nlanmas\u0131na neden olmu\u015f, ayn\u0131 anda y\u00f6netim modelinde de modernle\u015fme ak\u0131mlar\u0131 ba\u015flam\u0131\u015ft\u0131r. T\u00fcrk siyasi k\u00fclt\u00fcr hayat\u0131nda modern anlamda ki ilk siyasi parti olarak kabul edilen \u0130ttihat ve Terakki&#8217;nin, bir a\u00e7\u0131dan modern bir parti olma g\u00f6revlerini de \u00fcstlendi\u011fini s\u00f6ylemek m\u00fcmk\u00fcnd\u00fcr. Bu ama\u00e7la da dikkat \u00e7ekici yeni politikalar uygulam\u0131\u015flard\u0131r. Ancak Cumhuriyet sonras\u0131 \u0130ttihat ve Terakki d\u00fc\u015f\u00fcnce ve uygulamalar\u0131 cumhuriyet felsefesini derinden etkilemi\u015ftir.<br \/>\n\u2018\u2019Bu bilinmezli\u011fin i\u00e7inde k\u00fclleri alevlendirmeye, sonsuzlu\u011fun ba\u015flang\u0131c\u0131 fedailer olup barut \u00f6ks\u00fcrmeye geldik. \u2018\u2019<\/p>","protected":false},"excerpt":{"rendered":"<p>\u0130ttihat ve Terakki, T\u00fcrk siyasi hayat\u0131nda bask\u0131n, kendisinden sonraki siyasi partilere \u00f6rnek olan ve \u00f6nc\u00fcl\u00fck yapan bir \u00f6rg\u00fctt\u00fcr. \u0130ttihat ve Terakki \u00fcyeleri daha partiye d\u00f6n\u00fc\u015fmeden Paris sokaklar\u0131nda anayasa, parlamento ve devrim kavramlar\u0131n\u0131 tart\u0131\u015fmaya ba\u015flam\u0131\u015flard\u0131r. Nitekim ba\u015flang\u0131\u00e7ta ne kadar Osmanl\u0131c\u0131l\u0131ktan bahsedilse de parti liderli\u011fin \u201cMilliyet\u00e7ilik\u201d ak\u0131m\u0131ndan beslenmeye ba\u015fland\u0131\u011f\u0131 s\u00f6ylenebilir. \u0130ttihat ve Terakki&#8217;nin arka plan\u0131nda Anadolu&#8217;dan Avrupa&#8217;ya [&hellip;]<\/p>\n","protected":false},"featured_media":4608,"comment_status":"closed","ping_status":"open","template":"","meta":{"inline_featured_image":false},"product_cat":[810],"product_tag":[],"class_list":{"0":"post-6091","1":"product","2":"type-product","3":"status-publish","4":"has-post-thumbnail","6":"product_cat-siyaset","7":"pa_boyut-135-x-195-cm","8":"pa_dil-turkce","9":"pa_sayfa-sayisi-957","10":"pa_yayin-tarihi-10-31-2024","11":"pa_yazar-fatih-bozlak","13":"first","14":"instock","15":"sale","16":"purchasable","17":"product-type-simple"},"_links":{"self":[{"href":"http:\/\/www.arkaraf.com\/en\/wp-json\/wp\/v2\/product\/6091","targetHints":{"allow":["GET"]}}],"collection":[{"href":"http:\/\/www.arkaraf.com\/en\/wp-json\/wp\/v2\/product"}],"about":[{"href":"http:\/\/www.arkaraf.com\/en\/wp-json\/wp\/v2\/types\/product"}],"replies":[{"embeddable":true,"href":"http:\/\/www.arkaraf.com\/en\/wp-json\/wp\/v2\/comments?post=6091"}],"wp:featuredmedia":[{"embeddable":true,"href":"http:\/\/www.arkaraf.com\/en\/wp-json\/wp\/v2\/media\/4608"}],"wp:attachment":[{"href":"http:\/\/www.arkaraf.com\/en\/wp-json\/wp\/v2\/media?parent=6091"}],"wp:term":[{"taxonomy":"product_cat","embeddable":true,"href":"http:\/\/www.arkaraf.com\/en\/wp-json\/wp\/v2\/product_cat?post=6091"},{"taxonomy":"product_tag","embeddable":true,"href":"http:\/\/www.arkaraf.com\/en\/wp-json\/wp\/v2\/product_tag?post=6091"}],"curies":[{"name":"wp","href":"https:\/\/api.w.org\/{rel}","templated":true}]}}