{"id":6084,"date":"2025-10-16T11:45:50","date_gmt":"2025-10-16T08:45:50","guid":{"rendered":"http:\/\/www.arkaraf.com\/kitap\/yazmanin-sirri-wattpad-yazarlari-ve-yazmaya-baslayanlar-icin-yaratici-yazarlik-a-caner-erkan"},"modified":"2025-10-16T11:45:50","modified_gmt":"2025-10-16T08:45:50","slug":"yazmanin-sirri-wattpad-yazarlari-ve-yazmaya-baslayanlar-icin-yaratici-yazarlik-a-caner-erkan","status":"publish","type":"product","link":"http:\/\/www.arkaraf.com\/en\/kitap\/yazmanin-sirri-wattpad-yazarlari-ve-yazmaya-baslayanlar-icin-yaratici-yazarlik-a-caner-erkan","title":{"rendered":"Yazman\u0131n S\u0131rr\u0131 &#8211; Wattpad Yazarlar\u0131 ve Yazmaya Ba\u015flayanlar \u0130\u00e7in Yarat\u0131c\u0131 Yazarl\u0131k &#8211; A. Caner Erkan"},"content":{"rendered":"<p>Arka Kapak Yaz\u0131s\u0131<\/p>\n<p>Wattpad yazarlar\u0131na ve yazmaya ba\u015flayanlar i\u00e7in yarat\u0131c\u0131 yazarl\u0131k yolunda rehber olacak olan elinizde tuttu\u011funuz bu kitap, yazarl\u0131k sanat\u0131n\u0131n inceliklerini \u00f6\u011frenmek isteyenler i\u00e7in bir rehber niteli\u011finde.<\/p>\n<p>Kelimelerin b\u00fcy\u00fcl\u00fc d\u00fcnyas\u0131nda kaybolmak, duygular\u0131, d\u00fc\u015f\u00fcnceleri ve hayal g\u00fcc\u00fcn\u00fc sat\u0131rlara d\u00f6kmek isteyen herkes i\u00e7in tasarlanm\u0131\u015f bu eser, sizi ad\u0131m ad\u0131m yarat\u0131c\u0131 yazma s\u00fcrecinin i\u00e7ine \u00e7ekecek.<\/p>\n<p>&#8220;Yazman\u0131n S\u0131rr\u0131&#8221; kitab\u0131, ilham kayna\u011f\u0131n\u0131z\u0131 bulman\u0131zdan, karakterler ve d\u00fcnyalar yaratman\u0131za, hikaye \u00f6rg\u00fcs\u00fcn\u00fc olu\u015fturman\u0131zdan, etkileyici diyaloglar yazman\u0131za kadar her a\u015famada size rehberlik ediyor.<\/p>\n<p>Deneyimli yazarlar\u0131n ipu\u00e7lar\u0131 ve pratik egzersizlerle dolu bu kitap, yazma becerilerinizi geli\u015ftirmenize yard\u0131mc\u0131 olacak.<\/p>\n<p>Yazmaya yeni ba\u015flayanlar i\u00e7in temel bilgiler, ileri d\u00fczey yazarlar i\u00e7in ise derinlemesine analiz ve teknikler sunan &#8220;Yazman\u0131n S\u0131rr\u0131&#8221;, her seviyeden yazara hitap ediyor.<\/p>\n<p>Edebiyat\u0131n b\u00fcy\u00fcl\u00fc d\u00fcnyas\u0131na ad\u0131m atmaya haz\u0131r m\u0131s\u0131n\u0131z? Bu kitap, hayal g\u00fcc\u00fcn\u00fcz\u00fcn s\u0131n\u0131rlar\u0131n\u0131 zorlaman\u0131z i\u00e7in size ilham verecek ve yol g\u00f6sterecek.<\/p>\n<p>Kaleminizi elinize al\u0131n ve kelimelerin g\u00fcc\u00fcn\u00fc ke\u015ffetmeye ba\u015flay\u0131n. Yazarl\u0131k yolculu\u011funuzda size e\u015flik edecek bu k\u0131lavuz, kendi hikayelerinizi yaratman\u0131z i\u00e7in gerekli olan bilgi ve motivasyonu sa\u011flayacak.<\/p>\n<p>Ders 1: Yazma Al\u0131\u015fkanl\u0131\u011f\u0131 Kazanmak<br \/>\nDers 2: Yazarl\u0131k Bilinci<br \/>\nDers 3: Yarat\u0131c\u0131l\u0131k\u00a0Nedir?<br \/>\nDers 4: Hikaye Anlatmak<br \/>\nDers 5: Olay \u00d6rg\u00fcs\u00fc ve Roman T\u0131kanmas\u0131<br \/>\nDers 6: K\u0131yas ve\u00a0\u00c7at\u0131\u015fma<br \/>\nDers 7: Eserde Yolculuk<br \/>\nDers 8: Karakter Nas\u0131l Yarat\u0131l\u0131r?<br \/>\nDers 9: Zaman, Mekan, Ortam<br \/>\nDers 10: Diyalog<br \/>\nDers 11: \u00dcslup<br \/>\nDers\u00a012: Noktalama<br \/>\nDers 13: Genel Kurallar<br \/>\nDers 14: Anlat\u0131m Teknikleri<br \/>\nDers 15: Tecr\u00fcbeli Yazarlar\u0131m\u0131zdan Tavsiyeler<br \/>\nDers 16: Yay\u0131nevi Se\u00e7erken Dikkat Etmeniz Gerekenler<br \/>\nDers 17: Kitap \u00c7\u0131kt\u0131ktan Sonra Yapman\u0131z Gerekenler<br \/>\nDers 18: Kitab\u0131n\u0131z\u0131n Reklam ve Pazarlama \u00c7al\u0131\u015fmas\u0131<br \/>\nDers 19: \u0130mza G\u00fcn\u00fc K\u00fclt\u00fcr\u00fc<br \/>\nDers 20: Okurlar\u0131n\u0131z ile \u0130leti\u015fim<\/p>","protected":false},"excerpt":{"rendered":"<p>Arka Kapak Yaz\u0131s\u0131 Wattpad yazarlar\u0131na ve yazmaya ba\u015flayanlar i\u00e7in yarat\u0131c\u0131 yazarl\u0131k yolunda rehber olacak olan elinizde tuttu\u011funuz bu kitap, yazarl\u0131k sanat\u0131n\u0131n inceliklerini \u00f6\u011frenmek isteyenler i\u00e7in bir rehber niteli\u011finde. Kelimelerin b\u00fcy\u00fcl\u00fc d\u00fcnyas\u0131nda kaybolmak, duygular\u0131, d\u00fc\u015f\u00fcnceleri ve hayal g\u00fcc\u00fcn\u00fc sat\u0131rlara d\u00f6kmek isteyen herkes i\u00e7in tasarlanm\u0131\u015f bu eser, sizi ad\u0131m ad\u0131m yarat\u0131c\u0131 yazma s\u00fcrecinin i\u00e7ine \u00e7ekecek. &#8220;Yazman\u0131n S\u0131rr\u0131&#8221; [&hellip;]<\/p>\n","protected":false},"featured_media":4594,"comment_status":"closed","ping_status":"open","template":"","meta":{"inline_featured_image":false},"product_cat":[573],"product_tag":[],"class_list":{"0":"post-6084","1":"product","2":"type-product","3":"status-publish","4":"has-post-thumbnail","6":"product_cat-kilavuz","7":"pa_boyut-135-x-195-cm","8":"pa_dil-turkce","9":"pa_sayfa-sayisi-797","10":"pa_yayin-tarihi-8-15-2024","11":"pa_yazar-a-caner-erkan","13":"first","14":"instock","15":"sale","16":"purchasable","17":"product-type-simple"},"_links":{"self":[{"href":"http:\/\/www.arkaraf.com\/en\/wp-json\/wp\/v2\/product\/6084","targetHints":{"allow":["GET"]}}],"collection":[{"href":"http:\/\/www.arkaraf.com\/en\/wp-json\/wp\/v2\/product"}],"about":[{"href":"http:\/\/www.arkaraf.com\/en\/wp-json\/wp\/v2\/types\/product"}],"replies":[{"embeddable":true,"href":"http:\/\/www.arkaraf.com\/en\/wp-json\/wp\/v2\/comments?post=6084"}],"wp:featuredmedia":[{"embeddable":true,"href":"http:\/\/www.arkaraf.com\/en\/wp-json\/wp\/v2\/media\/4594"}],"wp:attachment":[{"href":"http:\/\/www.arkaraf.com\/en\/wp-json\/wp\/v2\/media?parent=6084"}],"wp:term":[{"taxonomy":"product_cat","embeddable":true,"href":"http:\/\/www.arkaraf.com\/en\/wp-json\/wp\/v2\/product_cat?post=6084"},{"taxonomy":"product_tag","embeddable":true,"href":"http:\/\/www.arkaraf.com\/en\/wp-json\/wp\/v2\/product_tag?post=6084"}],"curies":[{"name":"wp","href":"https:\/\/api.w.org\/{rel}","templated":true}]}}