{"id":6074,"date":"2025-10-16T11:45:48","date_gmt":"2025-10-16T08:45:48","guid":{"rendered":"http:\/\/www.arkaraf.com\/kitap\/uzak-diyarlarin-bugusu-irfan-ertav"},"modified":"2025-10-16T11:45:48","modified_gmt":"2025-10-16T08:45:48","slug":"uzak-diyarlarin-bugusu-irfan-ertav","status":"publish","type":"product","link":"http:\/\/www.arkaraf.com\/en\/kitap\/uzak-diyarlarin-bugusu-irfan-ertav","title":{"rendered":"Uzak Diyarlar\u0131n Bu\u011fusu &#8211; \u0130rfan Ertav"},"content":{"rendered":"<p>T\u00fcrkiye\u2019mizin muhte\u015fem tabiat g\u00fczelliklerini nazik insanlar\u0131n hamuruyla yo\u011furup bir araya getirdi\u011fimiz \u00f6yk\u00fcler y\u00fcreklerinize dokunacak. Her bir sat\u0131r\u0131nda farkl\u0131 bak\u0131\u015f a\u00e7\u0131lar\u0131 ile kar\u015f\u0131la\u015facaks\u0131n\u0131z. D\u00f6kmeden, b\u00fckmeden olabildi\u011fince taze ve duru bir dille meram\u0131m\u0131z\u0131 anlatmaya \u00e7al\u0131\u015ft\u0131\u011f\u0131m\u0131z \u00f6yk\u00fclerde, h\u00fczn\u00fcn ve sevincin kol kola girmi\u015f halini g\u00f6receksiniz. Biz g\u00fczel olan\u0131 \u00e7o\u011faltmaya ve ayn\u0131 zamanda da payla\u015fmaya talibiz. Barda\u011f\u0131n dolu taraf\u0131ndan bak\u0131yoruz d\u00fcnyan\u0131n t\u00fcm kirlenmi\u015fliklerine\u2026 Keyifli okumalar dileriz.<\/p>","protected":false},"excerpt":{"rendered":"<p>T\u00fcrkiye\u2019mizin muhte\u015fem tabiat g\u00fczelliklerini nazik insanlar\u0131n hamuruyla yo\u011furup bir araya getirdi\u011fimiz \u00f6yk\u00fcler y\u00fcreklerinize dokunacak. Her bir sat\u0131r\u0131nda farkl\u0131 bak\u0131\u015f a\u00e7\u0131lar\u0131 ile kar\u015f\u0131la\u015facaks\u0131n\u0131z. D\u00f6kmeden, b\u00fckmeden olabildi\u011fince taze ve duru bir dille meram\u0131m\u0131z\u0131 anlatmaya \u00e7al\u0131\u015ft\u0131\u011f\u0131m\u0131z \u00f6yk\u00fclerde, h\u00fczn\u00fcn ve sevincin kol kola girmi\u015f halini g\u00f6receksiniz. Biz g\u00fczel olan\u0131 \u00e7o\u011faltmaya ve ayn\u0131 zamanda da payla\u015fmaya talibiz. Barda\u011f\u0131n dolu taraf\u0131ndan [&hellip;]<\/p>\n","protected":false},"featured_media":4574,"comment_status":"closed","ping_status":"open","template":"","meta":{"inline_featured_image":false},"product_cat":[657],"product_tag":[],"class_list":{"0":"post-6074","1":"product","2":"type-product","3":"status-publish","4":"has-post-thumbnail","6":"product_cat-oyku","7":"pa_boyut-135-x-195-cm","8":"pa_dil-turkce","9":"pa_sayfa-sayisi-430","10":"pa_yayin-tarihi-7-11-2024","11":"pa_yazar-irfan-ertav","13":"first","14":"instock","15":"sale","16":"purchasable","17":"product-type-simple"},"_links":{"self":[{"href":"http:\/\/www.arkaraf.com\/en\/wp-json\/wp\/v2\/product\/6074","targetHints":{"allow":["GET"]}}],"collection":[{"href":"http:\/\/www.arkaraf.com\/en\/wp-json\/wp\/v2\/product"}],"about":[{"href":"http:\/\/www.arkaraf.com\/en\/wp-json\/wp\/v2\/types\/product"}],"replies":[{"embeddable":true,"href":"http:\/\/www.arkaraf.com\/en\/wp-json\/wp\/v2\/comments?post=6074"}],"wp:featuredmedia":[{"embeddable":true,"href":"http:\/\/www.arkaraf.com\/en\/wp-json\/wp\/v2\/media\/4574"}],"wp:attachment":[{"href":"http:\/\/www.arkaraf.com\/en\/wp-json\/wp\/v2\/media?parent=6074"}],"wp:term":[{"taxonomy":"product_cat","embeddable":true,"href":"http:\/\/www.arkaraf.com\/en\/wp-json\/wp\/v2\/product_cat?post=6074"},{"taxonomy":"product_tag","embeddable":true,"href":"http:\/\/www.arkaraf.com\/en\/wp-json\/wp\/v2\/product_tag?post=6074"}],"curies":[{"name":"wp","href":"https:\/\/api.w.org\/{rel}","templated":true}]}}