{"id":6065,"date":"2025-10-16T11:45:46","date_gmt":"2025-10-16T08:45:46","guid":{"rendered":"http:\/\/www.arkaraf.com\/kitap\/aciz-ziya-ayhan"},"modified":"2025-10-16T11:45:46","modified_gmt":"2025-10-16T08:45:46","slug":"aciz-ziya-ayhan","status":"publish","type":"product","link":"http:\/\/www.arkaraf.com\/en\/kitap\/aciz-ziya-ayhan","title":{"rendered":"Aciz &#8211; Ziya Ayhan"},"content":{"rendered":"<div class=\"phenom-desc\">\n<div class=\"comment-container\">\n<div class=\"action-comment can-view-video markeddown js-comment is-comments-rewrite\" dir=\"auto\">\n<div class=\"current-comment js-friendly-links js-open-card\">\n<p>Hayat\u0131n her an\u0131nda oldu\u011fu gibi neye yak\u0131nsak ondan ka\u00e7ar\u0131z, neye uzaksak ona yak\u0131nla\u015fmak isteriz. Sahip olduklar\u0131m\u0131z bizim oldu\u011fu s\u00fcrece ger\u00e7ekte olduklar\u0131ndan daha de\u011fersiz g\u00f6r\u00fcn\u00fcr.Fiziksel ac\u0131 bize yak\u0131nken nas\u0131l ondan uzakla\u015f\u0131p ruhsal ac\u0131y\u0131 tercih ediyorsak ayn\u0131 \u015fekilde arzular\u0131z sahip olmad\u0131klar\u0131m\u0131z\u0131. \u00c7ok uzaklardaki elmas\u0131n \u0131\u015f\u0131lt\u0131s\u0131 g\u00f6zlerimizi k\u00f6r ederken avcumuzun i\u00e7erisindeki birka\u00e7 g\u00fcm\u00fc\u015f par\u00e7as\u0131n\u0131n kime ne yarar\u0131 olur ki? Her ne kadar elmas bize yak\u0131nla\u015ft\u0131k\u00e7a \u0131\u015f\u0131lt\u0131s\u0131n\u0131 kaybediyor gibi g\u00f6r\u00fcnse bile herhalde g\u00fcm\u00fc\u015ften yine de daha de\u011ferlidir.<\/p>\n<\/div>\n<\/div>\n<\/div>\n<\/div>","protected":false},"excerpt":{"rendered":"<p>Hayat\u0131n her an\u0131nda oldu\u011fu gibi neye yak\u0131nsak ondan ka\u00e7ar\u0131z, neye uzaksak ona yak\u0131nla\u015fmak isteriz. Sahip olduklar\u0131m\u0131z bizim oldu\u011fu s\u00fcrece ger\u00e7ekte olduklar\u0131ndan daha de\u011fersiz g\u00f6r\u00fcn\u00fcr.Fiziksel ac\u0131 bize yak\u0131nken nas\u0131l ondan uzakla\u015f\u0131p ruhsal ac\u0131y\u0131 tercih ediyorsak ayn\u0131 \u015fekilde arzular\u0131z sahip olmad\u0131klar\u0131m\u0131z\u0131. \u00c7ok uzaklardaki elmas\u0131n \u0131\u015f\u0131lt\u0131s\u0131 g\u00f6zlerimizi k\u00f6r ederken avcumuzun i\u00e7erisindeki birka\u00e7 g\u00fcm\u00fc\u015f par\u00e7as\u0131n\u0131n kime ne yarar\u0131 olur [&hellip;]<\/p>\n","protected":false},"featured_media":4556,"comment_status":"closed","ping_status":"open","template":"","meta":{"inline_featured_image":false},"product_cat":[657],"product_tag":[],"class_list":{"0":"post-6065","1":"product","2":"type-product","3":"status-publish","4":"has-post-thumbnail","6":"product_cat-oyku","7":"pa_boyut-135-x-195-cm","8":"pa_dil-turkce","9":"pa_sayfa-sayisi-380","10":"pa_yayin-tarihi-4-29-2024","11":"pa_yazar-ziya-ayhan","13":"first","14":"instock","15":"sale","16":"purchasable","17":"product-type-simple"},"_links":{"self":[{"href":"http:\/\/www.arkaraf.com\/en\/wp-json\/wp\/v2\/product\/6065","targetHints":{"allow":["GET"]}}],"collection":[{"href":"http:\/\/www.arkaraf.com\/en\/wp-json\/wp\/v2\/product"}],"about":[{"href":"http:\/\/www.arkaraf.com\/en\/wp-json\/wp\/v2\/types\/product"}],"replies":[{"embeddable":true,"href":"http:\/\/www.arkaraf.com\/en\/wp-json\/wp\/v2\/comments?post=6065"}],"wp:featuredmedia":[{"embeddable":true,"href":"http:\/\/www.arkaraf.com\/en\/wp-json\/wp\/v2\/media\/4556"}],"wp:attachment":[{"href":"http:\/\/www.arkaraf.com\/en\/wp-json\/wp\/v2\/media?parent=6065"}],"wp:term":[{"taxonomy":"product_cat","embeddable":true,"href":"http:\/\/www.arkaraf.com\/en\/wp-json\/wp\/v2\/product_cat?post=6065"},{"taxonomy":"product_tag","embeddable":true,"href":"http:\/\/www.arkaraf.com\/en\/wp-json\/wp\/v2\/product_tag?post=6065"}],"curies":[{"name":"wp","href":"https:\/\/api.w.org\/{rel}","templated":true}]}}