{"id":6060,"date":"2025-10-16T11:45:44","date_gmt":"2025-10-16T08:45:44","guid":{"rendered":"http:\/\/www.arkaraf.com\/kitap\/paramediklerin-yasal-sorumluluklari-av-nesrin-ozkaya-dr-temel-kilincli"},"modified":"2025-10-16T11:45:45","modified_gmt":"2025-10-16T08:45:45","slug":"paramediklerin-yasal-sorumluluklari-av-nesrin-ozkaya-dr-temel-kilincli","status":"publish","type":"product","link":"http:\/\/www.arkaraf.com\/en\/kitap\/paramediklerin-yasal-sorumluluklari-av-nesrin-ozkaya-dr-temel-kilincli","title":{"rendered":"Paramediklerin Yasal Sorumluluklar\u0131 &#8211; Av. Nesrin \u00d6zkaya &#038; Dr. Temel K\u0131l\u0131n\u00e7l\u0131"},"content":{"rendered":"<p>Hastane \u00f6ncesi ve acil servislerde g\u00f6rev alan, h\u0131zla hayat kurtarma konusunda e\u011fitilmi\u015f, kendilerini hayat kurtarmaya adayan paramedik meslek mensuplar\u0131nca uygulamadan taraf\u0131m\u0131za yans\u0131yan sorunlar\/sorular neticesinde 2017 y\u0131l\u0131nda \u201cATT ve Paramediklerin Yasal Sorumluluklar\u0131\u201d isimli ilk kitab\u0131m\u0131z\u0131 yay\u0131nlam\u0131\u015f idik. Gelinen s\u00fcre\u00e7te mevzuat de\u011fi\u015fiklikleri, taraf\u0131m\u0131za sorular\u0131n yeni sorular ve dava \u00f6rnekleri ile kitab\u0131n g\u00fcncellenmesi gerekmi\u015ftir.<\/p>\n<p>Kitab\u0131m\u0131z, g\u00fcncel geli\u015fmeler \u0131\u015f\u0131\u011f\u0131nda elden ge\u00e7irilmi\u015f, bu kitapta \u201cparamedik\u201d meslek unvan\u0131 alan\u0131ndaki t\u00fcm meslek grubu i\u00e7in (paramedik, acil t\u0131p teknikeri, ambulans ve acil bak\u0131m teknikerleri, acil t\u0131p teknisyeni) ortak olarak kullan\u0131lm\u0131\u015ft\u0131r. Yasal a\u00e7\u0131dan sorumluluklar ortak oldu\u011fu i\u00e7in ve \u201cacil t\u0131p teknisyeni e\u011fitimi\u201d art\u0131k verilmedi\u011finden bu \u015fekilde kullan\u0131m tercih edilmi\u015ftir.<\/p>\n<p>\u00d6nceki bask\u0131da oldu\u011fu gibi yine pratikte yer alan meslek mensuplar\u0131 i\u00e7in ba\u015fucu kitab\u0131 ve \u00f6\u011frenciler i\u00e7in ders kitab\u0131 tad\u0131nda haz\u0131rlanm\u0131\u015ft\u0131r. Meslek mensuplar\u0131na ve bu alanda ilgilenen ki\u015filere faydal\u0131 olmas\u0131 arzumuzu ve iki y\u0131ll\u0131k olan e\u011fitimin en k\u0131sa s\u00fcrede d\u00f6rt y\u0131ll\u0131k \u00fcniversite e\u011fitimi d\u00fczeyine \u00e7ekilmesi \u00f6nerimizi yineleyerek kitab\u0131m\u0131z alana arz edilmi\u015ftir.<\/p>\n<p>Av. Nesrin \u00d6ZKAYA &amp; Prm. \u00d6\u011fr. G\u00f6r. Temel K\u0131l\u0131n\u00e7l\u0131<\/p>","protected":false},"excerpt":{"rendered":"<p>Hastane \u00f6ncesi ve acil servislerde g\u00f6rev alan, h\u0131zla hayat kurtarma konusunda e\u011fitilmi\u015f, kendilerini hayat kurtarmaya adayan paramedik meslek mensuplar\u0131nca uygulamadan taraf\u0131m\u0131za yans\u0131yan sorunlar\/sorular neticesinde 2017 y\u0131l\u0131nda \u201cATT ve Paramediklerin Yasal Sorumluluklar\u0131\u201d isimli ilk kitab\u0131m\u0131z\u0131 yay\u0131nlam\u0131\u015f idik. Gelinen s\u00fcre\u00e7te mevzuat de\u011fi\u015fiklikleri, taraf\u0131m\u0131za sorular\u0131n yeni sorular ve dava \u00f6rnekleri ile kitab\u0131n g\u00fcncellenmesi gerekmi\u015ftir. Kitab\u0131m\u0131z, g\u00fcncel geli\u015fmeler \u0131\u015f\u0131\u011f\u0131nda [&hellip;]<\/p>\n","protected":false},"featured_media":4546,"comment_status":"closed","ping_status":"open","template":"","meta":{"inline_featured_image":false},"product_cat":[742],"product_tag":[],"class_list":{"0":"post-6060","1":"product","2":"type-product","3":"status-publish","4":"has-post-thumbnail","6":"product_cat-tip","7":"pa_boyut-135-x-195-cm","8":"pa_dil-turkce","9":"pa_sayfa-sayisi-374","10":"pa_yayin-tarihi-3-26-2024","11":"pa_yazar-av-nesrin-ozkaya-dr-temel-kilincli","13":"first","14":"instock","15":"sale","16":"purchasable","17":"product-type-simple"},"_links":{"self":[{"href":"http:\/\/www.arkaraf.com\/en\/wp-json\/wp\/v2\/product\/6060","targetHints":{"allow":["GET"]}}],"collection":[{"href":"http:\/\/www.arkaraf.com\/en\/wp-json\/wp\/v2\/product"}],"about":[{"href":"http:\/\/www.arkaraf.com\/en\/wp-json\/wp\/v2\/types\/product"}],"replies":[{"embeddable":true,"href":"http:\/\/www.arkaraf.com\/en\/wp-json\/wp\/v2\/comments?post=6060"}],"wp:featuredmedia":[{"embeddable":true,"href":"http:\/\/www.arkaraf.com\/en\/wp-json\/wp\/v2\/media\/4546"}],"wp:attachment":[{"href":"http:\/\/www.arkaraf.com\/en\/wp-json\/wp\/v2\/media?parent=6060"}],"wp:term":[{"taxonomy":"product_cat","embeddable":true,"href":"http:\/\/www.arkaraf.com\/en\/wp-json\/wp\/v2\/product_cat?post=6060"},{"taxonomy":"product_tag","embeddable":true,"href":"http:\/\/www.arkaraf.com\/en\/wp-json\/wp\/v2\/product_tag?post=6060"}],"curies":[{"name":"wp","href":"https:\/\/api.w.org\/{rel}","templated":true}]}}