{"id":6051,"date":"2025-10-16T11:45:42","date_gmt":"2025-10-16T08:45:42","guid":{"rendered":"http:\/\/www.arkaraf.com\/kitap\/erdemli-davranislar-mehmet-keles"},"modified":"2025-10-16T11:45:43","modified_gmt":"2025-10-16T08:45:43","slug":"erdemli-davranislar-mehmet-keles","status":"publish","type":"product","link":"http:\/\/www.arkaraf.com\/en\/kitap\/erdemli-davranislar-mehmet-keles","title":{"rendered":"Erdemli Davran\u0131\u015flar &#8211; Mehmet Kele\u015f"},"content":{"rendered":"<p>\u0130yilikle k\u00f6t\u00fcl\u00fck bir olmaz. Sen (k\u00f6t\u00fcl\u00fc\u011f\u00fc) en g\u00fczel olan davran\u0131\u015fla sav; o zaman bir de g\u00f6receksin ki seninle aran\u0131zda d\u00fc\u015fmanl\u0131k bulunan kimse kesinlikle s\u0131cak bir dost oluvermi\u015f. Bu sonuca ancak sab\u0131rl\u0131 olanlar ula\u015fabilir, yine buna ancak (erdemlerde) b\u00fcy\u00fck pay sahibi olanlar ula\u015fabilir. (Fuss\u0131let Suresi, 34-35)Sevgili Peygamberimiz Hz. Muhammed (SAV) \u201cMizanda en a\u011f\u0131r gelecek olan \u015fey G\u00fczel Ahlakt\u0131r\u201d buyuruyor. Abdullah b. Abbas: \u201cM\u00fcmin ki\u015fi bu erdemli i\u015fleri yaparsa Allah onu \u015feytan\u0131n etkilerinden korur, d\u00fc\u015fman\u0131n\u0131n dahi ona sayg\u0131 duymas\u0131n\u0131 sa\u011flar.\u201d G\u00fczel Ahlak sahibi olmak i\u00e7in edepli olmak, dinimizin tavsiye etti\u011fi kurallara kaidelere uymak, erdemli davran\u0131\u015flarda bulunmak gerekir. Bu kitap\u00e7\u0131kta G\u00fczel Ahlak sahibi b\u00fcy\u00fcklerimizin Erdemli Davran\u0131\u015flar\u0131 anlat\u0131larak, okuyucular\u0131m\u0131za; \u201cSen olsan nas\u0131l davran\u0131rd\u0131n? Sorusu soruluyor ve ni\u00e7in b\u00f6yle davranmak gerekti\u011fi izah ediliyor. Atalar\u0131m\u0131z\u0131n dedi\u011fi gibi \u201cAz yiyenin hekimle, d\u00fcz gidenin h\u00e2kimle i\u015fi olmaz\u201d Rabbim hepimize g\u00fczel ahlakl\u0131 olmay\u0131, erdemli davran\u0131\u015flarda bulunmay\u0131 ihsan eylesin. Kur\u2019an ile S\u00fcnnet ile amel etmeyi nasip etsin, istikamet \u00fczere d\u00e2im eylesin.<\/p>","protected":false},"excerpt":{"rendered":"<p>\u0130yilikle k\u00f6t\u00fcl\u00fck bir olmaz. Sen (k\u00f6t\u00fcl\u00fc\u011f\u00fc) en g\u00fczel olan davran\u0131\u015fla sav; o zaman bir de g\u00f6receksin ki seninle aran\u0131zda d\u00fc\u015fmanl\u0131k bulunan kimse kesinlikle s\u0131cak bir dost oluvermi\u015f. Bu sonuca ancak sab\u0131rl\u0131 olanlar ula\u015fabilir, yine buna ancak (erdemlerde) b\u00fcy\u00fck pay sahibi olanlar ula\u015fabilir. (Fuss\u0131let Suresi, 34-35)Sevgili Peygamberimiz Hz. Muhammed (SAV) \u201cMizanda en a\u011f\u0131r gelecek olan \u015fey [&hellip;]<\/p>\n","protected":false},"featured_media":4528,"comment_status":"closed","ping_status":"open","template":"","meta":{"inline_featured_image":false},"product_cat":[371],"product_tag":[],"class_list":{"0":"post-6051","1":"product","2":"type-product","3":"status-publish","4":"has-post-thumbnail","6":"product_cat-din-tasavvuf-kitaplari","7":"pa_boyut-135-x-195-cm","8":"pa_dil-turkce","9":"pa_sayfa-sayisi-356","10":"pa_yayin-tarihi-2-26-2024","11":"pa_yazar-mehmet-keles","13":"first","14":"instock","15":"sale","16":"purchasable","17":"product-type-simple"},"_links":{"self":[{"href":"http:\/\/www.arkaraf.com\/en\/wp-json\/wp\/v2\/product\/6051","targetHints":{"allow":["GET"]}}],"collection":[{"href":"http:\/\/www.arkaraf.com\/en\/wp-json\/wp\/v2\/product"}],"about":[{"href":"http:\/\/www.arkaraf.com\/en\/wp-json\/wp\/v2\/types\/product"}],"replies":[{"embeddable":true,"href":"http:\/\/www.arkaraf.com\/en\/wp-json\/wp\/v2\/comments?post=6051"}],"wp:featuredmedia":[{"embeddable":true,"href":"http:\/\/www.arkaraf.com\/en\/wp-json\/wp\/v2\/media\/4528"}],"wp:attachment":[{"href":"http:\/\/www.arkaraf.com\/en\/wp-json\/wp\/v2\/media?parent=6051"}],"wp:term":[{"taxonomy":"product_cat","embeddable":true,"href":"http:\/\/www.arkaraf.com\/en\/wp-json\/wp\/v2\/product_cat?post=6051"},{"taxonomy":"product_tag","embeddable":true,"href":"http:\/\/www.arkaraf.com\/en\/wp-json\/wp\/v2\/product_tag?post=6051"}],"curies":[{"name":"wp","href":"https:\/\/api.w.org\/{rel}","templated":true}]}}