{"id":6040,"date":"2025-10-16T11:45:41","date_gmt":"2025-10-16T08:45:41","guid":{"rendered":"http:\/\/www.arkaraf.com\/kitap\/baski-kurami-ya-da-psikolojinin-matematiksel-ilkeleri-tugrul-celik"},"modified":"2025-10-16T11:45:41","modified_gmt":"2025-10-16T08:45:41","slug":"baski-kurami-ya-da-psikolojinin-matematiksel-ilkeleri-tugrul-celik","status":"publish","type":"product","link":"http:\/\/www.arkaraf.com\/en\/kitap\/baski-kurami-ya-da-psikolojinin-matematiksel-ilkeleri-tugrul-celik","title":{"rendered":"Bask\u0131 Kuram\u0131 ya da Psikolojinin Matematiksel \u0130lkeleri &#8211; Tu\u011frul \u00c7elik"},"content":{"rendered":"<p>Bu yaz\u0131t \u00f6nceki yaz\u0131t\u0131n (Oyun, \u0130\u015f, \u0130stek ve Etkile\u015fim \u00dczerine) a\u00e7\u0131klay\u0131c\u0131s\u0131 niteli\u011findedir. Yaz\u0131tta bask\u0131 kuram\u0131 geni\u015fletilmi\u015f, bask\u0131 kuram\u0131 \u00fczerine ilk kurallar elde edilmi\u015ftir. Bask\u0131lar\u0131n alt t\u00fcrlerine ayr\u0131lmas\u0131 fikri olu\u015fturulmu\u015f, bunun i\u00e7in bir y\u00f6ntem sunulmu\u015ftur.<\/p>\n<p>Bask\u0131 kuram\u0131 \u0130le:<\/p>\n<p>a) ailelerin g\u00fcn\u00fcm\u00fcz oyuncaklar\u0131 ile ya\u015fad\u0131klar\u0131 sorunlar ele al\u0131nm\u0131\u015f,<br \/>\nb) \u00f6nceki yaz\u0131tta y\u00fczeysel olarak de\u011finilmi\u015f e\u015f ve i\u015f se\u00e7imi \u00fczerine daha detayl\u0131 bilgi verilmi\u015f,<br \/>\nc) mesleksel stereotip ki\u015filer ke\u015ffedilmeye \u00e7al\u0131\u015f\u0131lm\u0131\u015f,<br \/>\nd) alay \u00fczerinde durulmu\u015f,<br \/>\ne) ge\u00e7mi\u015fte ya\u015fam\u0131\u015f insanlar ve hayvanlar\u0131n kar\u015f\u0131la\u015ft\u0131klar\u0131 do\u011fal felaket\/felaketler \u00fczerine uzak bir teori ortaya at\u0131lm\u0131\u015f,<br \/>\nf) \u00f6nceden olu\u015fturulmu\u015f ko\u015fullu gelecekteki toplumun \u00f6zellikleri geni\u015fletilmi\u015ftir.<\/p>\n<p>Bask\u0131 kuram\u0131n\u0131 a\u00e7\u0131klamak i\u00e7in ilk modeller elde edilmi\u015ftir.<\/p>","protected":false},"excerpt":{"rendered":"<p>Bu yaz\u0131t \u00f6nceki yaz\u0131t\u0131n (Oyun, \u0130\u015f, \u0130stek ve Etkile\u015fim \u00dczerine) a\u00e7\u0131klay\u0131c\u0131s\u0131 niteli\u011findedir. Yaz\u0131tta bask\u0131 kuram\u0131 geni\u015fletilmi\u015f, bask\u0131 kuram\u0131 \u00fczerine ilk kurallar elde edilmi\u015ftir. Bask\u0131lar\u0131n alt t\u00fcrlerine ayr\u0131lmas\u0131 fikri olu\u015fturulmu\u015f, bunun i\u00e7in bir y\u00f6ntem sunulmu\u015ftur. Bask\u0131 kuram\u0131 \u0130le: a) ailelerin g\u00fcn\u00fcm\u00fcz oyuncaklar\u0131 ile ya\u015fad\u0131klar\u0131 sorunlar ele al\u0131nm\u0131\u015f, b) \u00f6nceki yaz\u0131tta y\u00fczeysel olarak de\u011finilmi\u015f e\u015f ve i\u015f [&hellip;]<\/p>\n","protected":false},"featured_media":4506,"comment_status":"closed","ping_status":"open","template":"","meta":{"inline_featured_image":false},"product_cat":[326],"product_tag":[],"class_list":{"0":"post-6040","1":"product","2":"type-product","3":"status-publish","4":"has-post-thumbnail","6":"product_cat-arastirma-inceleme","7":"pa_boyut-135-x-195-cm","8":"pa_dil-turkce","9":"pa_sayfa-sayisi-839","10":"pa_yayin-tarihi-2-2-2024","11":"pa_yazar-tugrul-celik","13":"first","14":"instock","15":"sale","16":"purchasable","17":"product-type-simple"},"_links":{"self":[{"href":"http:\/\/www.arkaraf.com\/en\/wp-json\/wp\/v2\/product\/6040","targetHints":{"allow":["GET"]}}],"collection":[{"href":"http:\/\/www.arkaraf.com\/en\/wp-json\/wp\/v2\/product"}],"about":[{"href":"http:\/\/www.arkaraf.com\/en\/wp-json\/wp\/v2\/types\/product"}],"replies":[{"embeddable":true,"href":"http:\/\/www.arkaraf.com\/en\/wp-json\/wp\/v2\/comments?post=6040"}],"wp:featuredmedia":[{"embeddable":true,"href":"http:\/\/www.arkaraf.com\/en\/wp-json\/wp\/v2\/media\/4506"}],"wp:attachment":[{"href":"http:\/\/www.arkaraf.com\/en\/wp-json\/wp\/v2\/media?parent=6040"}],"wp:term":[{"taxonomy":"product_cat","embeddable":true,"href":"http:\/\/www.arkaraf.com\/en\/wp-json\/wp\/v2\/product_cat?post=6040"},{"taxonomy":"product_tag","embeddable":true,"href":"http:\/\/www.arkaraf.com\/en\/wp-json\/wp\/v2\/product_tag?post=6040"}],"curies":[{"name":"wp","href":"https:\/\/api.w.org\/{rel}","templated":true}]}}