{"id":6029,"date":"2025-10-16T11:45:38","date_gmt":"2025-10-16T08:45:38","guid":{"rendered":"http:\/\/www.arkaraf.com\/kitap\/psikanalitik-arketipsel-ve-postmodern-gostergeler-cercevesinde-kamal-abdullanin-romanlari-fatih-keskin"},"modified":"2025-10-16T11:45:38","modified_gmt":"2025-10-16T08:45:38","slug":"psikanalitik-arketipsel-ve-postmodern-gostergeler-cercevesinde-kamal-abdullanin-romanlari-fatih-keskin","status":"publish","type":"product","link":"http:\/\/www.arkaraf.com\/en\/kitap\/psikanalitik-arketipsel-ve-postmodern-gostergeler-cercevesinde-kamal-abdullanin-romanlari-fatih-keskin","title":{"rendered":"Psikanalitik, Arketipsel ve Postmodern G\u00f6stergeler \u00c7er\u00e7evesinde Kamal Abdulla&#8217;n\u0131n Romanlar\u0131 &#8211; Fatih Keskin"},"content":{"rendered":"<p>Kamal Abdullan\u0131n romanlar\u0131 (b\u00fct\u00f6vl\u00fckd\u0259 b\u0259dii yarad\u0131c\u0131l\u0131\u011f\u0131) oxucunu m\u00fcxt\u0259lif cavabl\u0131 suallar qar\u015f\u0131s\u0131nda qoyur v\u0259 oxucu d\u00fc\u015f\u00fcnc\u0259sini h\u0259r\u0259k\u0259t\u0259 g\u0259tirir. M\u00fctl\u0259q h\u0259qiq\u0259td\u0259n qa\u00e7\u0131b \u201c\u00e7oxh\u0259qiq\u0259tlilik\u201d s\u0259hn\u0259l\u0259rini q\u0259l\u0259m\u0259 alan yaz\u0131\u00e7\u0131 imkan yarad\u0131r ki, bu s\u0259hn\u0259l\u0259rd\u0259 oxucu \u00f6z h\u0259qiq\u0259tini v\u0259 yaxud h\u0259qiq\u0259tl\u0259rini tapa bilsin. Fatih K\u0259skin s\u0131ravi oxucu yox, ciddi ara\u015fd\u0131rmalar aparan oxucudur. O, \u00e7a\u011fda\u015f \u0259d\u0259bi-n\u0259z\u0259ri fikr\u0259, sufizm, buddizm, freydizm, yunq\u00e7uluq v\u0259 s. kimi t\u0259liml\u0259r\u0259, \u0259n ba\u015fl\u0131cas\u0131 is\u0259 \u00f6z\u00fcn\u00fcn S\u00f6z v\u0259 S\u0259n\u0259t duyumuna arxalan\u0131b sistemli \u015f\u0259kild\u0259 Kamal Abdulla romanlar\u0131ndak\u0131 inc\u0259likl\u0259r\u0259 var\u0131r v\u0259 inand\u0131r\u0131c\u0131 fikirl\u0259r ir\u0259li s\u00fcr\u00fcr.<\/p>\n<p>Fatih K\u0259skinin b\u00f6y\u00fck z\u0259hm\u0259t v\u0259 istedad bahas\u0131na \u0259rs\u0259y\u0259 g\u0259lmi\u015f Kamal Abdulla romanlar\u0131nda struktur, m\u00f6vzu v\u0259 ideya istiqam\u0259tl\u0259ri \u0259sasl\u0131 monoqrafiyas\u0131n\u0131n \u0259d\u0259bi cami\u0259d\u0259 maraqla qar\u015f\u0131lanaca\u011f\u0131 \u015f\u0259ksiz-\u015f\u00fcbh\u0259sizdir.<\/p>\n<p>Prof. Dr. Muxtar Kaz\u0131mo\u011flu<br \/>\nAz\u0259rbaycan Milli Elml\u0259r Akademiyas\u0131<br \/>\nFolklor \u0130nstutunun Direkt\u00f6r\u00fc<\/p>","protected":false},"excerpt":{"rendered":"<p>Kamal Abdullan\u0131n romanlar\u0131 (b\u00fct\u00f6vl\u00fckd\u0259 b\u0259dii yarad\u0131c\u0131l\u0131\u011f\u0131) oxucunu m\u00fcxt\u0259lif cavabl\u0131 suallar qar\u015f\u0131s\u0131nda qoyur v\u0259 oxucu d\u00fc\u015f\u00fcnc\u0259sini h\u0259r\u0259k\u0259t\u0259 g\u0259tirir. M\u00fctl\u0259q h\u0259qiq\u0259td\u0259n qa\u00e7\u0131b \u201c\u00e7oxh\u0259qiq\u0259tlilik\u201d s\u0259hn\u0259l\u0259rini q\u0259l\u0259m\u0259 alan yaz\u0131\u00e7\u0131 imkan yarad\u0131r ki, bu s\u0259hn\u0259l\u0259rd\u0259 oxucu \u00f6z h\u0259qiq\u0259tini v\u0259 yaxud h\u0259qiq\u0259tl\u0259rini tapa bilsin. Fatih K\u0259skin s\u0131ravi oxucu yox, ciddi ara\u015fd\u0131rmalar aparan oxucudur. O, \u00e7a\u011fda\u015f \u0259d\u0259bi-n\u0259z\u0259ri fikr\u0259, sufizm, buddizm, freydizm, yunq\u00e7uluq [&hellip;]<\/p>\n","protected":false},"featured_media":4484,"comment_status":"closed","ping_status":"open","template":"","meta":{"inline_featured_image":false},"product_cat":[326],"product_tag":[],"class_list":{"0":"post-6029","1":"product","2":"type-product","3":"status-publish","4":"has-post-thumbnail","6":"product_cat-arastirma-inceleme","7":"pa_boyut-16-x-24cm","8":"pa_dil-turkce","9":"pa_sayfa-sayisi-862","10":"pa_yayin-tarihi-12-20-2023","11":"pa_yazar-fatih-keskin","13":"first","14":"instock","15":"sale","16":"purchasable","17":"product-type-simple"},"_links":{"self":[{"href":"http:\/\/www.arkaraf.com\/en\/wp-json\/wp\/v2\/product\/6029","targetHints":{"allow":["GET"]}}],"collection":[{"href":"http:\/\/www.arkaraf.com\/en\/wp-json\/wp\/v2\/product"}],"about":[{"href":"http:\/\/www.arkaraf.com\/en\/wp-json\/wp\/v2\/types\/product"}],"replies":[{"embeddable":true,"href":"http:\/\/www.arkaraf.com\/en\/wp-json\/wp\/v2\/comments?post=6029"}],"wp:featuredmedia":[{"embeddable":true,"href":"http:\/\/www.arkaraf.com\/en\/wp-json\/wp\/v2\/media\/4484"}],"wp:attachment":[{"href":"http:\/\/www.arkaraf.com\/en\/wp-json\/wp\/v2\/media?parent=6029"}],"wp:term":[{"taxonomy":"product_cat","embeddable":true,"href":"http:\/\/www.arkaraf.com\/en\/wp-json\/wp\/v2\/product_cat?post=6029"},{"taxonomy":"product_tag","embeddable":true,"href":"http:\/\/www.arkaraf.com\/en\/wp-json\/wp\/v2\/product_tag?post=6029"}],"curies":[{"name":"wp","href":"https:\/\/api.w.org\/{rel}","templated":true}]}}