{"id":6027,"date":"2025-10-16T11:45:38","date_gmt":"2025-10-16T08:45:38","guid":{"rendered":"http:\/\/www.arkaraf.com\/kitap\/suhufu-ibrahim-mim-tugrul-ibrahim-dostali"},"modified":"2025-10-16T11:45:38","modified_gmt":"2025-10-16T08:45:38","slug":"suhufu-ibrahim-mim-tugrul-ibrahim-dostali","status":"publish","type":"product","link":"http:\/\/www.arkaraf.com\/en\/kitap\/suhufu-ibrahim-mim-tugrul-ibrahim-dostali","title":{"rendered":"Suhufu \u0130brahim &#8211; Mim Tu\u011frul \u0130brahim Dostali"},"content":{"rendered":"<div class=\"comment-container\">\n<div class=\"action-comment can-view-video markeddown js-comment is-comments-rewrite\" dir=\"auto\">\n<div class=\"current-comment js-friendly-links js-open-card\">\n<p>Bu Suhuf ile Kur\u2019an-\u0131 Kerim\u2019in d\u00fc\u015fmanlar\u0131na f\u0131rsat vermek niyetimiz yok. \u0130stemeyiz de! Milattan \u00f6nce 1800 y\u0131l\u0131nda ya\u015fam\u0131\u015f, Kur\u2019an-\u0131 Kerim\u2019de bahsi ge\u00e7en Hz. \u0130brahim\u2019e inecek Suhuf\u2019un 3800 y\u0131l sonra asri g\u00fcllerin sevki ile zuhur etmi\u015f derleme bir nesridir.<\/p>\n<p>Bu eser, Kur\u2019an-\u0131 Kerim\u2019in son kitap, Hz. Muhammed\u2019in son peygamber oldu\u011fu hakikatini de\u011fi\u015ftirmez. Eseri bu a\u00e7\u0131dan de\u011ferlendirmenizi dilerim. \u00c7\u00fcnk\u00fc y\u00fcceler y\u00fccesi Mevla, bu karar\u0131 1444 y\u0131l \u00f6nce planlam\u0131\u015f.<\/p>\n<p>Bu Suhuf ve bizden sad\u0131r olmu\u015f b\u00fct\u00fcn tetebbuat Cenab\u0131 Allah\u2019a duadan ibarettir.<\/p>\n<p>Derleyen kendisini Hz. Muhammed\u2019in sahabesi olarak g\u00f6r\u00fcr. Asl\u0131nda b\u00fct\u00fcn sahabeler ayn\u0131 zamanda birbirinin sahabesidir. \u0130mam-\u0131 gazali hazretleri, \u201cled\u00fcn ilmi\u201d adl\u0131 eserinde; \u201cvahiy, Kur\u2019an-\u0131 Kerim\u2019le tamamlanm\u0131\u015f ancak ilham kap\u0131s\u0131 a\u00e7\u0131k kalm\u0131\u015ft\u0131r.\u201d buyuruyor.<\/p>\n<p>Sayg\u0131, sevgi, samimiyet, sabr-\u0131 cemil, sadakat, sorumlulukla kal\u0131n sa\u011fl\u0131cakla.<\/p>\n<p>Hayran\u0131n\u0131z sizin.<\/p>\n<\/div>\n<\/div>\n<\/div>","protected":false},"excerpt":{"rendered":"<p>Bu Suhuf ile Kur\u2019an-\u0131 Kerim\u2019in d\u00fc\u015fmanlar\u0131na f\u0131rsat vermek niyetimiz yok. \u0130stemeyiz de! Milattan \u00f6nce 1800 y\u0131l\u0131nda ya\u015fam\u0131\u015f, Kur\u2019an-\u0131 Kerim\u2019de bahsi ge\u00e7en Hz. \u0130brahim\u2019e inecek Suhuf\u2019un 3800 y\u0131l sonra asri g\u00fcllerin sevki ile zuhur etmi\u015f derleme bir nesridir. Bu eser, Kur\u2019an-\u0131 Kerim\u2019in son kitap, Hz. Muhammed\u2019in son peygamber oldu\u011fu hakikatini de\u011fi\u015ftirmez. Eseri bu a\u00e7\u0131dan de\u011ferlendirmenizi dilerim. [&hellip;]<\/p>\n","protected":false},"featured_media":4480,"comment_status":"closed","ping_status":"open","template":"","meta":{"inline_featured_image":false},"product_cat":[371],"product_tag":[],"class_list":{"0":"post-6027","1":"product","2":"type-product","3":"status-publish","4":"has-post-thumbnail","6":"product_cat-din-tasavvuf-kitaplari","7":"pa_boyut-135-x-195-cm","8":"pa_dil-turkce","9":"pa_sayfa-sayisi-856","10":"pa_yayin-tarihi-12-4-2023","11":"pa_yazar-mim-tugrul-ibrahim-dostali","13":"first","14":"instock","15":"sale","16":"purchasable","17":"product-type-simple"},"_links":{"self":[{"href":"http:\/\/www.arkaraf.com\/en\/wp-json\/wp\/v2\/product\/6027","targetHints":{"allow":["GET"]}}],"collection":[{"href":"http:\/\/www.arkaraf.com\/en\/wp-json\/wp\/v2\/product"}],"about":[{"href":"http:\/\/www.arkaraf.com\/en\/wp-json\/wp\/v2\/types\/product"}],"replies":[{"embeddable":true,"href":"http:\/\/www.arkaraf.com\/en\/wp-json\/wp\/v2\/comments?post=6027"}],"wp:featuredmedia":[{"embeddable":true,"href":"http:\/\/www.arkaraf.com\/en\/wp-json\/wp\/v2\/media\/4480"}],"wp:attachment":[{"href":"http:\/\/www.arkaraf.com\/en\/wp-json\/wp\/v2\/media?parent=6027"}],"wp:term":[{"taxonomy":"product_cat","embeddable":true,"href":"http:\/\/www.arkaraf.com\/en\/wp-json\/wp\/v2\/product_cat?post=6027"},{"taxonomy":"product_tag","embeddable":true,"href":"http:\/\/www.arkaraf.com\/en\/wp-json\/wp\/v2\/product_tag?post=6027"}],"curies":[{"name":"wp","href":"https:\/\/api.w.org\/{rel}","templated":true}]}}