{"id":6019,"date":"2025-10-16T11:45:36","date_gmt":"2025-10-16T08:45:36","guid":{"rendered":"http:\/\/www.arkaraf.com\/kitap\/ruslarin-gozunden-93-harbi-24-nisan-1877-3-mart-1878-ahmet-celik"},"modified":"2025-10-16T11:45:36","modified_gmt":"2025-10-16T08:45:36","slug":"ruslarin-gozunden-93-harbi-24-nisan-1877-3-mart-1878-ahmet-celik","status":"publish","type":"product","link":"http:\/\/www.arkaraf.com\/en\/kitap\/ruslarin-gozunden-93-harbi-24-nisan-1877-3-mart-1878-ahmet-celik","title":{"rendered":"Ruslar\u0131n G\u00f6z\u00fcnden 93 Harbi (24 Nisan 1877 \u2013 3 Mart 1878) &#8211; Ahmet \u00c7elik"},"content":{"rendered":"<p>Osmanl\u0131 Devleti i\u00e7in bir d\u00f6n\u00fcm noktas\u0131 olan 93 Harbi, meydana geldi\u011fi d\u00f6nem sebebiyle uluslararas\u0131 konjonkt\u00fcr\u00fc de etkileyen bir geli\u015fmeydi. Osmanl\u0131 Devleti\u2019ni \u00e7\u00f6k\u00fc\u015fe g\u00f6t\u00fcr\u00fcrken, uluslararas\u0131 stat\u00fckoyu bozmas\u0131 sebebiyle, Avrupa\u2019da dengeleri de etkilemi\u015fti. 93 Harbi\u2019nin \u00f6nemi sebebiyle her y\u00f6n\u00fcyle ele al\u0131n\u0131p incelenmesi de adeta bir gerekliliktir. Bu sebeple sava\u015fa, taraflardan biri ve hatta kazanan taraf olan Ruslar\u0131n g\u00f6z\u00fcyle bakmak, sava\u015f\u0131n sebebini, olaylar\u0131n geli\u015fimi ve sonucunu analiz etmemizde bize yard\u0131mc\u0131 olaca\u011f\u0131 d\u00fc\u015f\u00fcncesindeyiz. Bu sebeple \u00e7al\u0131\u015fmam\u0131zda; 93 Harbi\u2019nin, Rus bas\u0131n\u0131nda nas\u0131l ele al\u0131nd\u0131\u011f\u0131n\u0131 incelemeyi hedefledik. Sava\u015f\u0131n ba\u015f\u0131ndan sonuna kadar, yani 24 Nisan 1877 \u2013 3 Mart 1878 tarihleri aras\u0131nda, cephelerde meydana gelen olaylar\u0131n, sava\u015fla ilgili siyasi ve sosyal geli\u015fmelerin, Avrupal\u0131 g\u00fc\u00e7lerin sava\u015f s\u0131ras\u0131ndaki yakla\u015f\u0131mlar\u0131n\u0131n Ruslar taraf\u0131ndan nas\u0131l de\u011ferlendirildi\u011fini g\u00f6rmeye \u00e7al\u0131\u015ft\u0131k. Ayr\u0131ca; sava\u015f\u0131 Ruslar\u0131n g\u00f6z\u00fcnden g\u00f6rmemize yard\u0131mc\u0131 olacak \u00e7izimlere ve bu \u00e7izimlerle ilgili a\u00e7\u0131klamalara de yer verdik.<\/p>\n<p>Sadece Osmanl\u0131 Devleti\u2019ni de\u011fil, Avrupa konjonkt\u00fcr\u00fcn\u00fc de etkileyen bu m\u00fchim sava\u015fla ilgili t\u00fcm geli\u015fmeleri, Ruslar\u0131n g\u00f6z\u00fcnden g\u00f6rmek isteyecekler i\u00e7in \u00f6nemli bir kaynak.<\/p>\n<p>Prof. Dr. Rahmi DO\u011eANAY<\/p>\n<p>Osmanl\u0131 Devleti i\u00e7in \u00f6nemli bir geli\u015fme olan 93 Harbi\u2019ni ve sava\u015fla ilgili geli\u015fmeleri, T\u00fcrk literat\u00fcr\u00fc ile mukayeseli bir \u015fekilde okumak ve de\u011ferlendirmek isteyenler i\u00e7in gerekli bir \u00e7al\u0131\u015fma.<\/p>\n<p>Prof. Dr. Mehmet \u00c7EV\u0130K<\/p>","protected":false},"excerpt":{"rendered":"<p>Osmanl\u0131 Devleti i\u00e7in bir d\u00f6n\u00fcm noktas\u0131 olan 93 Harbi, meydana geldi\u011fi d\u00f6nem sebebiyle uluslararas\u0131 konjonkt\u00fcr\u00fc de etkileyen bir geli\u015fmeydi. Osmanl\u0131 Devleti\u2019ni \u00e7\u00f6k\u00fc\u015fe g\u00f6t\u00fcr\u00fcrken, uluslararas\u0131 stat\u00fckoyu bozmas\u0131 sebebiyle, Avrupa\u2019da dengeleri de etkilemi\u015fti. 93 Harbi\u2019nin \u00f6nemi sebebiyle her y\u00f6n\u00fcyle ele al\u0131n\u0131p incelenmesi de adeta bir gerekliliktir. Bu sebeple sava\u015fa, taraflardan biri ve hatta kazanan taraf olan Ruslar\u0131n [&hellip;]<\/p>\n","protected":false},"featured_media":4465,"comment_status":"closed","ping_status":"open","template":"","meta":{"inline_featured_image":false},"product_cat":[326],"product_tag":[],"class_list":{"0":"post-6019","1":"product","2":"type-product","3":"status-publish","4":"has-post-thumbnail","6":"product_cat-arastirma-inceleme","7":"pa_boyut-16-x-24cm","8":"pa_dil-turkce","9":"pa_sayfa-sayisi-842","10":"pa_yayin-tarihi-10-30-2023","11":"pa_yazar-ahmet-celik","13":"first","14":"instock","15":"sale","16":"purchasable","17":"product-type-simple"},"_links":{"self":[{"href":"http:\/\/www.arkaraf.com\/en\/wp-json\/wp\/v2\/product\/6019","targetHints":{"allow":["GET"]}}],"collection":[{"href":"http:\/\/www.arkaraf.com\/en\/wp-json\/wp\/v2\/product"}],"about":[{"href":"http:\/\/www.arkaraf.com\/en\/wp-json\/wp\/v2\/types\/product"}],"replies":[{"embeddable":true,"href":"http:\/\/www.arkaraf.com\/en\/wp-json\/wp\/v2\/comments?post=6019"}],"wp:featuredmedia":[{"embeddable":true,"href":"http:\/\/www.arkaraf.com\/en\/wp-json\/wp\/v2\/media\/4465"}],"wp:attachment":[{"href":"http:\/\/www.arkaraf.com\/en\/wp-json\/wp\/v2\/media?parent=6019"}],"wp:term":[{"taxonomy":"product_cat","embeddable":true,"href":"http:\/\/www.arkaraf.com\/en\/wp-json\/wp\/v2\/product_cat?post=6019"},{"taxonomy":"product_tag","embeddable":true,"href":"http:\/\/www.arkaraf.com\/en\/wp-json\/wp\/v2\/product_tag?post=6019"}],"curies":[{"name":"wp","href":"https:\/\/api.w.org\/{rel}","templated":true}]}}