{"id":6016,"date":"2025-10-16T11:45:36","date_gmt":"2025-10-16T08:45:36","guid":{"rendered":"http:\/\/www.arkaraf.com\/kitap\/vehhabilerin-cedeli-sufilerle-yazar-muhammed-el-hanefi-turkemani-ceviren-nurullah-badragi"},"modified":"2025-10-16T11:45:36","modified_gmt":"2025-10-16T08:45:36","slug":"vehhabilerin-cedeli-sufilerle-yazar-muhammed-el-hanefi-turkemani-ceviren-nurullah-badragi","status":"publish","type":"product","link":"http:\/\/www.arkaraf.com\/en\/kitap\/vehhabilerin-cedeli-sufilerle-yazar-muhammed-el-hanefi-turkemani-ceviren-nurullah-badragi","title":{"rendered":"Vehhabilerin Cedeli Sufilerle &#8211; Yazar: Muhammed El-Hanefi T\u00fcrkemani &#8211; \u00c7eviren: Nurullah Badra\u011fi"},"content":{"rendered":"","protected":false},"excerpt":{"rendered":"","protected":false},"featured_media":4459,"comment_status":"closed","ping_status":"open","template":"","meta":{"inline_featured_image":false},"product_cat":[371],"product_tag":[],"class_list":{"0":"post-6016","1":"product","2":"type-product","3":"status-publish","4":"has-post-thumbnail","6":"product_cat-din-tasavvuf-kitaplari","7":"pa_boyut-135-x-195-cm","8":"pa_dil-turkce","9":"pa_sayfa-sayisi-835","10":"pa_yayin-tarihi-9-18-2023","11":"pa_yazar-nurullah-badragi","13":"first","14":"instock","15":"sale","16":"purchasable","17":"product-type-simple"},"_links":{"self":[{"href":"http:\/\/www.arkaraf.com\/en\/wp-json\/wp\/v2\/product\/6016","targetHints":{"allow":["GET"]}}],"collection":[{"href":"http:\/\/www.arkaraf.com\/en\/wp-json\/wp\/v2\/product"}],"about":[{"href":"http:\/\/www.arkaraf.com\/en\/wp-json\/wp\/v2\/types\/product"}],"replies":[{"embeddable":true,"href":"http:\/\/www.arkaraf.com\/en\/wp-json\/wp\/v2\/comments?post=6016"}],"wp:featuredmedia":[{"embeddable":true,"href":"http:\/\/www.arkaraf.com\/en\/wp-json\/wp\/v2\/media\/4459"}],"wp:attachment":[{"href":"http:\/\/www.arkaraf.com\/en\/wp-json\/wp\/v2\/media?parent=6016"}],"wp:term":[{"taxonomy":"product_cat","embeddable":true,"href":"http:\/\/www.arkaraf.com\/en\/wp-json\/wp\/v2\/product_cat?post=6016"},{"taxonomy":"product_tag","embeddable":true,"href":"http:\/\/www.arkaraf.com\/en\/wp-json\/wp\/v2\/product_tag?post=6016"}],"curies":[{"name":"wp","href":"https:\/\/api.w.org\/{rel}","templated":true}]}}