{"id":6015,"date":"2025-10-16T11:45:36","date_gmt":"2025-10-16T08:45:36","guid":{"rendered":"http:\/\/www.arkaraf.com\/kitap\/ruya-gercekligi-cengiz-ibrahim-celebi"},"modified":"2025-10-16T11:45:36","modified_gmt":"2025-10-16T08:45:36","slug":"ruya-gercekligi-cengiz-ibrahim-celebi","status":"publish","type":"product","link":"http:\/\/www.arkaraf.com\/en\/kitap\/ruya-gercekligi-cengiz-ibrahim-celebi","title":{"rendered":"R\u00fcya Ger\u00e7ekli\u011fi &#8211; Cengiz \u0130brahim \u00c7elebi"},"content":{"rendered":"","protected":false},"excerpt":{"rendered":"<div class=\"comment-container\">\n<div class=\"action-comment can-view-video markeddown js-comment is-comments-rewrite\" dir=\"auto\">\n<div class=\"current-comment js-friendly-links js-open-card\">\n<p>R\u00fcya ger\u00e7ekli\u011fi kavram\u0131, r\u00fcyalar\u0131n sanal ve artt\u0131r\u0131lm\u0131\u015f ger\u00e7eklik teknolojilerinin olu\u015fturdu\u011fu insan zihni ve teknoloji karmas\u0131na deneyimsel benzerli\u011finden yola \u00e7\u0131karak olu\u015fturulmu\u015ftur.<\/p>\n<p>Bu ara\u015ft\u0131rmada, insan zihninin sanal ger\u00e7eklik \u00fcretme kapasitesiyle evrenin sanal ger\u00e7eklik \u00fcretme kapasitesi perspektifinden insan zihninin ve evrenin s\u0131n\u0131rlar\u0131 sorgulanmaktad\u0131r. Bunlar\u0131n yan\u0131nda r\u00fcyalar\u0131n gelece\u011fe d\u00f6n\u00fck bilgi kayna\u011f\u0131 olarak nas\u0131l kullan\u0131labilece\u011fiyle ilgili iddialar savunulmaktad\u0131r.<\/p>\n<p>Kitapta mutlak ger\u00e7eklikle \u00f6zde\u015fle\u015fen tanr\u0131sal mesajlar\u0131n hayattaki kar\u015f\u0131l\u0131\u011f\u0131n\u0131n ger\u00e7eklik boyutlar\u0131yla ili\u015fkisi \u00fczerinde durulmaktad\u0131r. Ayn\u0131 zamanda r\u00fcyalar, ger\u00e7ekli\u011fin farkl\u0131 bir g\u00f6r\u00fcn\u00fcm\u00fc olarak ele al\u0131nm\u0131\u015ft\u0131r. Bu ba\u011flamda mutlak ger\u00e7ekli\u011fin tezah\u00fcrleri r\u00fcya ger\u00e7ekli\u011fi dahil 19 (on dokuz) ger\u00e7eklik boyutuyla ortaya konulmu\u015ftur.<\/p>\n<p>Klasik bilimsel y\u00f6ntemle a\u00e7\u0131klanamayacak baz\u0131 fenomenlerin a\u00e7\u0131klanmas\u0131 i\u00e7in olu\u015fturulan bu eserde ana hedef; bireyler ve toplumlar i\u00e7in ger\u00e7ekle\u015fmesi olas\u0131 baz\u0131 felaketlerin \u00f6nceden anla\u015f\u0131larak gerekli tedbirlerin al\u0131nmas\u0131 i\u00e7in bir y\u00f6ntem olu\u015fturmakt\u0131r.<\/p>\n<p>\u0130deal ger\u00e7eklikteki rasyonel bir form\u00fcl nesnel ger\u00e7eklikteki bir fenomenin kar\u015f\u0131l\u0131\u011f\u0131 olabilir. \u0130nsan hayat\u0131nda veya evrende bireyi ya da toplumu etkilemesi muhtemel olaylar\u0131n form\u00fcl\u00fc de r\u00fcya ger\u00e7ekli\u011finde aranmal\u0131d\u0131r.<\/p>\n<p>Takdirinize sunulan bu eser hakikat aray\u0131\u015f\u0131n\u0131n kavramsal \u00f6zeti niteli\u011findedir.<\/p>\n<p>Selamlar ve sayg\u0131lar.<\/p>\n<\/div>\n<\/div>\n<\/div>","protected":false},"featured_media":4457,"comment_status":"closed","ping_status":"open","template":"","meta":{"inline_featured_image":false},"product_cat":[326],"product_tag":[],"class_list":{"0":"post-6015","1":"product","2":"type-product","3":"status-publish","4":"has-post-thumbnail","6":"product_cat-arastirma-inceleme","7":"pa_boyut-135-x-195-cm","8":"pa_dil-turkce","9":"pa_sayfa-sayisi-750","10":"pa_yayin-tarihi-9-26-2023","11":"pa_yazar-cengiz-ibrahim-celebi","13":"first","14":"instock","15":"sale","16":"purchasable","17":"product-type-simple"},"_links":{"self":[{"href":"http:\/\/www.arkaraf.com\/en\/wp-json\/wp\/v2\/product\/6015","targetHints":{"allow":["GET"]}}],"collection":[{"href":"http:\/\/www.arkaraf.com\/en\/wp-json\/wp\/v2\/product"}],"about":[{"href":"http:\/\/www.arkaraf.com\/en\/wp-json\/wp\/v2\/types\/product"}],"replies":[{"embeddable":true,"href":"http:\/\/www.arkaraf.com\/en\/wp-json\/wp\/v2\/comments?post=6015"}],"wp:featuredmedia":[{"embeddable":true,"href":"http:\/\/www.arkaraf.com\/en\/wp-json\/wp\/v2\/media\/4457"}],"wp:attachment":[{"href":"http:\/\/www.arkaraf.com\/en\/wp-json\/wp\/v2\/media?parent=6015"}],"wp:term":[{"taxonomy":"product_cat","embeddable":true,"href":"http:\/\/www.arkaraf.com\/en\/wp-json\/wp\/v2\/product_cat?post=6015"},{"taxonomy":"product_tag","embeddable":true,"href":"http:\/\/www.arkaraf.com\/en\/wp-json\/wp\/v2\/product_tag?post=6015"}],"curies":[{"name":"wp","href":"https:\/\/api.w.org\/{rel}","templated":true}]}}