{"id":6010,"date":"2025-10-16T11:45:34","date_gmt":"2025-10-16T08:45:34","guid":{"rendered":"http:\/\/www.arkaraf.com\/kitap\/12-eylul-mudahalesi-ezberler-ve-gercekler-metin-sevil"},"modified":"2025-10-16T11:45:34","modified_gmt":"2025-10-16T08:45:34","slug":"12-eylul-mudahalesi-ezberler-ve-gercekler-metin-sevil","status":"publish","type":"product","link":"http:\/\/www.arkaraf.com\/en\/kitap\/12-eylul-mudahalesi-ezberler-ve-gercekler-metin-sevil","title":{"rendered":"12 Eyl\u00fcl M\u00fcdahalesi &#8211; Ezberler ve Ger\u00e7ekler &#8211; Metin Sevil"},"content":{"rendered":"<div class=\"comment-container\">\n<div class=\"action-comment can-view-video markeddown js-comment is-comments-rewrite\" dir=\"auto\">\n<div class=\"current-comment js-friendly-links js-open-card\">\n<p>En net gibi g\u00f6r\u00fcnen olayla ilgili bile kar\u015f\u0131t g\u00f6r\u00fc\u015f okunmal\u0131. Belki milyonlarca ki\u015fi ile birlikte, sadece ezberden ibaret olan bir slogan\u0131 seslendiriyorsunuzdur.<\/p>\n<p>Herhangi bir ki\u015fi, olay veya konu hakk\u0131nda istedi\u011finizi d\u00fc\u015f\u00fcnebilirsiniz. Ama makul ve mant\u0131kl\u0131 olan, sadece kulaktan dolma \u015fehir efsaneleri, ezberler ve sloganlar ile de\u011fil de eldeki imkanlar \u00f6l\u00e7\u00fcs\u00fcnde ara\u015ft\u0131rarak savunmak de\u011fil midir her neyi savunacaksan\u0131z?<\/p>\n<p>Bu kitapta; 12 Eyl\u00fcl M\u00fcdahalesi ve Kenan Evren hakk\u0131nda, \u00e7o\u011fu m\u00fcdahaleden sonra zuhur eden ve en \u00e7ok \u00f6ne \u00e7\u0131kan\/en bilinen ele\u015ftirel s\u00f6ylemler 10 ba\u015fl\u0131k alt\u0131nda madde madde tahlil edilmi\u015ftir.<\/p>\n<p>Ba\u011flam\u0131ndan kopar\u0131l\u0131p \u00e7arp\u0131t\u0131lan s\u00f6zler, idam edilen mazlum(!) gen\u00e7ler, ya\u015f\u0131 b\u00fcy\u00fclt\u00fcl\u00fcp(!) idam edilen gen\u00e7ler, Amerikanc\u0131 darbe, \u015fartlar\u0131n olgunla\u015fmas\u0131n\u0131n beklenmesi meselesi, m\u00fcdahaleye zemin haz\u0131rlamak i\u00e7in bilerek anar\u015fiye engel olmama ve hatta k\u00f6r\u00fckleme meselesi, s\u0131k\u0131y\u00f6netime ra\u011fmen neden anar\u015finin \u00f6nlenemedi\u011fi, bir Amerikal\u0131 yetkilinin &#8220;Bizim \u00e7ocuklar ba\u015fard\u0131&#8221; dedi\u011fi iddias\u0131, &#8220;Asmayal\u0131m da besleyelim mi?&#8221; s\u00f6z\u00fc, &#8220;12 Eyl\u00fcl PKK&#8217;y\u0131 do\u011furdu&#8221; iddias\u0131, bir sa\u011flan bir soldan meselesi, 11 Eyl\u00fcl g\u00fcn\u00fc oluk oluk akan kan\u0131n 12 Eyl\u00fcl g\u00fcn\u00fc nas\u0131l birden duruverdi\u011fi iddias\u0131 ve sorusu, hapishanelerdeki i\u015fkence ve k\u00f6t\u00fc muamele konular\u0131 irdelenmi\u015ftir.<\/p>\n<\/div>\n<\/div>\n<\/div>","protected":false},"excerpt":{"rendered":"<p>En net gibi g\u00f6r\u00fcnen olayla ilgili bile kar\u015f\u0131t g\u00f6r\u00fc\u015f okunmal\u0131. Belki milyonlarca ki\u015fi ile birlikte, sadece ezberden ibaret olan bir slogan\u0131 seslendiriyorsunuzdur. Herhangi bir ki\u015fi, olay veya konu hakk\u0131nda istedi\u011finizi d\u00fc\u015f\u00fcnebilirsiniz. Ama makul ve mant\u0131kl\u0131 olan, sadece kulaktan dolma \u015fehir efsaneleri, ezberler ve sloganlar ile de\u011fil de eldeki imkanlar \u00f6l\u00e7\u00fcs\u00fcnde ara\u015ft\u0131rarak savunmak de\u011fil midir her [&hellip;]<\/p>\n","protected":false},"featured_media":4447,"comment_status":"closed","ping_status":"open","template":"","meta":{"inline_featured_image":false},"product_cat":[810],"product_tag":[],"class_list":{"0":"post-6010","1":"product","2":"type-product","3":"status-publish","4":"has-post-thumbnail","6":"product_cat-siyaset","7":"pa_boyut-135-x-195-cm","8":"pa_dil-turkce","9":"pa_sayfa-sayisi-476","10":"pa_yayin-tarihi-5-10-2024","11":"pa_yazar-metin-sevil","13":"first","14":"instock","15":"sale","16":"purchasable","17":"product-type-simple"},"_links":{"self":[{"href":"http:\/\/www.arkaraf.com\/en\/wp-json\/wp\/v2\/product\/6010","targetHints":{"allow":["GET"]}}],"collection":[{"href":"http:\/\/www.arkaraf.com\/en\/wp-json\/wp\/v2\/product"}],"about":[{"href":"http:\/\/www.arkaraf.com\/en\/wp-json\/wp\/v2\/types\/product"}],"replies":[{"embeddable":true,"href":"http:\/\/www.arkaraf.com\/en\/wp-json\/wp\/v2\/comments?post=6010"}],"wp:featuredmedia":[{"embeddable":true,"href":"http:\/\/www.arkaraf.com\/en\/wp-json\/wp\/v2\/media\/4447"}],"wp:attachment":[{"href":"http:\/\/www.arkaraf.com\/en\/wp-json\/wp\/v2\/media?parent=6010"}],"wp:term":[{"taxonomy":"product_cat","embeddable":true,"href":"http:\/\/www.arkaraf.com\/en\/wp-json\/wp\/v2\/product_cat?post=6010"},{"taxonomy":"product_tag","embeddable":true,"href":"http:\/\/www.arkaraf.com\/en\/wp-json\/wp\/v2\/product_tag?post=6010"}],"curies":[{"name":"wp","href":"https:\/\/api.w.org\/{rel}","templated":true}]}}