{"id":5996,"date":"2025-10-16T11:45:32","date_gmt":"2025-10-16T08:45:32","guid":{"rendered":"http:\/\/www.arkaraf.com\/kitap\/0-12-yas-korkularina-cozum-pedagog-oznur-simav"},"modified":"2025-10-16T11:45:32","modified_gmt":"2025-10-16T08:45:32","slug":"0-12-yas-korkularina-cozum-pedagog-oznur-simav","status":"publish","type":"product","link":"http:\/\/www.arkaraf.com\/en\/kitap\/0-12-yas-korkularina-cozum-pedagog-oznur-simav","title":{"rendered":"0-12 Ya\u015f Korkular\u0131na \u00c7\u00f6z\u00fcm &#8211; Pedagog \u00d6znur Simav"},"content":{"rendered":"<p>\u00c7ocuklar\u0131n\u0131z\u0131n korkular\u0131 ve kayg\u0131lar\u0131 ile kendinizi \u00e7aresiz hissetti\u011finiz anlar oldu mu? Herkesin \u2018\u2019evet, evet\u2019\u2019 dedi\u011fini duyar gibiyim.<\/p>\n<p>O kayg\u0131y\u0131 atlatt\u0131k, ama \u015fimdi de bunlardan korkuyor, ne yapaca\u011f\u0131m\u0131z\u0131 \u015fa\u015f\u0131rd\u0131k gibi aile i\u00e7i konu\u015fmalar\u0131, \u00f6\u011fretmen, rehberlik servisi ile g\u00f6r\u00fc\u015fmeleri mutlaka ya\u015fam\u0131\u015fs\u0131n\u0131zd\u0131r. Bu konuda neler yap\u0131labilir? Konusunda yay\u0131nlanm\u0131\u015f bir kitaba rastlayamad\u0131m. Olsa da bu anlat\u0131m benim tarz\u0131m\u2026<\/p>\n<p>Herkesin rahatl\u0131kla anlayabilece\u011fi, g\u00fcnl\u00fck dilde yazd\u0131\u011f\u0131m bu kitapta okuduklar\u0131n\u0131z ile yeni bir yakla\u015f\u0131m i\u00e7inde olaca\u011f\u0131n\u0131z\u0131 d\u00fc\u015f\u00fcn\u00fcyorum. Hatta yeni teknikleri de kendinizin \u00fcretebilece\u011fini\u2026 Yazd\u0131klar\u0131m, bu alan mezunu olmam ve her g\u00fcn \u00fczerine yeni bilgiler, uzun zamanlar\u0131n deneyimleri, bire bir uygulad\u0131\u011f\u0131m tekniklerin sonu\u00e7lar\u0131 ile olu\u015fturuldu.<\/p>\n<p>Kitab\u0131m\u0131n i\u00e7eri\u011finde, 0 ya\u015ftan ba\u015flayarak, 12 ya\u015fa kadar bebek ve \u00e7ocuklar\u0131n ya\u015fad\u0131klar\u0131 duygusal sorunlardan olan, kayg\u0131 ve korkular odak olarak yer al\u0131yor. Korku ve kayg\u0131larla ili\u015fkili olan \u00f6zg\u00fcven konusuna da \u00e7ok\u00e7a yer vermi\u015f oldum. \u00d6rne\u011fin, 5 ya\u015f\u0131nda en \u00e7ok rastlanan korkular nelerdir ve biz ebeveyn olarak nas\u0131l \u00e7\u00f6z\u00fcm buluruz? 7 ya\u015f\u0131nda\u2026 9 ya\u015f\u0131nda gibi korkular\u0131n olu\u015fmas\u0131n\u0131 nas\u0131l engelleyebiliriz den, yani koruyucu olma durumundan ba\u015flayarak, olu\u015fmu\u015f durumlarda neler yapabiliriz, nas\u0131l \u00e7\u00f6z\u00fcm bulabiliriz? Ebeveyn olarak, \u00e7ocu\u011fumuza nas\u0131l yard\u0131mc\u0131 olabiliriz?<\/p>\n<p>Bebeklik korkular\u0131ndan, aylara g\u00f6re nelerin g\u00f6zlenebildi\u011fini, nas\u0131l kar\u015f\u0131lamam\u0131z gerekti\u011fini, ya\u015flar ilerledik\u00e7e hangi korkular\u0131n g\u00f6r\u00fclebildi\u011fini, yakla\u015f\u0131k olarak, hangi ya\u015flar\u0131 kapsad\u0131\u011f\u0131n\u0131, ya\u015flara g\u00f6re gruplayarak yazd\u0131m. \u00c7\u00f6z\u00fcmlere \u00f6rnekler ve olmas\u0131 gereken davran\u0131\u015flar\u0131, nelere dikkat etmemiz gerekti\u011fini, ili\u015fkilerimizi ve \u00e7ocu\u011fumuzla do\u011fru ileti\u015fim i\u00e7inde nas\u0131l olmam\u0131z gerekti\u011fini a\u00e7\u0131klad\u0131m.<\/p>\n<p>Faydal\u0131 olmas\u0131n\u0131 \u00fcmit ederek, iyi okumalar diliyorum. Geri bildirimleriniz, \u00f6nerileriniz, beklentileriniz benim i\u00e7in \u00e7ok de\u011ferli\u2026<\/p>\n<p>Sevgiyle mutlu kal\u0131n.<\/p>\n<p>\u00d6znur Simav<br \/>\nPedagog<\/p>","protected":false},"excerpt":{"rendered":"<p>\u00c7ocuklar\u0131n\u0131z\u0131n korkular\u0131 ve kayg\u0131lar\u0131 ile kendinizi \u00e7aresiz hissetti\u011finiz anlar oldu mu? Herkesin \u2018\u2019evet, evet\u2019\u2019 dedi\u011fini duyar gibiyim. O kayg\u0131y\u0131 atlatt\u0131k, ama \u015fimdi de bunlardan korkuyor, ne yapaca\u011f\u0131m\u0131z\u0131 \u015fa\u015f\u0131rd\u0131k gibi aile i\u00e7i konu\u015fmalar\u0131, \u00f6\u011fretmen, rehberlik servisi ile g\u00f6r\u00fc\u015fmeleri mutlaka ya\u015fam\u0131\u015fs\u0131n\u0131zd\u0131r. Bu konuda neler yap\u0131labilir? Konusunda yay\u0131nlanm\u0131\u015f bir kitaba rastlayamad\u0131m. Olsa da bu anlat\u0131m benim tarz\u0131m\u2026 Herkesin [&hellip;]<\/p>\n","protected":false},"featured_media":4419,"comment_status":"closed","ping_status":"open","template":"","meta":{"inline_featured_image":false},"product_cat":[326],"product_tag":[],"class_list":{"0":"post-5996","1":"product","2":"type-product","3":"status-publish","4":"has-post-thumbnail","6":"product_cat-arastirma-inceleme","7":"pa_boyut-135-x-195-cm","8":"pa_dil-turkce","9":"pa_sayfa-sayisi-430","10":"pa_yayin-tarihi-3-28-2023","11":"pa_yazar-pedagog-oznur-simav","13":"first","14":"instock","15":"sale","16":"purchasable","17":"product-type-simple"},"_links":{"self":[{"href":"http:\/\/www.arkaraf.com\/en\/wp-json\/wp\/v2\/product\/5996","targetHints":{"allow":["GET"]}}],"collection":[{"href":"http:\/\/www.arkaraf.com\/en\/wp-json\/wp\/v2\/product"}],"about":[{"href":"http:\/\/www.arkaraf.com\/en\/wp-json\/wp\/v2\/types\/product"}],"replies":[{"embeddable":true,"href":"http:\/\/www.arkaraf.com\/en\/wp-json\/wp\/v2\/comments?post=5996"}],"wp:featuredmedia":[{"embeddable":true,"href":"http:\/\/www.arkaraf.com\/en\/wp-json\/wp\/v2\/media\/4419"}],"wp:attachment":[{"href":"http:\/\/www.arkaraf.com\/en\/wp-json\/wp\/v2\/media?parent=5996"}],"wp:term":[{"taxonomy":"product_cat","embeddable":true,"href":"http:\/\/www.arkaraf.com\/en\/wp-json\/wp\/v2\/product_cat?post=5996"},{"taxonomy":"product_tag","embeddable":true,"href":"http:\/\/www.arkaraf.com\/en\/wp-json\/wp\/v2\/product_tag?post=5996"}],"curies":[{"name":"wp","href":"https:\/\/api.w.org\/{rel}","templated":true}]}}