{"id":5967,"date":"2025-10-16T11:44:23","date_gmt":"2025-10-16T08:44:23","guid":{"rendered":"http:\/\/www.arkaraf.com\/kitap\/yalin-maliyet-muhasebesi-dr-cemil-tartan"},"modified":"2025-10-16T11:44:24","modified_gmt":"2025-10-16T08:44:24","slug":"yalin-maliyet-muhasebesi-dr-cemil-tartan","status":"publish","type":"product","link":"http:\/\/www.arkaraf.com\/en\/kitap\/yalin-maliyet-muhasebesi-dr-cemil-tartan","title":{"rendered":"Yal\u0131n Maliyet Muhasebesi &#8211; Dr. Cemil Tartan"},"content":{"rendered":"<p>G\u00fcn\u00fcm\u00fczde giderek artan rekabet\u00e7i pazar\u0131nda i\u015fletmelerin ba\u015far\u0131y\u0131 s\u00fcrd\u00fcrmeleri i\u00e7in \u00fcretimi artt\u0131rmak, \u00fcrettikleri \u00fcr\u00fcnlerin maliyetlerini d\u00fc\u015f\u00fcrebilmek, \u00fcretimdeki esnekli\u011fi ve karl\u0131l\u0131klar\u0131n\u0131 artt\u0131r\u0131p m\u00fc\u015fterileri i\u00e7in de\u011fer yaratmak gibi nedenlerden dolay\u0131 yal\u0131n d\u00fc\u015f\u00fcnceye olan ilgi giderek artmaktad\u0131r. Yal\u0131n felsefesi g\u00fcn\u00fcm\u00fczde i\u015fletmelerce giderek artan h\u0131zda kullan\u0131lmaya ba\u015flam\u0131\u015ft\u0131r. Bu kitab\u0131m\u0131zda yal\u0131n maliyet muhasebesinin i\u015fletmeye olan katk\u0131lar\u0131n\u0131 ve geleneksel maliyet muhasebesi aras\u0131ndaki farklar\u0131 inceledik.<\/p>","protected":false},"excerpt":{"rendered":"<p>G\u00fcn\u00fcm\u00fczde giderek artan rekabet\u00e7i pazar\u0131nda i\u015fletmelerin ba\u015far\u0131y\u0131 s\u00fcrd\u00fcrmeleri i\u00e7in \u00fcretimi artt\u0131rmak, \u00fcrettikleri \u00fcr\u00fcnlerin maliyetlerini d\u00fc\u015f\u00fcrebilmek, \u00fcretimdeki esnekli\u011fi ve karl\u0131l\u0131klar\u0131n\u0131 artt\u0131r\u0131p m\u00fc\u015fterileri i\u00e7in de\u011fer yaratmak gibi nedenlerden dolay\u0131 yal\u0131n d\u00fc\u015f\u00fcnceye olan ilgi giderek artmaktad\u0131r. Yal\u0131n felsefesi g\u00fcn\u00fcm\u00fczde i\u015fletmelerce giderek artan h\u0131zda kullan\u0131lmaya ba\u015flam\u0131\u015ft\u0131r. Bu kitab\u0131m\u0131zda yal\u0131n maliyet muhasebesinin i\u015fletmeye olan katk\u0131lar\u0131n\u0131 ve geleneksel maliyet muhasebesi aras\u0131ndaki [&hellip;]<\/p>\n","protected":false},"featured_media":4360,"comment_status":"closed","ping_status":"open","template":"","meta":{"inline_featured_image":false},"product_cat":[759],"product_tag":[],"class_list":{"0":"post-5967","1":"product","2":"type-product","3":"status-publish","4":"has-post-thumbnail","6":"product_cat-ekonomi","7":"pa_boyut-135-x-195-cm","8":"pa_dil-turkce","9":"pa_sayfa-sayisi-385","10":"pa_yayin-tarihi-10-24-2022","11":"pa_yazar-dr-cemil-tartan","13":"first","14":"instock","15":"sale","16":"purchasable","17":"product-type-simple"},"_links":{"self":[{"href":"http:\/\/www.arkaraf.com\/en\/wp-json\/wp\/v2\/product\/5967","targetHints":{"allow":["GET"]}}],"collection":[{"href":"http:\/\/www.arkaraf.com\/en\/wp-json\/wp\/v2\/product"}],"about":[{"href":"http:\/\/www.arkaraf.com\/en\/wp-json\/wp\/v2\/types\/product"}],"replies":[{"embeddable":true,"href":"http:\/\/www.arkaraf.com\/en\/wp-json\/wp\/v2\/comments?post=5967"}],"wp:featuredmedia":[{"embeddable":true,"href":"http:\/\/www.arkaraf.com\/en\/wp-json\/wp\/v2\/media\/4360"}],"wp:attachment":[{"href":"http:\/\/www.arkaraf.com\/en\/wp-json\/wp\/v2\/media?parent=5967"}],"wp:term":[{"taxonomy":"product_cat","embeddable":true,"href":"http:\/\/www.arkaraf.com\/en\/wp-json\/wp\/v2\/product_cat?post=5967"},{"taxonomy":"product_tag","embeddable":true,"href":"http:\/\/www.arkaraf.com\/en\/wp-json\/wp\/v2\/product_tag?post=5967"}],"curies":[{"name":"wp","href":"https:\/\/api.w.org\/{rel}","templated":true}]}}